{"id":1666,"date":"2026-01-15T19:14:04","date_gmt":"2026-01-15T18:14:04","guid":{"rendered":"https:\/\/kamme-lee.com\/careers\/"},"modified":"2026-01-28T11:48:54","modified_gmt":"2026-01-28T10:48:54","slug":"careers","status":"publish","type":"page","link":"https:\/\/kamme-lee.com\/da\/careers\/","title":{"rendered":"Karriere"},"content":{"rendered":"<div class=\"wp-block-columns alignfull is-layout-flex wp-container-core-columns-is-layout-28f84493 wp-block-columns-is-layout-flex\">\n<div class=\"wp-block-column is-layout-flow wp-block-column-is-layout-flow\">\n<p class=\"has-text-align-center has-small-font-size\"><mark style=\"background-color:rgba(0, 0, 0, 0)\" class=\"has-inline-color has-custom-golden-color-color\"><strong>Karriere <\/strong><\/mark><\/p>\n\n\n\n<h1 class=\"wp-block-heading has-text-align-center\"><strong>Join Vores <mark style=\"background-color:rgba(0, 0, 0, 0)\" class=\"has-inline-color has-custom-golden-color-color\">Voksende <\/mark>Team <\/strong><\/h1>\n\n\n\n<p class=\"has-text-align-center\"><strong>Vi leder altid efter talentfulde personer, der deler vores passion for teknologi og forretningstransformation. Udforsk muligheder for at g\u00f8re en forskel.<\/strong><\/p>\n<\/div>\n<\/div>\n\n\n\n<div class=\"wp-block-columns alignfull is-layout-flex wp-container-core-columns-is-layout-cad298ab wp-block-columns-is-layout-flex\" style=\"padding-right:var(--wp--preset--spacing--60);padding-left:var(--wp--preset--spacing--60)\">\n<div class=\"wp-block-column is-layout-flow wp-block-column-is-layout-flow\">\n<div class=\"wp-block-group has-global-padding is-layout-constrained wp-block-group-is-layout-constrained\">\n<div class=\"wp-block-columns alignfull is-layout-flex wp-container-core-columns-is-layout-28f84493 wp-block-columns-is-layout-flex\">\n<div class=\"wp-block-column is-layout-flow wp-block-column-is-layout-flow\">\n<p class=\"has-custom-golden-color-color has-text-color has-link-color has-small-font-size wp-elements-7e922a51db2c4793f32c76c90a3f0b80\"><strong>Hvorfor v\u00e6lge os?<\/strong><\/p>\n<\/div>\n<\/div>\n\n\n\n<h2 class=\"wp-block-heading alignfull\"><strong>Kickstart Din Karriere&nbsp;<mark style=\"background-color:rgba(0, 0, 0, 0)\" class=\"has-inline-color has-custom-golden-color-color\">Med Os<\/mark><\/strong><\/h2>\n\n\n\n<div class=\"wp-block-columns alignfull is-layout-flex wp-container-core-columns-is-layout-28f84493 wp-block-columns-is-layout-flex\">\n<div class=\"wp-block-column is-layout-flow wp-block-column-is-layout-flow\">\n<p>Hos Kamme Lee Consulting tror vi p\u00e5, at vores medarbejdere er vores st\u00f8rste aktiv. Vi fremmer en kultur af innovation, samarbejde og kontinuerlig l\u00e6ring, hvor hvert teammedlem kan trives og g\u00f8re en meningsfuld forskel.<\/p>\n<\/div>\n<\/div>\n\n\n\n<div class=\"wp-block-columns alignfull is-layout-flex wp-container-core-columns-is-layout-28f84493 wp-block-columns-is-layout-flex\">\n<div class=\"wp-block-column is-layout-flow wp-block-column-is-layout-flow\">\n<div class=\"wp-block-media-text\" style=\"grid-template-columns:15% auto\"><figure class=\"wp-block-media-text__media\"><img decoding=\"async\" src=\"https:\/\/kamme-lee.com\/wp-content\/uploads\/2025\/02\/check_gold.svg\" alt=\"\" class=\"wp-image-1280 size-full\"\/><\/figure><div class=\"wp-block-media-text__content\">\n<p>Konkurrencedygtig l\u00f8n og goder<\/p>\n<\/div><\/div>\n<\/div>\n\n\n\n<div class=\"wp-block-column is-layout-flow wp-block-column-is-layout-flow\">\n<div class=\"wp-block-media-text\" style=\"grid-template-columns:15% auto\"><figure class=\"wp-block-media-text__media\"><img decoding=\"async\" src=\"https:\/\/kamme-lee.com\/wp-content\/uploads\/2025\/02\/check_gold.svg\" alt=\"\" class=\"wp-image-1280 size-full\"\/><\/figure><div class=\"wp-block-media-text__content\">\n<p>Fleksible arbejdsordninger<\/p>\n<\/div><\/div>\n<\/div>\n<\/div>\n\n\n\n<div class=\"wp-block-columns alignfull is-layout-flex wp-container-core-columns-is-layout-28f84493 wp-block-columns-is-layout-flex\">\n<div class=\"wp-block-column is-layout-flow wp-block-column-is-layout-flow\">\n<div class=\"wp-block-media-text\" style=\"grid-template-columns:15% auto\"><figure class=\"wp-block-media-text__media\"><img decoding=\"async\" src=\"https:\/\/kamme-lee.com\/wp-content\/uploads\/2025\/02\/check_gold.svg\" alt=\"\" class=\"wp-image-1280 size-full\"\/><\/figure><div class=\"wp-block-media-text__content\">\n<p>Professionelle udviklingsmuligheder<\/p>\n<\/div><\/div>\n<\/div>\n\n\n\n<div class=\"wp-block-column is-layout-flow wp-block-column-is-layout-flow\">\n<div class=\"wp-block-media-text\" style=\"grid-template-columns:15% auto\"><figure class=\"wp-block-media-text__media\"><img decoding=\"async\" src=\"https:\/\/kamme-lee.com\/wp-content\/uploads\/2025\/02\/check_gold.svg\" alt=\"\" class=\"wp-image-1280 size-full\"\/><\/figure><div class=\"wp-block-media-text__content\">\n<p>Samarbejdende og innovativt milj\u00f8<\/p>\n<\/div><\/div>\n<\/div>\n<\/div>\n\n\n\n<div class=\"wp-block-columns alignfull is-layout-flex wp-container-core-columns-is-layout-28f84493 wp-block-columns-is-layout-flex\">\n<div class=\"wp-block-column is-layout-flow wp-block-column-is-layout-flow\">\n<div class=\"wp-block-media-text\" style=\"grid-template-columns:15% auto\"><figure class=\"wp-block-media-text__media\"><img decoding=\"async\" src=\"https:\/\/kamme-lee.com\/wp-content\/uploads\/2025\/02\/check_gold.svg\" alt=\"\" class=\"wp-image-1280 size-full\"\/><\/figure><div class=\"wp-block-media-text__content\">\n<p>Arbejd med cutting-edge teknologi<\/p>\n<\/div><\/div>\n<\/div>\n\n\n\n<div class=\"wp-block-column is-layout-flow wp-block-column-is-layout-flow\">\n<div class=\"wp-block-media-text\" style=\"grid-template-columns:15% auto\"><figure class=\"wp-block-media-text__media\"><img decoding=\"async\" src=\"https:\/\/kamme-lee.com\/wp-content\/uploads\/2025\/02\/check_gold.svg\" alt=\"\" class=\"wp-image-1280 size-full\"\/><\/figure><div class=\"wp-block-media-text__content\">\n<p>Internationalt projekteksponering<\/p>\n<\/div><\/div>\n<\/div>\n<\/div>\n<\/div>\n<\/div>\n\n\n\n<div class=\"wp-block-column is-layout-flow wp-container-core-column-is-layout-92d440f1 wp-block-column-is-layout-flow\" style=\"padding-top:0;padding-bottom:0\">\n<div class=\"wp-block-media-text\" style=\"grid-template-columns:22% auto\"><figure class=\"wp-block-media-text__media\"><img data-recalc-dims=\"1\" loading=\"lazy\" decoding=\"async\" width=\"1024\" height=\"683\" src=\"https:\/\/i0.wp.com\/kamme-lee.com\/wp-content\/uploads\/2025\/02\/results_driven_transparent.png?resize=1024%2C683&#038;ssl=1\" alt=\"\" class=\"wp-image-1302 size-full\" srcset=\"https:\/\/i0.wp.com\/kamme-lee.com\/wp-content\/uploads\/2025\/02\/results_driven_transparent.png?resize=1024%2C683&amp;ssl=1 1024w, https:\/\/i0.wp.com\/kamme-lee.com\/wp-content\/uploads\/2025\/02\/results_driven_transparent.png?resize=300%2C200&amp;ssl=1 300w, https:\/\/i0.wp.com\/kamme-lee.com\/wp-content\/uploads\/2025\/02\/results_driven_transparent.png?resize=768%2C512&amp;ssl=1 768w, https:\/\/i0.wp.com\/kamme-lee.com\/wp-content\/uploads\/2025\/02\/results_driven_transparent.png?resize=18%2C12&amp;ssl=1 18w, https:\/\/i0.wp.com\/kamme-lee.com\/wp-content\/uploads\/2025\/02\/results_driven_transparent.png?resize=1320%2C880&amp;ssl=1 1320w, https:\/\/i0.wp.com\/kamme-lee.com\/wp-content\/uploads\/2025\/02\/results_driven_transparent.png?resize=600%2C400&amp;ssl=1 600w, https:\/\/i0.wp.com\/kamme-lee.com\/wp-content\/uploads\/2025\/02\/results_driven_transparent.png?w=1536&amp;ssl=1 1536w\" sizes=\"auto, (max-width: 1000px) 100vw, 1000px\" \/><\/figure><div class=\"wp-block-media-text__content\">\n<h2 class=\"wp-block-heading\">Balance til at Pr\u00e6stere<\/h2>\n\n\n\n<p>Vi tror, at det bedste arbejde kommer fra balancerede liv. Fleksible arbejdsvaner, tillid og b\u00e6redygtige arbejdsbyrder hj\u00e6lper dig med at forblive motiveret, kreativ og energisk \u2014 b\u00e5de p\u00e5 arbejdet og uden for det.<\/p>\n<\/div><\/div>\n\n\n\n<div class=\"wp-block-media-text\" style=\"grid-template-columns:22% auto\"><figure class=\"wp-block-media-text__media\"><img data-recalc-dims=\"1\" loading=\"lazy\" decoding=\"async\" width=\"1024\" height=\"683\" src=\"https:\/\/i0.wp.com\/kamme-lee.com\/wp-content\/uploads\/2026\/01\/Kundecentreret-ikon-med-gylden-skjold.png?resize=1024%2C683&#038;ssl=1\" alt=\"\" class=\"wp-image-1288 size-full\" srcset=\"https:\/\/i0.wp.com\/kamme-lee.com\/wp-content\/uploads\/2026\/01\/Kundecentreret-ikon-med-gylden-skjold.png?resize=1024%2C683&amp;ssl=1 1024w, https:\/\/i0.wp.com\/kamme-lee.com\/wp-content\/uploads\/2026\/01\/Kundecentreret-ikon-med-gylden-skjold.png?resize=300%2C200&amp;ssl=1 300w, https:\/\/i0.wp.com\/kamme-lee.com\/wp-content\/uploads\/2026\/01\/Kundecentreret-ikon-med-gylden-skjold.png?resize=768%2C512&amp;ssl=1 768w, https:\/\/i0.wp.com\/kamme-lee.com\/wp-content\/uploads\/2026\/01\/Kundecentreret-ikon-med-gylden-skjold.png?resize=18%2C12&amp;ssl=1 18w, https:\/\/i0.wp.com\/kamme-lee.com\/wp-content\/uploads\/2026\/01\/Kundecentreret-ikon-med-gylden-skjold.png?resize=1320%2C880&amp;ssl=1 1320w, https:\/\/i0.wp.com\/kamme-lee.com\/wp-content\/uploads\/2026\/01\/Kundecentreret-ikon-med-gylden-skjold.png?resize=600%2C400&amp;ssl=1 600w, https:\/\/i0.wp.com\/kamme-lee.com\/wp-content\/uploads\/2026\/01\/Kundecentreret-ikon-med-gylden-skjold.png?w=1536&amp;ssl=1 1536w\" sizes=\"auto, (max-width: 1000px) 100vw, 1000px\" \/><\/figure><div class=\"wp-block-media-text__content\">\n<h2 class=\"wp-block-heading\">Team-Centreret<\/h2>\n\n\n\n<p>Vi tror, at gode resultater kommer fra gode mennesker. Vi arbejder samarbejdende, st\u00f8tter hinanden og vokser sammen som et samlet team.<\/p>\n<\/div><\/div>\n\n\n\n<div class=\"wp-block-media-text\" style=\"grid-template-columns:22% auto\"><figure class=\"wp-block-media-text__media\"><img data-recalc-dims=\"1\" loading=\"lazy\" decoding=\"async\" width=\"1024\" height=\"683\" src=\"https:\/\/i0.wp.com\/kamme-lee.com\/wp-content\/uploads\/2025\/02\/excellence_transparent.png?resize=1024%2C683&#038;ssl=1\" alt=\"\" class=\"wp-image-1303 size-full\" srcset=\"https:\/\/i0.wp.com\/kamme-lee.com\/wp-content\/uploads\/2025\/02\/excellence_transparent.png?resize=1024%2C683&amp;ssl=1 1024w, https:\/\/i0.wp.com\/kamme-lee.com\/wp-content\/uploads\/2025\/02\/excellence_transparent.png?resize=300%2C200&amp;ssl=1 300w, https:\/\/i0.wp.com\/kamme-lee.com\/wp-content\/uploads\/2025\/02\/excellence_transparent.png?resize=768%2C512&amp;ssl=1 768w, https:\/\/i0.wp.com\/kamme-lee.com\/wp-content\/uploads\/2025\/02\/excellence_transparent.png?resize=18%2C12&amp;ssl=1 18w, https:\/\/i0.wp.com\/kamme-lee.com\/wp-content\/uploads\/2025\/02\/excellence_transparent.png?resize=1320%2C880&amp;ssl=1 1320w, https:\/\/i0.wp.com\/kamme-lee.com\/wp-content\/uploads\/2025\/02\/excellence_transparent.png?resize=600%2C400&amp;ssl=1 600w, https:\/\/i0.wp.com\/kamme-lee.com\/wp-content\/uploads\/2025\/02\/excellence_transparent.png?w=1536&amp;ssl=1 1536w\" sizes=\"auto, (max-width: 1000px) 100vw, 1000px\" \/><\/figure><div class=\"wp-block-media-text__content\">\n<h2 class=\"wp-block-heading\">Ekspertise i H\u00e5ndv\u00e6rket<\/h2>\n\n\n\n<p>Vi opfordrer til kontinuerlig l\u00e6ring og personlig udvikling. Uanset om det er nye f\u00e6rdigheder, nyt ansvar eller nye karriereveje, giver vi dig friheden og ressourcerne til at vokse i den retning, der inspirerer dig.<\/p>\n<\/div><\/div>\n<\/div>\n<\/div>\n\n\n\n<div class=\"wp-block-group has-global-padding is-layout-constrained wp-block-group-is-layout-constrained\">\n<h2 class=\"wp-block-heading has-text-align-center has-contrast-color has-text-color has-link-color wp-elements-4583a0208a7298941db867db66a6198d\"><strong>Klar til at <mark style=\"background-color:rgba(0, 0, 0, 0)\" class=\"has-inline-color has-custom-golden-color-color\">Vokse <\/mark>med Os?<\/strong><\/h2>\n\n\n\n<p class=\"has-text-align-center\">Hvis du er klar til at udvikle din karriere i en virksomhed, der v\u00e6rds\u00e6tter mennesker, balance og meningsfuld indflydelse \u2014 vil vi meget gerne m\u00f8de dig.<\/p>\n\n\n\n<div class=\"wp-block-buttons is-content-justification-center is-layout-flex wp-container-core-buttons-is-layout-a89b3969 wp-block-buttons-is-layout-flex\">\n<div class=\"wp-block-button\"><a class=\"wp-block-button__link has-contrast-color has-custom-golden-color-background-color has-text-color has-background has-link-color wp-element-button\" href=\"https:\/\/kamme-lee.com\/da\/contact-us\/\"><strong>Bliv en del af Teamet<\/strong> -&gt;<\/a><\/div>\n\n\n\n<div class=\"wp-block-button\"><a class=\"wp-block-button__link wp-element-button\" href=\"https:\/\/kamme-lee.com\/da\/about-us\/\" style=\"padding-top:0.7rem;padding-right:var(--wp--preset--spacing--10);padding-bottom:0.7rem;padding-left:var(--wp--preset--spacing--10)\">Om Os<\/a><\/div>\n<\/div>\n<\/div>\n\n\n\n<div class=\"wp-block-columns alignfull is-layout-flex wp-container-core-columns-is-layout-cad298ab wp-block-columns-is-layout-flex\" style=\"padding-right:var(--wp--preset--spacing--60);padding-left:var(--wp--preset--spacing--60)\">\n<div class=\"wp-block-column has-global-padding is-layout-constrained wp-container-core-column-is-layout-dd1e3a6b wp-block-column-is-layout-constrained\">\n<div style=\"height:68px\" aria-hidden=\"true\" class=\"wp-block-spacer\"><\/div>\n\n\n\n<p class=\"has-text-align-center has-small-font-size\"><strong><mark style=\"background-color:rgba(0, 0, 0, 0)\" class=\"has-inline-color has-custom-golden-color-color\">Ledige Stillinger<\/mark><\/strong><\/p>\n\n\n\n<h1 class=\"wp-block-heading has-text-align-center\"><strong>Aktuelle Jobmuligheder<\/strong><\/h1>\n\n\n\n<p class=\"has-text-align-center\"><strong>Udforsk vores ledige stillinger og find dit n\u00e6ste karrieretr\u00e6k.<\/strong><\/p>\n\n\n\n<div class=\"wp-block-group has-base-2-background-color has-background has-global-padding is-layout-constrained wp-block-group-is-layout-constrained\" style=\"border-top-left-radius:20px;border-top-right-radius:20px;border-bottom-left-radius:20px;border-bottom-right-radius:20px\">\n<h3 class=\"wp-block-heading\"><strong>Senior IT Consultant<\/strong><\/h3>\n\n\n\n<p>Lead digital transformation projects and help clients modernize their IT infrastructure.<\/p>\n\n\n\n<p>IT Services, Copenhagen, Denmark \u2013 Full-time<\/p>\n\n\n\n<div class=\"wp-block-buttons is-layout-flex wp-block-buttons-is-layout-flex\">\n<div class=\"wp-block-button\"><a class=\"wp-block-button__link has-contrast-color has-custom-golden-color-background-color has-text-color has-background has-link-color wp-element-button\" href=\"https:\/\/kamme-lee.com\/da\/contact-us\/\">Ans\u00f8g Nu -&gt;<\/a><\/div>\n<\/div>\n<\/div>\n\n\n\n<div class=\"wp-block-group has-base-2-background-color has-background has-global-padding is-layout-constrained wp-block-group-is-layout-constrained\" style=\"border-top-left-radius:20px;border-top-right-radius:20px;border-bottom-left-radius:20px;border-bottom-right-radius:20px\">\n<h3 class=\"wp-block-heading\"><strong>Microsoft Solutions Architect<\/strong><\/h3>\n\n\n\n<p>Design and implement Microsoft 365, Azure, and Dynamics solutions for enterprise clients.<\/p>\n\n\n\n<p>IT Services, Copenhagen, Denmark \u2013 Full-time<\/p>\n\n\n\n<div class=\"wp-block-buttons is-layout-flex wp-block-buttons-is-layout-flex\">\n<div class=\"wp-block-button\"><a class=\"wp-block-button__link has-contrast-color has-custom-golden-color-background-color has-text-color has-background has-link-color wp-element-button\" href=\"https:\/\/kamme-lee.com\/da\/contact-us\/\">Ans\u00f8g Nu -&gt;<\/a><\/div>\n<\/div>\n<\/div>\n\n\n\n<div class=\"wp-block-group has-base-2-background-color has-background has-global-padding is-layout-constrained wp-block-group-is-layout-constrained\" style=\"border-top-left-radius:20px;border-top-right-radius:20px;border-bottom-left-radius:20px;border-bottom-right-radius:20px\">\n<h3 class=\"wp-block-heading\"><strong>Sales Operations Analyst<\/strong><\/h3>\n\n\n\n<p>Analyze sales processes and implement data-driven improvements for our clients.<\/p>\n\n\n\n<p>Sales Services, Copenhagen, Denmark, Full-time<\/p>\n\n\n\n<div class=\"wp-block-buttons is-layout-flex wp-block-buttons-is-layout-flex\">\n<div class=\"wp-block-button\"><a class=\"wp-block-button__link has-contrast-color has-custom-golden-color-background-color has-text-color has-background has-link-color wp-element-button\" href=\"https:\/\/kamme-lee.com\/da\/contact-us\/\">Ans\u00f8g Nu -&gt;<\/a><\/div>\n<\/div>\n<\/div>\n\n\n\n<div class=\"wp-block-group has-base-2-background-color has-background has-global-padding is-layout-constrained wp-block-group-is-layout-constrained\" style=\"border-top-left-radius:20px;border-top-right-radius:20px;border-bottom-left-radius:20px;border-bottom-right-radius:20px\">\n<h3 class=\"wp-block-heading\"><strong>Customer Experience &amp; Cost Manager<\/strong><\/h3>\n\n\n\n<p>Help clients managing customer interactions across every touchpoint, and establish effective cost management.<\/p>\n\n\n\n<p>Sales Services, Copenhagen, Denmark, Full-time<\/p>\n\n\n\n<div class=\"wp-block-buttons is-layout-flex wp-block-buttons-is-layout-flex\">\n<div class=\"wp-block-button\"><a class=\"wp-block-button__link has-contrast-color has-custom-golden-color-background-color has-text-color has-background has-link-color wp-element-button\" href=\"https:\/\/kamme-lee.com\/da\/contact-us\/\">Ans\u00f8g Nu -&gt;<\/a><\/div>\n<\/div>\n<\/div>\n<\/div>\n<\/div>","protected":false},"excerpt":{"rendered":"<p>Careers Join Our Growing Team We&#8217;re always looking for talented individuals who share our passion for technology and business transformation. Explore opportunities to make an impact. Why Choose Us? Build Your Career&nbsp;With Us At Kamme Lee Consulting, we believe our people are our greatest asset. We foster a culture of innovation, collaboration, and continuous learning [&hellip;]<\/p>\n","protected":false},"author":1,"featured_media":0,"parent":0,"menu_order":0,"comment_status":"closed","ping_status":"closed","template":"","meta":{"footnotes":""},"class_list":["post-1666","page","type-page","status-publish","hentry"],"yoast_head":"<!-- This site is optimized with the Yoast SEO plugin v27.4 - https:\/\/yoast.com\/product\/yoast-seo-wordpress\/ -->\n<title>Careers - Kamme Lee Consulting<\/title>\n<meta name=\"robots\" content=\"index, follow, max-snippet:-1, max-image-preview:large, max-video-preview:-1\" \/>\n<link rel=\"canonical\" href=\"https:\/\/kamme-lee.com\/da\/careers\/\" \/>\n<meta property=\"og:locale\" content=\"da_DK\" \/>\n<meta property=\"og:type\" content=\"article\" \/>\n<meta property=\"og:title\" content=\"Careers - Kamme Lee Consulting\" \/>\n<meta property=\"og:description\" content=\"Careers Join Our Growing Team We&#8217;re always looking for talented individuals who share our passion for technology and business transformation. Explore opportunities to make an impact. Why Choose Us? Build Your Career&nbsp;With Us At Kamme Lee Consulting, we believe our people are our greatest asset. We foster a culture of innovation, collaboration, and continuous learning [&hellip;]\" \/>\n<meta property=\"og:url\" content=\"https:\/\/kamme-lee.com\/da\/careers\/\" \/>\n<meta property=\"og:site_name\" content=\"Kamme Lee Consulting\" \/>\n<meta property=\"article:modified_time\" content=\"2026-01-28T10:48:54+00:00\" \/>\n<meta name=\"twitter:card\" content=\"summary_large_image\" \/>\n<meta name=\"twitter:label1\" content=\"Estimeret l\u00e6setid\" \/>\n\t<meta name=\"twitter:data1\" content=\"4 minutter\" \/>\n<script type=\"application\/ld+json\" class=\"yoast-schema-graph\">{\"@context\":\"https:\\\/\\\/schema.org\",\"@graph\":[{\"@type\":\"WebPage\",\"@id\":\"https:\\\/\\\/kamme-lee.com\\\/careers\\\/\",\"url\":\"https:\\\/\\\/kamme-lee.com\\\/careers\\\/\",\"name\":\"Careers - Kamme Lee Consulting\",\"isPartOf\":{\"@id\":\"https:\\\/\\\/kamme-lee.com\\\/#website\"},\"primaryImageOfPage\":{\"@id\":\"https:\\\/\\\/kamme-lee.com\\\/careers\\\/#primaryimage\"},\"image\":{\"@id\":\"https:\\\/\\\/kamme-lee.com\\\/careers\\\/#primaryimage\"},\"thumbnailUrl\":\"https:\\\/\\\/kamme-lee.com\\\/wp-content\\\/uploads\\\/2025\\\/02\\\/check_gold.svg\",\"datePublished\":\"2026-01-15T18:14:04+00:00\",\"dateModified\":\"2026-01-28T10:48:54+00:00\",\"breadcrumb\":{\"@id\":\"https:\\\/\\\/kamme-lee.com\\\/careers\\\/#breadcrumb\"},\"inLanguage\":\"da-DK\",\"potentialAction\":[{\"@type\":\"ReadAction\",\"target\":[\"https:\\\/\\\/kamme-lee.com\\\/careers\\\/\"]}]},{\"@type\":\"ImageObject\",\"inLanguage\":\"da-DK\",\"@id\":\"https:\\\/\\\/kamme-lee.com\\\/careers\\\/#primaryimage\",\"url\":\"https:\\\/\\\/kamme-lee.com\\\/wp-content\\\/uploads\\\/2025\\\/02\\\/check_gold.svg\",\"contentUrl\":\"https:\\\/\\\/kamme-lee.com\\\/wp-content\\\/uploads\\\/2025\\\/02\\\/check_gold.svg\"},{\"@type\":\"BreadcrumbList\",\"@id\":\"https:\\\/\\\/kamme-lee.com\\\/careers\\\/#breadcrumb\",\"itemListElement\":[{\"@type\":\"ListItem\",\"position\":1,\"name\":\"Home\",\"item\":\"https:\\\/\\\/kamme-lee.com\\\/\"},{\"@type\":\"ListItem\",\"position\":2,\"name\":\"Careers\"}]},{\"@type\":\"WebSite\",\"@id\":\"https:\\\/\\\/kamme-lee.com\\\/#website\",\"url\":\"https:\\\/\\\/kamme-lee.com\\\/\",\"name\":\"Kamme Lee Consulting\",\"description\":\"Kamme Lee Consulting is built on a simple idea: technology should make work easier \u2014 not more complicated. We help organizations modernize IT landscapes, optimize operations, and unlock measurable growth through smarter digital solutions.\",\"publisher\":{\"@id\":\"https:\\\/\\\/kamme-lee.com\\\/#organization\"},\"potentialAction\":[{\"@type\":\"SearchAction\",\"target\":{\"@type\":\"EntryPoint\",\"urlTemplate\":\"https:\\\/\\\/kamme-lee.com\\\/?s={search_term_string}\"},\"query-input\":{\"@type\":\"PropertyValueSpecification\",\"valueRequired\":true,\"valueName\":\"search_term_string\"}}],\"inLanguage\":\"da-DK\"},{\"@type\":\"Organization\",\"@id\":\"https:\\\/\\\/kamme-lee.com\\\/#organization\",\"name\":\"Kamme Lee Consulting\",\"url\":\"https:\\\/\\\/kamme-lee.com\\\/\",\"logo\":{\"@type\":\"ImageObject\",\"inLanguage\":\"da-DK\",\"@id\":\"https:\\\/\\\/kamme-lee.com\\\/#\\\/schema\\\/logo\\\/image\\\/\",\"url\":\"https:\\\/\\\/kamme-lee.com\\\/wp-content\\\/uploads\\\/2026\\\/01\\\/Website_FullLogo_Transparent_NoBuffer.png\",\"contentUrl\":\"https:\\\/\\\/kamme-lee.com\\\/wp-content\\\/uploads\\\/2026\\\/01\\\/Website_FullLogo_Transparent_NoBuffer.png\",\"width\":1280,\"height\":676,\"caption\":\"Kamme Lee Consulting\"},\"image\":{\"@id\":\"https:\\\/\\\/kamme-lee.com\\\/#\\\/schema\\\/logo\\\/image\\\/\"}}]}<\/script>\n<!-- \/ Yoast SEO plugin. -->","yoast_head_json":{"title":"Careers - Kamme Lee Consulting","robots":{"index":"index","follow":"follow","max-snippet":"max-snippet:-1","max-image-preview":"max-image-preview:large","max-video-preview":"max-video-preview:-1"},"canonical":"https:\/\/kamme-lee.com\/da\/careers\/","og_locale":"da_DK","og_type":"article","og_title":"Careers - Kamme Lee Consulting","og_description":"Careers Join Our Growing Team We&#8217;re always looking for talented individuals who share our passion for technology and business transformation. Explore opportunities to make an impact. Why Choose Us? Build Your Career&nbsp;With Us At Kamme Lee Consulting, we believe our people are our greatest asset. We foster a culture of innovation, collaboration, and continuous learning [&hellip;]","og_url":"https:\/\/kamme-lee.com\/da\/careers\/","og_site_name":"Kamme Lee Consulting","article_modified_time":"2026-01-28T10:48:54+00:00","twitter_card":"summary_large_image","twitter_misc":{"Estimeret l\u00e6setid":"4 minutter"},"schema":{"@context":"https:\/\/schema.org","@graph":[{"@type":"WebPage","@id":"https:\/\/kamme-lee.com\/careers\/","url":"https:\/\/kamme-lee.com\/careers\/","name":"Careers - Kamme Lee Consulting","isPartOf":{"@id":"https:\/\/kamme-lee.com\/#website"},"primaryImageOfPage":{"@id":"https:\/\/kamme-lee.com\/careers\/#primaryimage"},"image":{"@id":"https:\/\/kamme-lee.com\/careers\/#primaryimage"},"thumbnailUrl":"https:\/\/kamme-lee.com\/wp-content\/uploads\/2025\/02\/check_gold.svg","datePublished":"2026-01-15T18:14:04+00:00","dateModified":"2026-01-28T10:48:54+00:00","breadcrumb":{"@id":"https:\/\/kamme-lee.com\/careers\/#breadcrumb"},"inLanguage":"da-DK","potentialAction":[{"@type":"ReadAction","target":["https:\/\/kamme-lee.com\/careers\/"]}]},{"@type":"ImageObject","inLanguage":"da-DK","@id":"https:\/\/kamme-lee.com\/careers\/#primaryimage","url":"https:\/\/kamme-lee.com\/wp-content\/uploads\/2025\/02\/check_gold.svg","contentUrl":"https:\/\/kamme-lee.com\/wp-content\/uploads\/2025\/02\/check_gold.svg"},{"@type":"BreadcrumbList","@id":"https:\/\/kamme-lee.com\/careers\/#breadcrumb","itemListElement":[{"@type":"ListItem","position":1,"name":"Home","item":"https:\/\/kamme-lee.com\/"},{"@type":"ListItem","position":2,"name":"Careers"}]},{"@type":"WebSite","@id":"https:\/\/kamme-lee.com\/#website","url":"https:\/\/kamme-lee.com\/","name":"Kamme Lee Consulting","description":"Kamme Lee Consulting er bygget p\u00e5 en simpel id\u00e9: teknologi skal g\u00f8re jeres arbejde lettere \u2014 ikke mere kompliceret. vi hj\u00e6lper organisationer med at modernisere deres IT-landskab, optimere driften og skabe m\u00e5lbar v\u00e6kst gennem smartere digitale l\u00f8sninger.","publisher":{"@id":"https:\/\/kamme-lee.com\/#organization"},"potentialAction":[{"@type":"SearchAction","target":{"@type":"EntryPoint","urlTemplate":"https:\/\/kamme-lee.com\/?s={search_term_string}"},"query-input":{"@type":"PropertyValueSpecification","valueRequired":true,"valueName":"search_term_string"}}],"inLanguage":"da-DK"},{"@type":"Organization","@id":"https:\/\/kamme-lee.com\/#organization","name":"Kamme Lee Consulting","url":"https:\/\/kamme-lee.com\/","logo":{"@type":"ImageObject","inLanguage":"da-DK","@id":"https:\/\/kamme-lee.com\/#\/schema\/logo\/image\/","url":"https:\/\/kamme-lee.com\/wp-content\/uploads\/2026\/01\/Website_FullLogo_Transparent_NoBuffer.png","contentUrl":"https:\/\/kamme-lee.com\/wp-content\/uploads\/2026\/01\/Website_FullLogo_Transparent_NoBuffer.png","width":1280,"height":676,"caption":"Kamme Lee Consulting"},"image":{"@id":"https:\/\/kamme-lee.com\/#\/schema\/logo\/image\/"}}]}},"jetpack_sharing_enabled":true,"brizy_media":[],"_links":{"self":[{"href":"https:\/\/kamme-lee.com\/da\/wp-json\/wp\/v2\/pages\/1666","targetHints":{"allow":["GET"]}}],"collection":[{"href":"https:\/\/kamme-lee.com\/da\/wp-json\/wp\/v2\/pages"}],"about":[{"href":"https:\/\/kamme-lee.com\/da\/wp-json\/wp\/v2\/types\/page"}],"author":[{"embeddable":true,"href":"https:\/\/kamme-lee.com\/da\/wp-json\/wp\/v2\/users\/1"}],"replies":[{"embeddable":true,"href":"https:\/\/kamme-lee.com\/da\/wp-json\/wp\/v2\/comments?post=1666"}],"version-history":[{"count":4,"href":"https:\/\/kamme-lee.com\/da\/wp-json\/wp\/v2\/pages\/1666\/revisions"}],"predecessor-version":[{"id":2242,"href":"https:\/\/kamme-lee.com\/da\/wp-json\/wp\/v2\/pages\/1666\/revisions\/2242"}],"wp:attachment":[{"href":"https:\/\/kamme-lee.com\/da\/wp-json\/wp\/v2\/media?parent=1666"}],"curies":[{"name":"wp","href":"https:\/\/api.w.org\/{rel}","templated":true}]}}