{"id":2291,"date":"2026-02-02T15:10:14","date_gmt":"2026-02-02T14:10:14","guid":{"rendered":"https:\/\/kamme-lee.com\/?page_id=2291"},"modified":"2026-02-05T22:10:16","modified_gmt":"2026-02-05T21:10:16","slug":"support-sessions","status":"publish","type":"page","link":"https:\/\/kamme-lee.com\/da\/support-sessions\/","title":{"rendered":"Support Sessions"},"content":{"rendered":"<div class=\"wp-block-columns alignfull is-layout-flex wp-container-core-columns-is-layout-cad298ab wp-block-columns-is-layout-flex\" style=\"padding-right:var(--wp--preset--spacing--60);padding-left:var(--wp--preset--spacing--60)\">\n<div class=\"wp-block-column is-layout-flow wp-block-column-is-layout-flow\">\n<div class=\"wp-block-group alignwide is-vertical is-content-justification-center is-layout-flex wp-container-core-group-is-layout-6329a8f3 wp-block-group-is-layout-flex\">\n<h1 class=\"wp-block-heading has-text-align-center is-style-default\"><strong>Priser \u2013 Premium Support Sessions<\/strong><\/h1>\n\n\n\n<h4 class=\"wp-block-heading\"><strong>IT Drop-In Support \u00b7 Onboarding \u00b7 Workshops<\/strong><br><\/h4>\n<\/div>\n\n\n\n<p class=\"has-text-align-center\"><strong>Vi tilbyder Premium Support Sessions med fleksibel priss\u00e6tning, alt efter hvordan jeres virksomhed foretr\u00e6kker at betale.<br>I kan v\u00e6lge <mark style=\"background-color:rgba(0, 0, 0, 0)\" class=\"has-inline-color has-custom-golden-color-color\">pay-as-you-go med enkeltst\u00e5ende sessioner<\/mark> eller indg\u00e5 en <mark style=\"background-color:rgba(0, 0, 0, 0)\" class=\"has-inline-color has-custom-golden-color-color\">m\u00e5nedlig eller \u00e5rlig aftale<\/mark> med et fast antal sessioner pr. m\u00e5ned.<\/strong><\/p>\n\n\n\n<p class=\"has-text-align-center\"><strong><mark style=\"background-color:rgba(0, 0, 0, 0)\" class=\"has-inline-color has-custom-golden-color-color\">I kan v\u00e6lge mellem op til 2 eller 4 sessioner om m\u00e5neden.<br><\/mark>Andre intervaller for sessioner samt maksimalt antal medarbejdere kan aftales efter behov.<\/strong><\/p>\n\n\n\n<div style=\"height:31px\" aria-hidden=\"true\" class=\"wp-block-spacer\"><\/div>\n\n\n<div class=\"n2-section-smartslider fitvidsignore  n2_clear\" data-ssid=\"30\" tabindex=\"0\" role=\"region\" aria-label=\"Slider\"><div id=\"n2-ss-30-align\" class=\"n2-ss-align\"><div class=\"n2-padding\"><div id=\"n2-ss-30\" data-creator=\"Smart Slider 3\" data-responsive=\"fullwidth\" class=\"n2-ss-slider n2-ow n2-has-hover n2notransition\">\n        <div class=\"n2-ss-slider-1 n2_ss__touch_element n2-ow\">\n            <div class=\"n2-ss-slider-2 n2-ow\">\n                                                <div class=\"n2-ss-slider-3 n2-ow\">\n\n                    <div class=\"n2-ss-slide-backgrounds n2-ow-all\"><div class=\"n2-ss-slide-background\" data-public-id=\"1\" data-mode=\"fill\"><div data-color=\"RGBA(255,255,255,0)\" style=\"background-color: RGBA(255,255,255,0);\" class=\"n2-ss-slide-background-color\"><\/div><\/div><div class=\"n2-ss-slide-background\" data-public-id=\"2\" data-mode=\"fill\"><div data-color=\"RGBA(255,255,255,0)\" style=\"background-color: RGBA(255,255,255,0);\" class=\"n2-ss-slide-background-color\"><\/div><\/div><div class=\"n2-ss-slide-background\" data-public-id=\"3\" data-mode=\"fill\"><div data-color=\"RGBA(255,255,255,0)\" style=\"background-color: RGBA(255,255,255,0);\" class=\"n2-ss-slide-background-color\"><\/div><\/div><div class=\"n2-ss-slide-background\" data-public-id=\"4\" data-mode=\"fill\"><div data-color=\"RGBA(255,255,255,0)\" style=\"background-color: RGBA(255,255,255,0);\" class=\"n2-ss-slide-background-color\"><\/div><\/div><div class=\"n2-ss-slide-background\" data-public-id=\"5\" data-mode=\"fill\"><div data-color=\"RGBA(255,255,255,0)\" style=\"background-color: RGBA(255,255,255,0);\" class=\"n2-ss-slide-background-color\"><\/div><\/div><div class=\"n2-ss-slide-background\" data-public-id=\"6\" data-mode=\"fill\"><div data-color=\"RGBA(255,255,255,0)\" style=\"background-color: RGBA(255,255,255,0);\" class=\"n2-ss-slide-background-color\"><\/div><\/div><\/div>                    <div class=\"n2-ss-slider-4 n2-ow\">\n                        <svg xmlns=\"http:\/\/www.w3.org\/2000\/svg\" viewbox=\"0 0 1200 600\" data-related-device=\"desktopPortrait\" class=\"n2-ow n2-ss-preserve-size n2-ss-preserve-size--slider n2-ss-slide-limiter\"><\/svg><div data-first=\"1\" data-slide-duration=\"0\" data-id=\"73\" data-slide-public-id=\"1\" data-title=\"Slide 1\" class=\"n2-ss-slide n2-ow  n2-ss-slide-73\"><div role=\"note\" class=\"n2-ss-slide--focus\" tabindex=\"-1\">Slide 1<\/div><div class=\"n2-ss-layers-container n2-ss-slide-limiter n2-ow\"><div class=\"n2-ss-layer n2-ow n-uc-MQ6SM3F94uA1\" data-sstype=\"slide\" data-pm=\"default\"><div class=\"n2-ss-layer n2-ow n-uc-152b762c08cb6\" data-pm=\"default\" data-sstype=\"content\" data-hasbackground=\"0\"><div class=\"n2-ss-section-main-content n2-ss-layer-with-background n2-ss-layer-content n2-ow n-uc-152b762c08cb6-inner\"><div class=\"n2-ss-layer n2-ow n-uc-z3drKzpoTSg6\" data-pm=\"normal\" data-sstype=\"layer\"><\/div><div class=\"n2-ss-layer n2-ow n-uc-z7ll7YR5VXK2\" data-pm=\"normal\" data-sstype=\"layer\"><div class=\"n2-ss-item-content n2-ss-text n2-ow-all\"><div class=\"\"><p class=\"n2-font-f47dda30f955d1342a8d9266e6bbe932-paragraph\">Pay-as-you-go \u2013 enkelte sessioner<\/p>\n<\/div><\/div><\/div><div class=\"n2-ss-layer n2-ow n-uc-ibkBCpPA9twg\" data-pm=\"normal\" data-sstype=\"layer\"><div class=\"n2-ss-item-content n2-ss-text n2-ow-all\"><div class=\"\"><p class=\"n2-font-1e32346898a0b6ef3a055dd855e83e65-paragraph\"><b>Sm\u00e5\u2013mellemstore teams<br \/>\n<\/b> 9.995 DKK pr. session<br \/>\nOp til 50 medarbejdere<\/p>\n<\/div><\/div><\/div><div class=\"n2-ss-layer n2-ow n-uc-rr311Tu8NjQI n2-ss-layer--auto\" data-pm=\"normal\" data-sstype=\"layer\"><div class=\"n2-ss-button-container n2-ss-item-content n2-ow n2-font-36e2a36d3cdb2887138a9faf8d738139-link  n2-ss-nowrap n2-ss-button-container--non-full-width\"><a class=\"n2-style-6ef3851cccc36262aa502318e8181e21-heading  n2-ow\" href=\"https:\/\/kamme-lee.com\/da\/contact-us\/\"><div><div>Kom i gang<\/div><\/div><\/a><\/div><\/div><\/div><\/div><\/div><\/div><\/div><div data-slide-duration=\"0\" data-id=\"78\" data-slide-public-id=\"2\" aria-hidden=\"true\" data-title=\"Slide 1\" class=\"n2-ss-slide n2-ow  n2-ss-slide-78\"><div role=\"note\" class=\"n2-ss-slide--focus\" tabindex=\"-1\">Slide 1<\/div><div class=\"n2-ss-layers-container n2-ss-slide-limiter n2-ow\"><div class=\"n2-ss-layer n2-ow n-uc-U2N9VXKjca5B\" data-sstype=\"slide\" data-pm=\"default\"><div class=\"n2-ss-layer n2-ow n-uc-JXQLfY0ARldF\" data-pm=\"default\" data-sstype=\"content\" data-hasbackground=\"0\"><div class=\"n2-ss-section-main-content n2-ss-layer-with-background n2-ss-layer-content n2-ow n-uc-JXQLfY0ARldF-inner\"><div class=\"n2-ss-layer n2-ow n-uc-I4nu5DkwfEDN\" data-pm=\"normal\" data-sstype=\"layer\"><\/div><div class=\"n2-ss-layer n2-ow n-uc-KioRZzSG85sY\" data-pm=\"normal\" data-sstype=\"layer\"><div class=\"n2-ss-item-content n2-ss-text n2-ow-all\"><div class=\"\"><p class=\"n2-font-f47dda30f955d1342a8d9266e6bbe932-paragraph\">Sm\u00e5\u2013mellemstore teams \u2013 op til 50 medarbejdere<\/p>\n<\/div><\/div><\/div><div class=\"n2-ss-layer n2-ow n-uc-rwCwqitaiJFX\" data-pm=\"normal\" data-sstype=\"layer\"><div class=\"n2-ss-item-content n2-ss-text n2-ow-all\"><div class=\"\"><p class=\"n2-font-1e32346898a0b6ef3a055dd855e83e65-paragraph\"><b>Op til 2 sessioner pr. m\u00e5ned<\/p>\n<p class=\"n2-font-1e32346898a0b6ef3a055dd855e83e65-paragraph\"><\/b> 17,995 DKK \/ m\u00e5ned<br \/>\neller 179,995 DKK forudbetalt \u00e5rligt<br \/>\nMarkedsv\u00e6rdi: 240,000+ DKK<br \/>\nSpar 10 % ved m\u00e5nedlig aftale eller 25 % ved \u00e5rlig forudbetaling<\/p>\n<\/div><\/div><\/div><div class=\"n2-ss-layer n2-ow n-uc-X9IVFcSlwWTF n2-ss-layer--auto\" data-pm=\"normal\" data-sstype=\"layer\"><div class=\"n2-ss-button-container n2-ss-item-content n2-ow n2-font-36e2a36d3cdb2887138a9faf8d738139-link  n2-ss-nowrap n2-ss-button-container--non-full-width\"><a class=\"n2-style-6ef3851cccc36262aa502318e8181e21-heading  n2-ow\" href=\"https:\/\/kamme-lee.com\/da\/contact-us\/\"><div><div>Kom i gang<\/div><\/div><\/a><\/div><\/div><\/div><\/div><\/div><\/div><\/div><div data-slide-duration=\"0\" data-id=\"79\" data-slide-public-id=\"3\" aria-hidden=\"true\" data-title=\"Slide 1\" class=\"n2-ss-slide n2-ow  n2-ss-slide-79\"><div role=\"note\" class=\"n2-ss-slide--focus\" tabindex=\"-1\">Slide 1<\/div><div class=\"n2-ss-layers-container n2-ss-slide-limiter n2-ow\"><div class=\"n2-ss-layer n2-ow n-uc-pyoOs9uK8aSj\" data-sstype=\"slide\" data-pm=\"default\"><div class=\"n2-ss-layer n2-ow n-uc-dyTuh6C6Jp82\" data-pm=\"default\" data-sstype=\"content\" data-hasbackground=\"0\"><div class=\"n2-ss-section-main-content n2-ss-layer-with-background n2-ss-layer-content n2-ow n-uc-dyTuh6C6Jp82-inner\"><div class=\"n2-ss-layer n2-ow n-uc-XBeqfEQd0BZx\" data-pm=\"normal\" data-sstype=\"layer\"><\/div><div class=\"n2-ss-layer n2-ow n-uc-fMVMoqyBUjfG\" data-pm=\"normal\" data-sstype=\"layer\"><div class=\"n2-ss-item-content n2-ss-text n2-ow-all\"><div class=\"\"><p class=\"n2-font-f47dda30f955d1342a8d9266e6bbe932-paragraph\">Sm\u00e5\u2013mellemstore teams \u2013 op til 50 medarbejdere<\/p>\n<\/div><\/div><\/div><div class=\"n2-ss-layer n2-ow n-uc-YXJJSHHQ9fE6\" data-pm=\"normal\" data-sstype=\"layer\"><div class=\"n2-ss-item-content n2-ss-text n2-ow-all\"><div class=\"\"><p class=\"n2-font-1e32346898a0b6ef3a055dd855e83e65-paragraph\"><b>Op til 4 sessioner pr. m\u00e5ned<br \/>\n<\/b> 29.995 DKK \/ m\u00e5ned<br \/>\neller 299.995 DKK forudbetalt \u00e5rligt<br \/>\nMarkedsv\u00e6rdi: 480.000+ DKK<br \/>\nSpar 25 % ved m\u00e5nedlig aftale eller 37,5 % ved \u00e5rlig forudbetaling<\/p>\n<\/div><\/div><\/div><div class=\"n2-ss-layer n2-ow n-uc-X66kNrBq1U6Z n2-ss-layer--auto\" data-pm=\"normal\" data-sstype=\"layer\"><div class=\"n2-ss-button-container n2-ss-item-content n2-ow n2-font-36e2a36d3cdb2887138a9faf8d738139-link  n2-ss-nowrap n2-ss-button-container--non-full-width\"><a class=\"n2-style-6ef3851cccc36262aa502318e8181e21-heading  n2-ow\" href=\"https:\/\/kamme-lee.com\/da\/contact-us\/\"><div><div>Kom i gang<\/div><\/div><\/a><\/div><\/div><\/div><\/div><\/div><\/div><\/div><div data-slide-duration=\"0\" data-id=\"80\" data-slide-public-id=\"4\" aria-hidden=\"true\" data-title=\"Slide 1\" class=\"n2-ss-slide n2-ow  n2-ss-slide-80\"><div role=\"note\" class=\"n2-ss-slide--focus\" tabindex=\"-1\">Slide 1<\/div><div class=\"n2-ss-layers-container n2-ss-slide-limiter n2-ow\"><div class=\"n2-ss-layer n2-ow n-uc-f2AJSs6SXyvZ\" data-sstype=\"slide\" data-pm=\"default\"><div class=\"n2-ss-layer n2-ow n-uc-s0uFzTDye61K\" data-pm=\"default\" data-sstype=\"content\" data-hasbackground=\"0\"><div class=\"n2-ss-section-main-content n2-ss-layer-with-background n2-ss-layer-content n2-ow n-uc-s0uFzTDye61K-inner\"><div class=\"n2-ss-layer n2-ow n-uc-51NTR0EscZgo\" data-pm=\"normal\" data-sstype=\"layer\"><\/div><div class=\"n2-ss-layer n2-ow n-uc-3gXhn0qPD7fY\" data-pm=\"normal\" data-sstype=\"layer\"><div class=\"n2-ss-item-content n2-ss-text n2-ow-all\"><div class=\"\"><p class=\"n2-font-f47dda30f955d1342a8d9266e6bbe932-paragraph\">Pay-as-you-go \u2013 enkelte sessioner<\/p>\n<\/div><\/div><\/div><div class=\"n2-ss-layer n2-ow n-uc-G31X8mEBQnk0\" data-pm=\"normal\" data-sstype=\"layer\"><div class=\"n2-ss-item-content n2-ss-text n2-ow-all\"><div class=\"\"><p class=\"n2-font-1e32346898a0b6ef3a055dd855e83e65-paragraph\"><b>Store teams<br \/>\n<\/b> 15.995 DKK pr. session<br \/>\nOp til 100 medarbejdere<\/p>\n<\/div><\/div><\/div><div class=\"n2-ss-layer n2-ow n-uc-0OK2MF9M161i n2-ss-layer--auto\" data-pm=\"normal\" data-sstype=\"layer\"><div class=\"n2-ss-button-container n2-ss-item-content n2-ow n2-font-36e2a36d3cdb2887138a9faf8d738139-link  n2-ss-nowrap n2-ss-button-container--non-full-width\"><a class=\"n2-style-6ef3851cccc36262aa502318e8181e21-heading  n2-ow\" href=\"https:\/\/kamme-lee.com\/da\/contact-us\/\"><div><div>Kom i gang<\/div><\/div><\/a><\/div><\/div><\/div><\/div><\/div><\/div><\/div><div data-slide-duration=\"0\" data-id=\"81\" data-slide-public-id=\"5\" aria-hidden=\"true\" data-title=\"Slide 1\" class=\"n2-ss-slide n2-ow  n2-ss-slide-81\"><div role=\"note\" class=\"n2-ss-slide--focus\" tabindex=\"-1\">Slide 1<\/div><div class=\"n2-ss-layers-container n2-ss-slide-limiter n2-ow\"><div class=\"n2-ss-layer n2-ow n-uc-OUm6Z63zeuKx\" data-sstype=\"slide\" data-pm=\"default\"><div class=\"n2-ss-layer n2-ow n-uc-lJ3WcYguI4o2\" data-pm=\"default\" data-sstype=\"content\" data-hasbackground=\"0\"><div class=\"n2-ss-section-main-content n2-ss-layer-with-background n2-ss-layer-content n2-ow n-uc-lJ3WcYguI4o2-inner\"><div class=\"n2-ss-layer n2-ow n-uc-jVYTPUiJ7XsA\" data-pm=\"normal\" data-sstype=\"layer\"><\/div><div class=\"n2-ss-layer n2-ow n-uc-tAcuqgyTe0JI\" data-pm=\"normal\" data-sstype=\"layer\"><div class=\"n2-ss-item-content n2-ss-text n2-ow-all\"><div class=\"\"><p class=\"n2-font-f47dda30f955d1342a8d9266e6bbe932-paragraph\">Store teams \u2013 op til 100 medarbejdere<\/p>\n<\/div><\/div><\/div><div class=\"n2-ss-layer n2-ow n-uc-RCdljfzVqUDe\" data-pm=\"normal\" data-sstype=\"layer\"><div class=\"n2-ss-item-content n2-ss-text n2-ow-all\"><div class=\"\"><p class=\"n2-font-1e32346898a0b6ef3a055dd855e83e65-paragraph\"><b>Op til 2 sessioner pr. m\u00e5ned<br \/>\n<\/b> 28.795 DKK \/ m\u00e5ned<br \/>\neller 287.995 DKK forudbetalt \u00e5rligt<br \/>\nMarkedsv\u00e6rdi: 384.000+ DKK<br \/>\nSpar 10 % ved m\u00e5nedlig aftale eller 25 % ved \u00e5rlig forudbetaling<\/p>\n<\/div><\/div><\/div><div class=\"n2-ss-layer n2-ow n-uc-wTDMIYQBdcQp n2-ss-layer--auto\" data-pm=\"normal\" data-sstype=\"layer\"><div class=\"n2-ss-button-container n2-ss-item-content n2-ow n2-font-36e2a36d3cdb2887138a9faf8d738139-link  n2-ss-nowrap n2-ss-button-container--non-full-width\"><a class=\"n2-style-6ef3851cccc36262aa502318e8181e21-heading  n2-ow\" href=\"https:\/\/kamme-lee.com\/da\/contact-us\/\"><div><div>Kom i gang<\/div><\/div><\/a><\/div><\/div><\/div><\/div><\/div><\/div><\/div><div data-slide-duration=\"0\" data-id=\"82\" data-slide-public-id=\"6\" aria-hidden=\"true\" data-title=\"Slide 1\" class=\"n2-ss-slide n2-ow  n2-ss-slide-82\"><div role=\"note\" class=\"n2-ss-slide--focus\" tabindex=\"-1\">Slide 1<\/div><div class=\"n2-ss-layers-container n2-ss-slide-limiter n2-ow\"><div class=\"n2-ss-layer n2-ow n-uc-VTIxqfyxPQOp\" data-sstype=\"slide\" data-pm=\"default\"><div class=\"n2-ss-layer n2-ow n-uc-KTXbV5VI0kaE\" data-pm=\"default\" data-sstype=\"content\" data-hasbackground=\"0\"><div class=\"n2-ss-section-main-content n2-ss-layer-with-background n2-ss-layer-content n2-ow n-uc-KTXbV5VI0kaE-inner\"><div class=\"n2-ss-layer n2-ow n-uc-WbofHOuIb8kT\" data-pm=\"normal\" data-sstype=\"layer\"><\/div><div class=\"n2-ss-layer n2-ow n-uc-mCiwRtfOc85c\" data-pm=\"normal\" data-sstype=\"layer\"><div class=\"n2-ss-item-content n2-ss-text n2-ow-all\"><div class=\"\"><p class=\"n2-font-f47dda30f955d1342a8d9266e6bbe932-paragraph\">Store teams \u2013 op til 100 medarbejdere<\/p>\n<\/div><\/div><\/div><div class=\"n2-ss-layer n2-ow n-uc-OX3fsyACba38\" data-pm=\"normal\" data-sstype=\"layer\"><div class=\"n2-ss-item-content n2-ss-text n2-ow-all\"><div class=\"\"><p class=\"n2-font-1e32346898a0b6ef3a055dd855e83e65-paragraph\"><b>Op til 4 sessioner pr. m\u00e5ned<br \/>\n<\/b> 47,995 DKK \/ m\u00e5ned<br \/>\neller 479,995 DKK forudbetalt \u00e5rligt<br \/>\nMarkedsv\u00e6rdi: 768.000+ DKK<br \/>\nSpar 25 % ved m\u00e5nedlig aftale eller 37,5 % ved \u00e5rlig forudbetaling<\/p>\n<\/div><\/div><\/div><div class=\"n2-ss-layer n2-ow n-uc-lhvQ5qYlfv7b n2-ss-layer--auto\" data-pm=\"normal\" data-sstype=\"layer\"><div class=\"n2-ss-button-container n2-ss-item-content n2-ow n2-font-36e2a36d3cdb2887138a9faf8d738139-link  n2-ss-nowrap n2-ss-button-container--non-full-width\"><a class=\"n2-style-6ef3851cccc36262aa502318e8181e21-heading  n2-ow\" href=\"https:\/\/kamme-lee.com\/da\/contact-us\/\"><div><div>Kom i gang<\/div><\/div><\/a><\/div><\/div><\/div><\/div><\/div><\/div><\/div>                    <\/div>\n\n                                    <\/div>\n            <\/div>\n        <\/div>\n        <\/div><ss3-loader><\/ss3-loader><\/div><\/div><div class=\"n2_clear\"><\/div><\/div><\/div>\n<\/div>","protected":false},"excerpt":{"rendered":"<p>Pricing &#8211; Premium Support Sessions IT Drop-In Support \u00b7 Onboarding \u00b7 Workshops We offer premium support sessions with flexible pricing, depending on how your business prefers to pay.You can choose pay-as-you-go single sessions or an monthly or annual contract with a fixed number of monthly sessions. You may choose between up to 2 or 4 [&hellip;]<\/p>\n","protected":false},"author":1,"featured_media":0,"parent":0,"menu_order":0,"comment_status":"closed","ping_status":"closed","template":"","meta":{"footnotes":""},"class_list":["post-2291","page","type-page","status-publish","hentry"],"yoast_head":"<!-- This site is optimized with the Yoast SEO plugin v27.4 - https:\/\/yoast.com\/product\/yoast-seo-wordpress\/ -->\n<title>Support Sessions - Kamme Lee Consulting<\/title>\n<meta name=\"robots\" content=\"index, follow, max-snippet:-1, max-image-preview:large, max-video-preview:-1\" \/>\n<link rel=\"canonical\" href=\"https:\/\/kamme-lee.com\/da\/support-sessions\/\" \/>\n<meta property=\"og:locale\" content=\"da_DK\" \/>\n<meta property=\"og:type\" content=\"article\" \/>\n<meta property=\"og:title\" content=\"Support Sessions - Kamme Lee Consulting\" \/>\n<meta property=\"og:description\" content=\"Pricing &#8211; Premium Support Sessions IT Drop-In Support \u00b7 Onboarding \u00b7 Workshops We offer premium support sessions with flexible pricing, depending on how your business prefers to pay.You can choose pay-as-you-go single sessions or an monthly or annual contract with a fixed number of monthly sessions. You may choose between up to 2 or 4 [&hellip;]\" \/>\n<meta property=\"og:url\" content=\"https:\/\/kamme-lee.com\/da\/support-sessions\/\" \/>\n<meta property=\"og:site_name\" content=\"Kamme Lee Consulting\" \/>\n<meta property=\"article:modified_time\" content=\"2026-02-05T21:10:16+00:00\" \/>\n<meta name=\"twitter:card\" content=\"summary_large_image\" \/>\n<meta name=\"twitter:label1\" content=\"Estimeret l\u00e6setid\" \/>\n\t<meta name=\"twitter:data1\" content=\"1 minut\" \/>\n<script type=\"application\/ld+json\" class=\"yoast-schema-graph\">{\"@context\":\"https:\\\/\\\/schema.org\",\"@graph\":[{\"@type\":\"WebPage\",\"@id\":\"https:\\\/\\\/kamme-lee.com\\\/support-sessions\\\/\",\"url\":\"https:\\\/\\\/kamme-lee.com\\\/support-sessions\\\/\",\"name\":\"Support Sessions - Kamme Lee Consulting\",\"isPartOf\":{\"@id\":\"https:\\\/\\\/kamme-lee.com\\\/#website\"},\"datePublished\":\"2026-02-02T14:10:14+00:00\",\"dateModified\":\"2026-02-05T21:10:16+00:00\",\"breadcrumb\":{\"@id\":\"https:\\\/\\\/kamme-lee.com\\\/support-sessions\\\/#breadcrumb\"},\"inLanguage\":\"da-DK\",\"potentialAction\":[{\"@type\":\"ReadAction\",\"target\":[\"https:\\\/\\\/kamme-lee.com\\\/support-sessions\\\/\"]}]},{\"@type\":\"BreadcrumbList\",\"@id\":\"https:\\\/\\\/kamme-lee.com\\\/support-sessions\\\/#breadcrumb\",\"itemListElement\":[{\"@type\":\"ListItem\",\"position\":1,\"name\":\"Home\",\"item\":\"https:\\\/\\\/kamme-lee.com\\\/\"},{\"@type\":\"ListItem\",\"position\":2,\"name\":\"Support Sessions\"}]},{\"@type\":\"WebSite\",\"@id\":\"https:\\\/\\\/kamme-lee.com\\\/#website\",\"url\":\"https:\\\/\\\/kamme-lee.com\\\/\",\"name\":\"Kamme Lee Consulting\",\"description\":\"Kamme Lee Consulting is built on a simple idea: technology should make work easier \u2014 not more complicated. We help organizations modernize IT landscapes, optimize operations, and unlock measurable growth through smarter digital solutions.\",\"publisher\":{\"@id\":\"https:\\\/\\\/kamme-lee.com\\\/#organization\"},\"potentialAction\":[{\"@type\":\"SearchAction\",\"target\":{\"@type\":\"EntryPoint\",\"urlTemplate\":\"https:\\\/\\\/kamme-lee.com\\\/?s={search_term_string}\"},\"query-input\":{\"@type\":\"PropertyValueSpecification\",\"valueRequired\":true,\"valueName\":\"search_term_string\"}}],\"inLanguage\":\"da-DK\"},{\"@type\":\"Organization\",\"@id\":\"https:\\\/\\\/kamme-lee.com\\\/#organization\",\"name\":\"Kamme Lee Consulting\",\"url\":\"https:\\\/\\\/kamme-lee.com\\\/\",\"logo\":{\"@type\":\"ImageObject\",\"inLanguage\":\"da-DK\",\"@id\":\"https:\\\/\\\/kamme-lee.com\\\/#\\\/schema\\\/logo\\\/image\\\/\",\"url\":\"https:\\\/\\\/kamme-lee.com\\\/wp-content\\\/uploads\\\/2026\\\/01\\\/Website_FullLogo_Transparent_NoBuffer.png\",\"contentUrl\":\"https:\\\/\\\/kamme-lee.com\\\/wp-content\\\/uploads\\\/2026\\\/01\\\/Website_FullLogo_Transparent_NoBuffer.png\",\"width\":1280,\"height\":676,\"caption\":\"Kamme Lee Consulting\"},\"image\":{\"@id\":\"https:\\\/\\\/kamme-lee.com\\\/#\\\/schema\\\/logo\\\/image\\\/\"}}]}<\/script>\n<!-- \/ Yoast SEO plugin. -->","yoast_head_json":{"title":"Support Sessions - Kamme Lee Consulting","robots":{"index":"index","follow":"follow","max-snippet":"max-snippet:-1","max-image-preview":"max-image-preview:large","max-video-preview":"max-video-preview:-1"},"canonical":"https:\/\/kamme-lee.com\/da\/support-sessions\/","og_locale":"da_DK","og_type":"article","og_title":"Support Sessions - Kamme Lee Consulting","og_description":"Pricing &#8211; Premium Support Sessions IT Drop-In Support \u00b7 Onboarding \u00b7 Workshops We offer premium support sessions with flexible pricing, depending on how your business prefers to pay.You can choose pay-as-you-go single sessions or an monthly or annual contract with a fixed number of monthly sessions. You may choose between up to 2 or 4 [&hellip;]","og_url":"https:\/\/kamme-lee.com\/da\/support-sessions\/","og_site_name":"Kamme Lee Consulting","article_modified_time":"2026-02-05T21:10:16+00:00","twitter_card":"summary_large_image","twitter_misc":{"Estimeret l\u00e6setid":"1 minut"},"schema":{"@context":"https:\/\/schema.org","@graph":[{"@type":"WebPage","@id":"https:\/\/kamme-lee.com\/support-sessions\/","url":"https:\/\/kamme-lee.com\/support-sessions\/","name":"Support Sessions - Kamme Lee Consulting","isPartOf":{"@id":"https:\/\/kamme-lee.com\/#website"},"datePublished":"2026-02-02T14:10:14+00:00","dateModified":"2026-02-05T21:10:16+00:00","breadcrumb":{"@id":"https:\/\/kamme-lee.com\/support-sessions\/#breadcrumb"},"inLanguage":"da-DK","potentialAction":[{"@type":"ReadAction","target":["https:\/\/kamme-lee.com\/support-sessions\/"]}]},{"@type":"BreadcrumbList","@id":"https:\/\/kamme-lee.com\/support-sessions\/#breadcrumb","itemListElement":[{"@type":"ListItem","position":1,"name":"Home","item":"https:\/\/kamme-lee.com\/"},{"@type":"ListItem","position":2,"name":"Support Sessions"}]},{"@type":"WebSite","@id":"https:\/\/kamme-lee.com\/#website","url":"https:\/\/kamme-lee.com\/","name":"Kamme Lee Consulting","description":"Kamme Lee Consulting er bygget p\u00e5 en simpel id\u00e9: teknologi skal g\u00f8re jeres arbejde lettere \u2014 ikke mere kompliceret. vi hj\u00e6lper organisationer med at modernisere deres IT-landskab, optimere driften og skabe m\u00e5lbar v\u00e6kst gennem smartere digitale l\u00f8sninger.","publisher":{"@id":"https:\/\/kamme-lee.com\/#organization"},"potentialAction":[{"@type":"SearchAction","target":{"@type":"EntryPoint","urlTemplate":"https:\/\/kamme-lee.com\/?s={search_term_string}"},"query-input":{"@type":"PropertyValueSpecification","valueRequired":true,"valueName":"search_term_string"}}],"inLanguage":"da-DK"},{"@type":"Organization","@id":"https:\/\/kamme-lee.com\/#organization","name":"Kamme Lee Consulting","url":"https:\/\/kamme-lee.com\/","logo":{"@type":"ImageObject","inLanguage":"da-DK","@id":"https:\/\/kamme-lee.com\/#\/schema\/logo\/image\/","url":"https:\/\/kamme-lee.com\/wp-content\/uploads\/2026\/01\/Website_FullLogo_Transparent_NoBuffer.png","contentUrl":"https:\/\/kamme-lee.com\/wp-content\/uploads\/2026\/01\/Website_FullLogo_Transparent_NoBuffer.png","width":1280,"height":676,"caption":"Kamme Lee Consulting"},"image":{"@id":"https:\/\/kamme-lee.com\/#\/schema\/logo\/image\/"}}]}},"jetpack_sharing_enabled":true,"brizy_media":[],"_links":{"self":[{"href":"https:\/\/kamme-lee.com\/da\/wp-json\/wp\/v2\/pages\/2291","targetHints":{"allow":["GET"]}}],"collection":[{"href":"https:\/\/kamme-lee.com\/da\/wp-json\/wp\/v2\/pages"}],"about":[{"href":"https:\/\/kamme-lee.com\/da\/wp-json\/wp\/v2\/types\/page"}],"author":[{"embeddable":true,"href":"https:\/\/kamme-lee.com\/da\/wp-json\/wp\/v2\/users\/1"}],"replies":[{"embeddable":true,"href":"https:\/\/kamme-lee.com\/da\/wp-json\/wp\/v2\/comments?post=2291"}],"version-history":[{"count":5,"href":"https:\/\/kamme-lee.com\/da\/wp-json\/wp\/v2\/pages\/2291\/revisions"}],"predecessor-version":[{"id":2361,"href":"https:\/\/kamme-lee.com\/da\/wp-json\/wp\/v2\/pages\/2291\/revisions\/2361"}],"wp:attachment":[{"href":"https:\/\/kamme-lee.com\/da\/wp-json\/wp\/v2\/media?parent=2291"}],"curies":[{"name":"wp","href":"https:\/\/api.w.org\/{rel}","templated":true}]}}