{"id":2604,"date":"2026-04-09T06:15:54","date_gmt":"2026-04-09T05:15:54","guid":{"rendered":"https:\/\/kamme-lee.com\/video-presentation\/"},"modified":"2026-04-09T06:57:20","modified_gmt":"2026-04-09T05:57:20","slug":"video-presentation","status":"publish","type":"page","link":"https:\/\/kamme-lee.com\/da\/video-presentation\/","title":{"rendered":"Videopr\u00e6sentation"},"content":{"rendered":"<h2 class=\"wp-block-heading alignfull has-text-align-center\">En ny visuel oplevelse er under opbygning!<\/h2>\n\n\n\n<p>Vi er i fuld gang med at f\u00e6rdigg\u00f8re vores videounivers, hvor vi tager dig med helt t\u00e6t p\u00e5 vores arbejde og metoder. Her vil du snart kunne finde dybdeg\u00e5ende videopr\u00e6sentationer, der visualiserer de arkitektoniske tanker og strategiske l\u00f8sninger, vi skaber hos Kamme Lee Consulting.<\/p>\n\n\n\n<p>Vi gl\u00e6der os til at give dig et unikt indblik i vores processer og projekter gennem levende billeder.<\/p>\n\n\n\n<div class=\"wp-block-group alignfull has-base-background-color has-background is-vertical is-content-justification-center is-layout-flex wp-container-core-group-is-layout-623b1cb9 wp-block-group-is-layout-flex\" style=\"min-height:100vh;margin-top:0;margin-bottom:0;padding-top:var(--wp--preset--spacing--60);padding-right:var(--wp--preset--spacing--50);padding-bottom:var(--wp--preset--spacing--60);padding-left:var(--wp--preset--spacing--50)\">\n<div class=\"wp-block-group has-global-padding is-layout-constrained wp-block-group-is-layout-constrained\">\n<figure class=\"wp-block-image aligncenter size-full is-resized\"><img data-recalc-dims=\"1\" decoding=\"async\" src=\"https:\/\/i0.wp.com\/kamme-lee.com\/wp-content\/themes\/twentytwentyfour\/assets\/images\/icon-message.webp?ssl=1\" alt=\"\" style=\"object-fit:cover;width:45px;height:49px\"\/><\/figure>\n\n\n\n<div style=\"height:var(--wp--preset--spacing--10)\" aria-hidden=\"true\" class=\"wp-block-spacer\"><\/div>\n\n\n\n<h2 class=\"wp-block-heading has-text-align-center has-contrast-color has-text-color has-link-color has-x-large-font-size wp-elements-6c482cb8a8e83ce5dbcd5fa6f601a0aa\" style=\"margin-right:0;margin-left:0;padding-right:0;padding-left:0\">Tilmeld dig vores nyhedsbrev og f\u00e5 direkte besked, n\u00e5r siden lanceres!<\/h2>\n\n\n\n<div style=\"height:var(--wp--preset--spacing--10)\" aria-hidden=\"true\" class=\"wp-block-spacer\"><\/div>\n\n\n<div class=\"wp-block-jetpack-contact-form is-vertical is-content-justification-center is-nowrap is-layout-flex wp-container-jetpack-contact-form-is-layout-a180105a wp-block-jetpack-contact-form-is-layout-flex\"><a href=\"https:\/\/kamme-lee.com\/da\/video-presentation\/\" target=\"_blank\" rel=\"noopener noreferrer\">Submit a form.<\/a><\/div><\/div>\n<\/div>","protected":false},"excerpt":{"rendered":"<p>A new visual journey is taking shape! We are currently developing a dedicated video space to showcase the craft and strategy behind our work. Soon, you will be able to explore in-depth video presentations that bring the architectural vision of Kamme Lee Consulting to life. Get ready for an immersive look into our projects, expert [&hellip;]<\/p>\n","protected":false},"author":1,"featured_media":0,"parent":0,"menu_order":0,"comment_status":"closed","ping_status":"closed","template":"","meta":{"footnotes":""},"class_list":["post-2604","page","type-page","status-publish","hentry"],"yoast_head":"<!-- This site is optimized with the Yoast SEO plugin v27.4 - https:\/\/yoast.com\/product\/yoast-seo-wordpress\/ -->\n<title>Video Presentation - Kamme Lee Consulting<\/title>\n<meta name=\"robots\" content=\"index, follow, max-snippet:-1, max-image-preview:large, max-video-preview:-1\" \/>\n<link rel=\"canonical\" href=\"https:\/\/kamme-lee.com\/da\/video-presentation\/\" \/>\n<meta property=\"og:locale\" content=\"da_DK\" \/>\n<meta property=\"og:type\" content=\"article\" \/>\n<meta property=\"og:title\" content=\"Video Presentation - Kamme Lee Consulting\" \/>\n<meta property=\"og:description\" content=\"A new visual journey is taking shape! We are currently developing a dedicated video space to showcase the craft and strategy behind our work. Soon, you will be able to explore in-depth video presentations that bring the architectural vision of Kamme Lee Consulting to life. Get ready for an immersive look into our projects, expert [&hellip;]\" \/>\n<meta property=\"og:url\" content=\"https:\/\/kamme-lee.com\/da\/video-presentation\/\" \/>\n<meta property=\"og:site_name\" content=\"Kamme Lee Consulting\" \/>\n<meta property=\"article:modified_time\" content=\"2026-04-09T05:57:20+00:00\" \/>\n<meta property=\"og:image\" content=\"https:\/\/kamme-lee.com\/wp-content\/themes\/twentytwentyfour\/assets\/images\/icon-message.webp\" \/>\n<meta name=\"twitter:card\" content=\"summary_large_image\" \/>\n<meta name=\"twitter:label1\" content=\"Estimeret l\u00e6setid\" \/>\n\t<meta name=\"twitter:data1\" content=\"1 minut\" \/>\n<script type=\"application\/ld+json\" class=\"yoast-schema-graph\">{\"@context\":\"https:\\\/\\\/schema.org\",\"@graph\":[{\"@type\":\"WebPage\",\"@id\":\"https:\\\/\\\/kamme-lee.com\\\/video-presentation\\\/\",\"url\":\"https:\\\/\\\/kamme-lee.com\\\/video-presentation\\\/\",\"name\":\"Video Presentation - Kamme Lee Consulting\",\"isPartOf\":{\"@id\":\"https:\\\/\\\/kamme-lee.com\\\/#website\"},\"primaryImageOfPage\":{\"@id\":\"https:\\\/\\\/kamme-lee.com\\\/video-presentation\\\/#primaryimage\"},\"image\":{\"@id\":\"https:\\\/\\\/kamme-lee.com\\\/video-presentation\\\/#primaryimage\"},\"thumbnailUrl\":\"https:\\\/\\\/kamme-lee.com\\\/wp-content\\\/themes\\\/twentytwentyfour\\\/assets\\\/images\\\/icon-message.webp\",\"datePublished\":\"2026-04-09T05:15:54+00:00\",\"dateModified\":\"2026-04-09T05:57:20+00:00\",\"breadcrumb\":{\"@id\":\"https:\\\/\\\/kamme-lee.com\\\/video-presentation\\\/#breadcrumb\"},\"inLanguage\":\"da-DK\",\"potentialAction\":[{\"@type\":\"ReadAction\",\"target\":[\"https:\\\/\\\/kamme-lee.com\\\/video-presentation\\\/\"]}]},{\"@type\":\"ImageObject\",\"inLanguage\":\"da-DK\",\"@id\":\"https:\\\/\\\/kamme-lee.com\\\/video-presentation\\\/#primaryimage\",\"url\":\"https:\\\/\\\/kamme-lee.com\\\/wp-content\\\/themes\\\/twentytwentyfour\\\/assets\\\/images\\\/icon-message.webp\",\"contentUrl\":\"https:\\\/\\\/kamme-lee.com\\\/wp-content\\\/themes\\\/twentytwentyfour\\\/assets\\\/images\\\/icon-message.webp\"},{\"@type\":\"BreadcrumbList\",\"@id\":\"https:\\\/\\\/kamme-lee.com\\\/video-presentation\\\/#breadcrumb\",\"itemListElement\":[{\"@type\":\"ListItem\",\"position\":1,\"name\":\"Home\",\"item\":\"https:\\\/\\\/kamme-lee.com\\\/\"},{\"@type\":\"ListItem\",\"position\":2,\"name\":\"Video Presentation\"}]},{\"@type\":\"WebSite\",\"@id\":\"https:\\\/\\\/kamme-lee.com\\\/#website\",\"url\":\"https:\\\/\\\/kamme-lee.com\\\/\",\"name\":\"Kamme Lee Consulting\",\"description\":\"Kamme Lee Consulting is built on a simple idea: technology should make work easier \u2014 not more complicated. We help organizations modernize IT landscapes, optimize operations, and unlock measurable growth through smarter digital solutions.\",\"publisher\":{\"@id\":\"https:\\\/\\\/kamme-lee.com\\\/#organization\"},\"potentialAction\":[{\"@type\":\"SearchAction\",\"target\":{\"@type\":\"EntryPoint\",\"urlTemplate\":\"https:\\\/\\\/kamme-lee.com\\\/?s={search_term_string}\"},\"query-input\":{\"@type\":\"PropertyValueSpecification\",\"valueRequired\":true,\"valueName\":\"search_term_string\"}}],\"inLanguage\":\"da-DK\"},{\"@type\":\"Organization\",\"@id\":\"https:\\\/\\\/kamme-lee.com\\\/#organization\",\"name\":\"Kamme Lee Consulting\",\"url\":\"https:\\\/\\\/kamme-lee.com\\\/\",\"logo\":{\"@type\":\"ImageObject\",\"inLanguage\":\"da-DK\",\"@id\":\"https:\\\/\\\/kamme-lee.com\\\/#\\\/schema\\\/logo\\\/image\\\/\",\"url\":\"https:\\\/\\\/kamme-lee.com\\\/wp-content\\\/uploads\\\/2026\\\/01\\\/Website_FullLogo_Transparent_NoBuffer.png\",\"contentUrl\":\"https:\\\/\\\/kamme-lee.com\\\/wp-content\\\/uploads\\\/2026\\\/01\\\/Website_FullLogo_Transparent_NoBuffer.png\",\"width\":1280,\"height\":676,\"caption\":\"Kamme Lee Consulting\"},\"image\":{\"@id\":\"https:\\\/\\\/kamme-lee.com\\\/#\\\/schema\\\/logo\\\/image\\\/\"}}]}<\/script>\n<!-- \/ Yoast SEO plugin. -->","yoast_head_json":{"title":"Video Presentation - Kamme Lee Consulting","robots":{"index":"index","follow":"follow","max-snippet":"max-snippet:-1","max-image-preview":"max-image-preview:large","max-video-preview":"max-video-preview:-1"},"canonical":"https:\/\/kamme-lee.com\/da\/video-presentation\/","og_locale":"da_DK","og_type":"article","og_title":"Video Presentation - Kamme Lee Consulting","og_description":"A new visual journey is taking shape! We are currently developing a dedicated video space to showcase the craft and strategy behind our work. Soon, you will be able to explore in-depth video presentations that bring the architectural vision of Kamme Lee Consulting to life. Get ready for an immersive look into our projects, expert [&hellip;]","og_url":"https:\/\/kamme-lee.com\/da\/video-presentation\/","og_site_name":"Kamme Lee Consulting","article_modified_time":"2026-04-09T05:57:20+00:00","og_image":[{"url":"https:\/\/kamme-lee.com\/wp-content\/themes\/twentytwentyfour\/assets\/images\/icon-message.webp","type":"","width":"","height":""}],"twitter_card":"summary_large_image","twitter_misc":{"Estimeret l\u00e6setid":"1 minut"},"schema":{"@context":"https:\/\/schema.org","@graph":[{"@type":"WebPage","@id":"https:\/\/kamme-lee.com\/video-presentation\/","url":"https:\/\/kamme-lee.com\/video-presentation\/","name":"Video Presentation - Kamme Lee Consulting","isPartOf":{"@id":"https:\/\/kamme-lee.com\/#website"},"primaryImageOfPage":{"@id":"https:\/\/kamme-lee.com\/video-presentation\/#primaryimage"},"image":{"@id":"https:\/\/kamme-lee.com\/video-presentation\/#primaryimage"},"thumbnailUrl":"https:\/\/kamme-lee.com\/wp-content\/themes\/twentytwentyfour\/assets\/images\/icon-message.webp","datePublished":"2026-04-09T05:15:54+00:00","dateModified":"2026-04-09T05:57:20+00:00","breadcrumb":{"@id":"https:\/\/kamme-lee.com\/video-presentation\/#breadcrumb"},"inLanguage":"da-DK","potentialAction":[{"@type":"ReadAction","target":["https:\/\/kamme-lee.com\/video-presentation\/"]}]},{"@type":"ImageObject","inLanguage":"da-DK","@id":"https:\/\/kamme-lee.com\/video-presentation\/#primaryimage","url":"https:\/\/kamme-lee.com\/wp-content\/themes\/twentytwentyfour\/assets\/images\/icon-message.webp","contentUrl":"https:\/\/kamme-lee.com\/wp-content\/themes\/twentytwentyfour\/assets\/images\/icon-message.webp"},{"@type":"BreadcrumbList","@id":"https:\/\/kamme-lee.com\/video-presentation\/#breadcrumb","itemListElement":[{"@type":"ListItem","position":1,"name":"Home","item":"https:\/\/kamme-lee.com\/"},{"@type":"ListItem","position":2,"name":"Video Presentation"}]},{"@type":"WebSite","@id":"https:\/\/kamme-lee.com\/#website","url":"https:\/\/kamme-lee.com\/","name":"Kamme Lee Consulting","description":"Kamme Lee Consulting er bygget p\u00e5 en simpel id\u00e9: teknologi skal g\u00f8re jeres arbejde lettere \u2014 ikke mere kompliceret. vi hj\u00e6lper organisationer med at modernisere deres IT-landskab, optimere driften og skabe m\u00e5lbar v\u00e6kst gennem smartere digitale l\u00f8sninger.","publisher":{"@id":"https:\/\/kamme-lee.com\/#organization"},"potentialAction":[{"@type":"SearchAction","target":{"@type":"EntryPoint","urlTemplate":"https:\/\/kamme-lee.com\/?s={search_term_string}"},"query-input":{"@type":"PropertyValueSpecification","valueRequired":true,"valueName":"search_term_string"}}],"inLanguage":"da-DK"},{"@type":"Organization","@id":"https:\/\/kamme-lee.com\/#organization","name":"Kamme Lee Consulting","url":"https:\/\/kamme-lee.com\/","logo":{"@type":"ImageObject","inLanguage":"da-DK","@id":"https:\/\/kamme-lee.com\/#\/schema\/logo\/image\/","url":"https:\/\/kamme-lee.com\/wp-content\/uploads\/2026\/01\/Website_FullLogo_Transparent_NoBuffer.png","contentUrl":"https:\/\/kamme-lee.com\/wp-content\/uploads\/2026\/01\/Website_FullLogo_Transparent_NoBuffer.png","width":1280,"height":676,"caption":"Kamme Lee Consulting"},"image":{"@id":"https:\/\/kamme-lee.com\/#\/schema\/logo\/image\/"}}]}},"jetpack_sharing_enabled":true,"brizy_media":[],"_links":{"self":[{"href":"https:\/\/kamme-lee.com\/da\/wp-json\/wp\/v2\/pages\/2604","targetHints":{"allow":["GET"]}}],"collection":[{"href":"https:\/\/kamme-lee.com\/da\/wp-json\/wp\/v2\/pages"}],"about":[{"href":"https:\/\/kamme-lee.com\/da\/wp-json\/wp\/v2\/types\/page"}],"author":[{"embeddable":true,"href":"https:\/\/kamme-lee.com\/da\/wp-json\/wp\/v2\/users\/1"}],"replies":[{"embeddable":true,"href":"https:\/\/kamme-lee.com\/da\/wp-json\/wp\/v2\/comments?post=2604"}],"version-history":[{"count":4,"href":"https:\/\/kamme-lee.com\/da\/wp-json\/wp\/v2\/pages\/2604\/revisions"}],"predecessor-version":[{"id":2620,"href":"https:\/\/kamme-lee.com\/da\/wp-json\/wp\/v2\/pages\/2604\/revisions\/2620"}],"wp:attachment":[{"href":"https:\/\/kamme-lee.com\/da\/wp-json\/wp\/v2\/media?parent=2604"}],"curies":[{"name":"wp","href":"https:\/\/api.w.org\/{rel}","templated":true}]}}