{"id":2606,"date":"2026-04-09T06:17:17","date_gmt":"2026-04-09T05:17:17","guid":{"rendered":"https:\/\/kamme-lee.com\/news-blog\/"},"modified":"2026-04-09T06:55:22","modified_gmt":"2026-04-09T05:55:22","slug":"news-blog","status":"publish","type":"page","link":"https:\/\/kamme-lee.com\/da\/news-blog\/","title":{"rendered":"News &#038; Blog"},"content":{"rendered":"<h1 class=\"wp-block-heading alignfull has-text-align-center\">Nyheder &amp; Blog siden er lige om hj\u00f8rnet!<\/h1>\n\n\n\n<p class=\"has-text-align-center\">Vi er i fuld gang med at l\u00e6gge sidste h\u00e5nd p\u00e5 vores nye Nyheder &amp; Blog-univers. Her vil vi snart dele dybdeg\u00e5ende artikler, de seneste nyheder og masser af sp\u00e6ndende blogindl\u00e6g direkte fra vores eksperter hos Kamme Lee Consulting.<\/p>\n\n\n\n<p class=\"has-text-align-center\">Vi gl\u00e6der os til at byde dig indenfor i et videns-univers dedikeret til kvalitet, h\u00e5ndv\u00e6rk og gode historier. Tilmeld dig vores nyhedsbrev herunder, s\u00e5 s\u00f8rger vi for, at du f\u00e5r direkte besked, s\u00e5 snart de f\u00f8rste artikler g\u00e5r live.<\/p>\n\n\n\n<div class=\"wp-block-group alignfull has-base-background-color has-background is-vertical is-content-justification-center is-layout-flex wp-container-core-group-is-layout-623b1cb9 wp-block-group-is-layout-flex\" style=\"min-height:100vh;margin-top:0;margin-bottom:0;padding-top:var(--wp--preset--spacing--60);padding-right:var(--wp--preset--spacing--50);padding-bottom:var(--wp--preset--spacing--60);padding-left:var(--wp--preset--spacing--50)\">\n<div class=\"wp-block-group has-global-padding is-layout-constrained wp-block-group-is-layout-constrained\">\n<figure class=\"wp-block-image aligncenter size-full is-resized\"><img data-recalc-dims=\"1\" decoding=\"async\" src=\"https:\/\/i0.wp.com\/kamme-lee.com\/wp-content\/themes\/twentytwentyfour\/assets\/images\/icon-message.webp?ssl=1\" alt=\"\" style=\"object-fit:cover;width:45px;height:49px\"\/><\/figure>\n\n\n\n<div style=\"height:var(--wp--preset--spacing--10)\" aria-hidden=\"true\" class=\"wp-block-spacer\"><\/div>\n\n\n\n<h2 class=\"wp-block-heading has-text-align-center has-contrast-color has-text-color has-link-color has-x-large-font-size wp-elements-6c482cb8a8e83ce5dbcd5fa6f601a0aa\" style=\"margin-right:0;margin-left:0;padding-right:0;padding-left:0\">Tilmeld dig vores nyhedsbrev og f\u00e5 direkte besked, n\u00e5r siden lanceres!<\/h2>\n\n\n\n<div style=\"height:var(--wp--preset--spacing--10)\" aria-hidden=\"true\" class=\"wp-block-spacer\"><\/div>\n\n\n<div class=\"wp-block-jetpack-contact-form is-vertical is-content-justification-center is-nowrap is-layout-flex wp-container-jetpack-contact-form-is-layout-a180105a wp-block-jetpack-contact-form-is-layout-flex\"><a href=\"https:\/\/kamme-lee.com\/da\/news-blog\/\" target=\"_blank\" rel=\"noopener noreferrer\">Submit a form.<\/a><\/div><\/div>\n<\/div>","protected":false},"excerpt":{"rendered":"<p>Our News &amp; Blog hub is just around the corner We are currently putting the finishing touches on our new News &amp; Blog universe. Very soon, we will be sharing in-depth articles, the latest industry news, and insightful blog posts directly from our experts at Kamme Lee Consulting. We look forward to welcoming you to [&hellip;]<\/p>\n","protected":false},"author":1,"featured_media":0,"parent":0,"menu_order":0,"comment_status":"closed","ping_status":"closed","template":"","meta":{"footnotes":""},"class_list":["post-2606","page","type-page","status-publish","hentry"],"yoast_head":"<!-- This site is optimized with the Yoast SEO plugin v27.4 - https:\/\/yoast.com\/product\/yoast-seo-wordpress\/ -->\n<title>News &amp; Blog - Kamme Lee Consulting<\/title>\n<meta name=\"robots\" content=\"index, follow, max-snippet:-1, max-image-preview:large, max-video-preview:-1\" \/>\n<link rel=\"canonical\" href=\"https:\/\/kamme-lee.com\/da\/news-blog\/\" \/>\n<meta property=\"og:locale\" content=\"da_DK\" \/>\n<meta property=\"og:type\" content=\"article\" \/>\n<meta property=\"og:title\" content=\"News &amp; Blog - Kamme Lee Consulting\" \/>\n<meta property=\"og:description\" content=\"Our News &amp; Blog hub is just around the corner We are currently putting the finishing touches on our new News &amp; Blog universe. Very soon, we will be sharing in-depth articles, the latest industry news, and insightful blog posts directly from our experts at Kamme Lee Consulting. We look forward to welcoming you to [&hellip;]\" \/>\n<meta property=\"og:url\" content=\"https:\/\/kamme-lee.com\/da\/news-blog\/\" \/>\n<meta property=\"og:site_name\" content=\"Kamme Lee Consulting\" \/>\n<meta property=\"article:modified_time\" content=\"2026-04-09T05:55:22+00:00\" \/>\n<meta property=\"og:image\" content=\"https:\/\/kamme-lee.com\/wp-content\/themes\/twentytwentyfour\/assets\/images\/icon-message.webp\" \/>\n<meta name=\"twitter:card\" content=\"summary_large_image\" \/>\n<meta name=\"twitter:label1\" content=\"Estimeret l\u00e6setid\" \/>\n\t<meta name=\"twitter:data1\" content=\"1 minut\" \/>\n<script type=\"application\/ld+json\" class=\"yoast-schema-graph\">{\"@context\":\"https:\\\/\\\/schema.org\",\"@graph\":[{\"@type\":\"WebPage\",\"@id\":\"https:\\\/\\\/kamme-lee.com\\\/news-blog\\\/\",\"url\":\"https:\\\/\\\/kamme-lee.com\\\/news-blog\\\/\",\"name\":\"News & Blog - Kamme Lee Consulting\",\"isPartOf\":{\"@id\":\"https:\\\/\\\/kamme-lee.com\\\/#website\"},\"primaryImageOfPage\":{\"@id\":\"https:\\\/\\\/kamme-lee.com\\\/news-blog\\\/#primaryimage\"},\"image\":{\"@id\":\"https:\\\/\\\/kamme-lee.com\\\/news-blog\\\/#primaryimage\"},\"thumbnailUrl\":\"https:\\\/\\\/kamme-lee.com\\\/wp-content\\\/themes\\\/twentytwentyfour\\\/assets\\\/images\\\/icon-message.webp\",\"datePublished\":\"2026-04-09T05:17:17+00:00\",\"dateModified\":\"2026-04-09T05:55:22+00:00\",\"breadcrumb\":{\"@id\":\"https:\\\/\\\/kamme-lee.com\\\/news-blog\\\/#breadcrumb\"},\"inLanguage\":\"da-DK\",\"potentialAction\":[{\"@type\":\"ReadAction\",\"target\":[\"https:\\\/\\\/kamme-lee.com\\\/news-blog\\\/\"]}]},{\"@type\":\"ImageObject\",\"inLanguage\":\"da-DK\",\"@id\":\"https:\\\/\\\/kamme-lee.com\\\/news-blog\\\/#primaryimage\",\"url\":\"https:\\\/\\\/kamme-lee.com\\\/wp-content\\\/themes\\\/twentytwentyfour\\\/assets\\\/images\\\/icon-message.webp\",\"contentUrl\":\"https:\\\/\\\/kamme-lee.com\\\/wp-content\\\/themes\\\/twentytwentyfour\\\/assets\\\/images\\\/icon-message.webp\"},{\"@type\":\"BreadcrumbList\",\"@id\":\"https:\\\/\\\/kamme-lee.com\\\/news-blog\\\/#breadcrumb\",\"itemListElement\":[{\"@type\":\"ListItem\",\"position\":1,\"name\":\"Home\",\"item\":\"https:\\\/\\\/kamme-lee.com\\\/\"},{\"@type\":\"ListItem\",\"position\":2,\"name\":\"News &#038; Blog\"}]},{\"@type\":\"WebSite\",\"@id\":\"https:\\\/\\\/kamme-lee.com\\\/#website\",\"url\":\"https:\\\/\\\/kamme-lee.com\\\/\",\"name\":\"Kamme Lee Consulting\",\"description\":\"Kamme Lee Consulting is built on a simple idea: technology should make work easier \u2014 not more complicated. We help organizations modernize IT landscapes, optimize operations, and unlock measurable growth through smarter digital solutions.\",\"publisher\":{\"@id\":\"https:\\\/\\\/kamme-lee.com\\\/#organization\"},\"potentialAction\":[{\"@type\":\"SearchAction\",\"target\":{\"@type\":\"EntryPoint\",\"urlTemplate\":\"https:\\\/\\\/kamme-lee.com\\\/?s={search_term_string}\"},\"query-input\":{\"@type\":\"PropertyValueSpecification\",\"valueRequired\":true,\"valueName\":\"search_term_string\"}}],\"inLanguage\":\"da-DK\"},{\"@type\":\"Organization\",\"@id\":\"https:\\\/\\\/kamme-lee.com\\\/#organization\",\"name\":\"Kamme Lee Consulting\",\"url\":\"https:\\\/\\\/kamme-lee.com\\\/\",\"logo\":{\"@type\":\"ImageObject\",\"inLanguage\":\"da-DK\",\"@id\":\"https:\\\/\\\/kamme-lee.com\\\/#\\\/schema\\\/logo\\\/image\\\/\",\"url\":\"https:\\\/\\\/kamme-lee.com\\\/wp-content\\\/uploads\\\/2026\\\/01\\\/Website_FullLogo_Transparent_NoBuffer.png\",\"contentUrl\":\"https:\\\/\\\/kamme-lee.com\\\/wp-content\\\/uploads\\\/2026\\\/01\\\/Website_FullLogo_Transparent_NoBuffer.png\",\"width\":1280,\"height\":676,\"caption\":\"Kamme Lee Consulting\"},\"image\":{\"@id\":\"https:\\\/\\\/kamme-lee.com\\\/#\\\/schema\\\/logo\\\/image\\\/\"}}]}<\/script>\n<!-- \/ Yoast SEO plugin. -->","yoast_head_json":{"title":"News & Blog - Kamme Lee Consulting","robots":{"index":"index","follow":"follow","max-snippet":"max-snippet:-1","max-image-preview":"max-image-preview:large","max-video-preview":"max-video-preview:-1"},"canonical":"https:\/\/kamme-lee.com\/da\/news-blog\/","og_locale":"da_DK","og_type":"article","og_title":"News & Blog - Kamme Lee Consulting","og_description":"Our News &amp; Blog hub is just around the corner We are currently putting the finishing touches on our new News &amp; Blog universe. Very soon, we will be sharing in-depth articles, the latest industry news, and insightful blog posts directly from our experts at Kamme Lee Consulting. We look forward to welcoming you to [&hellip;]","og_url":"https:\/\/kamme-lee.com\/da\/news-blog\/","og_site_name":"Kamme Lee Consulting","article_modified_time":"2026-04-09T05:55:22+00:00","og_image":[{"url":"https:\/\/kamme-lee.com\/wp-content\/themes\/twentytwentyfour\/assets\/images\/icon-message.webp","type":"","width":"","height":""}],"twitter_card":"summary_large_image","twitter_misc":{"Estimeret l\u00e6setid":"1 minut"},"schema":{"@context":"https:\/\/schema.org","@graph":[{"@type":"WebPage","@id":"https:\/\/kamme-lee.com\/news-blog\/","url":"https:\/\/kamme-lee.com\/news-blog\/","name":"News & Blog - Kamme Lee Consulting","isPartOf":{"@id":"https:\/\/kamme-lee.com\/#website"},"primaryImageOfPage":{"@id":"https:\/\/kamme-lee.com\/news-blog\/#primaryimage"},"image":{"@id":"https:\/\/kamme-lee.com\/news-blog\/#primaryimage"},"thumbnailUrl":"https:\/\/kamme-lee.com\/wp-content\/themes\/twentytwentyfour\/assets\/images\/icon-message.webp","datePublished":"2026-04-09T05:17:17+00:00","dateModified":"2026-04-09T05:55:22+00:00","breadcrumb":{"@id":"https:\/\/kamme-lee.com\/news-blog\/#breadcrumb"},"inLanguage":"da-DK","potentialAction":[{"@type":"ReadAction","target":["https:\/\/kamme-lee.com\/news-blog\/"]}]},{"@type":"ImageObject","inLanguage":"da-DK","@id":"https:\/\/kamme-lee.com\/news-blog\/#primaryimage","url":"https:\/\/kamme-lee.com\/wp-content\/themes\/twentytwentyfour\/assets\/images\/icon-message.webp","contentUrl":"https:\/\/kamme-lee.com\/wp-content\/themes\/twentytwentyfour\/assets\/images\/icon-message.webp"},{"@type":"BreadcrumbList","@id":"https:\/\/kamme-lee.com\/news-blog\/#breadcrumb","itemListElement":[{"@type":"ListItem","position":1,"name":"Home","item":"https:\/\/kamme-lee.com\/"},{"@type":"ListItem","position":2,"name":"News &#038; Blog"}]},{"@type":"WebSite","@id":"https:\/\/kamme-lee.com\/#website","url":"https:\/\/kamme-lee.com\/","name":"Kamme Lee Consulting","description":"Kamme Lee Consulting er bygget p\u00e5 en simpel id\u00e9: teknologi skal g\u00f8re jeres arbejde lettere \u2014 ikke mere kompliceret. vi hj\u00e6lper organisationer med at modernisere deres IT-landskab, optimere driften og skabe m\u00e5lbar v\u00e6kst gennem smartere digitale l\u00f8sninger.","publisher":{"@id":"https:\/\/kamme-lee.com\/#organization"},"potentialAction":[{"@type":"SearchAction","target":{"@type":"EntryPoint","urlTemplate":"https:\/\/kamme-lee.com\/?s={search_term_string}"},"query-input":{"@type":"PropertyValueSpecification","valueRequired":true,"valueName":"search_term_string"}}],"inLanguage":"da-DK"},{"@type":"Organization","@id":"https:\/\/kamme-lee.com\/#organization","name":"Kamme Lee Consulting","url":"https:\/\/kamme-lee.com\/","logo":{"@type":"ImageObject","inLanguage":"da-DK","@id":"https:\/\/kamme-lee.com\/#\/schema\/logo\/image\/","url":"https:\/\/kamme-lee.com\/wp-content\/uploads\/2026\/01\/Website_FullLogo_Transparent_NoBuffer.png","contentUrl":"https:\/\/kamme-lee.com\/wp-content\/uploads\/2026\/01\/Website_FullLogo_Transparent_NoBuffer.png","width":1280,"height":676,"caption":"Kamme Lee Consulting"},"image":{"@id":"https:\/\/kamme-lee.com\/#\/schema\/logo\/image\/"}}]}},"jetpack_sharing_enabled":true,"brizy_media":[],"_links":{"self":[{"href":"https:\/\/kamme-lee.com\/da\/wp-json\/wp\/v2\/pages\/2606","targetHints":{"allow":["GET"]}}],"collection":[{"href":"https:\/\/kamme-lee.com\/da\/wp-json\/wp\/v2\/pages"}],"about":[{"href":"https:\/\/kamme-lee.com\/da\/wp-json\/wp\/v2\/types\/page"}],"author":[{"embeddable":true,"href":"https:\/\/kamme-lee.com\/da\/wp-json\/wp\/v2\/users\/1"}],"replies":[{"embeddable":true,"href":"https:\/\/kamme-lee.com\/da\/wp-json\/wp\/v2\/comments?post=2606"}],"version-history":[{"count":5,"href":"https:\/\/kamme-lee.com\/da\/wp-json\/wp\/v2\/pages\/2606\/revisions"}],"predecessor-version":[{"id":2619,"href":"https:\/\/kamme-lee.com\/da\/wp-json\/wp\/v2\/pages\/2606\/revisions\/2619"}],"wp:attachment":[{"href":"https:\/\/kamme-lee.com\/da\/wp-json\/wp\/v2\/media?parent=2606"}],"curies":[{"name":"wp","href":"https:\/\/api.w.org\/{rel}","templated":true}]}}