{"id":305,"date":"2025-12-08T19:08:18","date_gmt":"2025-12-08T18:08:18","guid":{"rendered":"https:\/\/kamme-lee.com\/?page_id=305"},"modified":"2026-04-09T10:55:30","modified_gmt":"2026-04-09T09:55:30","slug":"contact-us","status":"publish","type":"page","link":"https:\/\/kamme-lee.com\/da\/contact-us\/","title":{"rendered":"Kontakt Os"},"content":{"rendered":"<div class=\"wp-block-columns alignfull is-layout-flex wp-container-core-columns-is-layout-bc8a5517 wp-block-columns-is-layout-flex\" style=\"margin-top:0;margin-bottom:0;padding-top:0;padding-right:0;padding-bottom:0;padding-left:0\">\n<div class=\"wp-block-column is-layout-flow wp-block-column-is-layout-flow\">\n<figure class=\"wp-block-image aligncenter size-full\"><img data-recalc-dims=\"1\" loading=\"lazy\" decoding=\"async\" width=\"1376\" height=\"768\" src=\"https:\/\/kamme-lee.com\/wp-content\/uploads\/2026\/02\/Gr_billedet_til_hjere_kvalitet_5257337fd8-2.jpeg\" alt=\"\" class=\"wp-image-2486\" style=\"object-fit:cover\" srcset=\"https:\/\/i0.wp.com\/kamme-lee.com\/wp-content\/uploads\/2026\/02\/Gr_billedet_til_hjere_kvalitet_5257337fd8-2.jpeg?w=1376&ssl=1 1376w, https:\/\/i0.wp.com\/kamme-lee.com\/wp-content\/uploads\/2026\/02\/Gr_billedet_til_hjere_kvalitet_5257337fd8-2.jpeg?resize=300%2C167&ssl=1 300w, https:\/\/i0.wp.com\/kamme-lee.com\/wp-content\/uploads\/2026\/02\/Gr_billedet_til_hjere_kvalitet_5257337fd8-2.jpeg?resize=1024%2C572&ssl=1 1024w, https:\/\/i0.wp.com\/kamme-lee.com\/wp-content\/uploads\/2026\/02\/Gr_billedet_til_hjere_kvalitet_5257337fd8-2.jpeg?resize=768%2C429&ssl=1 768w, https:\/\/i0.wp.com\/kamme-lee.com\/wp-content\/uploads\/2026\/02\/Gr_billedet_til_hjere_kvalitet_5257337fd8-2.jpeg?resize=18%2C10&ssl=1 18w, https:\/\/i0.wp.com\/kamme-lee.com\/wp-content\/uploads\/2026\/02\/Gr_billedet_til_hjere_kvalitet_5257337fd8-2.jpeg?resize=1320%2C737&ssl=1 1320w, https:\/\/i0.wp.com\/kamme-lee.com\/wp-content\/uploads\/2026\/02\/Gr_billedet_til_hjere_kvalitet_5257337fd8-2.jpeg?resize=600%2C335&ssl=1 600w\" sizes=\"auto, (max-width: 1000px) 100vw, 1000px\" \/><\/figure>\n<\/div>\n<\/div>\n\n\n\n<div class=\"wp-block-columns alignfull is-layout-flex wp-container-core-columns-is-layout-cad298ab wp-block-columns-is-layout-flex\" id=\"Filloutform\" style=\"padding-right:var(--wp--preset--spacing--60);padding-left:var(--wp--preset--spacing--60)\">\n<div class=\"wp-block-column is-layout-flow wp-block-column-is-layout-flow\">\n<h1 class=\"wp-block-heading\"><strong>Kom i <mark style=\"background-color:rgba(0, 0, 0, 0)\" class=\"has-inline-color has-custom-golden-color-color\">Kontakt <\/mark>med Os<\/strong><\/h1>\n\n\n\n<h2 class=\"wp-block-heading\"><strong>Jeres Partner i Forretningstransformation<\/strong><a href=\"mailto:hello@kamme-lee.com\"><\/a><a href=\"mailto:hello@kamme-lee.com\"><\/a><\/h2>\n\n\n\n<p class=\"has-text-align-left has-large-font-size\">\ud83d\udd82 &#8211; <a href=\"mailto:contact@kamme-lee.com\">contact@kamme-lee.com<\/a><\/p>\n\n\n\n<p class=\"has-text-align-left has-large-font-size\">\ud83d\udcde+ 45 70 72 29 29<\/p>\n\n\n\n<p class=\"has-text-align-left has-large-font-size\">\ud83d\udccd- K\u00f8benhavn, Denmark<\/p>\n\n\n\n<p>Uanset om i \u00f8nsker at transformere jeres IT-infrastruktur, optimere jeres salgsprocesser eller blot har et sp\u00f8rgsm\u00e5l - er vi her for at hj\u00e6lpe.<\/p>\n\n\n\n<figure class=\"wp-block-image size-full\"><img data-recalc-dims=\"1\" loading=\"lazy\" decoding=\"async\" width=\"1536\" height=\"1024\" src=\"https:\/\/i0.wp.com\/kamme-lee.com\/wp-content\/uploads\/2026\/01\/consultant_bg_f9f9f9.png?resize=1536%2C1024&#038;ssl=1\" alt=\"\" class=\"wp-image-1339\" srcset=\"https:\/\/i0.wp.com\/kamme-lee.com\/wp-content\/uploads\/2026\/01\/consultant_bg_f9f9f9.png?w=1536&amp;ssl=1 1536w, https:\/\/i0.wp.com\/kamme-lee.com\/wp-content\/uploads\/2026\/01\/consultant_bg_f9f9f9.png?resize=300%2C200&amp;ssl=1 300w, https:\/\/i0.wp.com\/kamme-lee.com\/wp-content\/uploads\/2026\/01\/consultant_bg_f9f9f9.png?resize=1024%2C683&amp;ssl=1 1024w, https:\/\/i0.wp.com\/kamme-lee.com\/wp-content\/uploads\/2026\/01\/consultant_bg_f9f9f9.png?resize=768%2C512&amp;ssl=1 768w, https:\/\/i0.wp.com\/kamme-lee.com\/wp-content\/uploads\/2026\/01\/consultant_bg_f9f9f9.png?resize=18%2C12&amp;ssl=1 18w, https:\/\/i0.wp.com\/kamme-lee.com\/wp-content\/uploads\/2026\/01\/consultant_bg_f9f9f9.png?resize=1320%2C880&amp;ssl=1 1320w, https:\/\/i0.wp.com\/kamme-lee.com\/wp-content\/uploads\/2026\/01\/consultant_bg_f9f9f9.png?resize=600%2C400&amp;ssl=1 600w\" sizes=\"auto, (max-width: 1000px) 100vw, 1000px\" \/><\/figure>\n<\/div>\n\n\n\n<div class=\"wp-block-column is-layout-flow wp-block-column-is-layout-flow\"><div class=\"wp-block-jetpack-contact-form is-layout-flex wp-container-jetpack-contact-form-is-layout-2b4208ba wp-block-jetpack-contact-form-is-layout-flex\"><a href=\"https:\/\/kamme-lee.com\/da\/contact-us\/\" target=\"_blank\" rel=\"noopener noreferrer\">Submit a form.<\/a><\/div><\/div>\n<\/div>\n\n\n\n<div style=\"height:32px\" aria-hidden=\"true\" class=\"wp-block-spacer\"><\/div>","protected":false},"excerpt":{"rendered":"<p>Get in Touch with Us Your Partner in Business Transformation \ud83d\udd82 &#8211; contact@kamme-lee.com \ud83d\udcde+ 45 70 72 29 29 \ud83d\udccd- Copenhagen, Denmark Whether you&#8217;re looking to transform your IT infrastructure, optimize your sales processes, or simply have a question\u2014we&#8217;re here to help.<\/p>","protected":false},"author":1,"featured_media":0,"parent":0,"menu_order":0,"comment_status":"closed","ping_status":"closed","template":"page-no-title","meta":{"footnotes":""},"class_list":["post-305","page","type-page","status-publish","hentry"],"yoast_head":"<!-- This site is optimized with the Yoast SEO plugin v27.4 - https:\/\/yoast.com\/product\/yoast-seo-wordpress\/ -->\n<title>Contact Us - Kamme Lee Consulting<\/title>\n<meta name=\"robots\" content=\"index, follow, max-snippet:-1, max-image-preview:large, max-video-preview:-1\" \/>\n<link rel=\"canonical\" href=\"https:\/\/kamme-lee.com\/da\/contact-us\/\" \/>\n<meta property=\"og:locale\" content=\"da_DK\" \/>\n<meta property=\"og:type\" content=\"article\" \/>\n<meta property=\"og:title\" content=\"Contact Us - Kamme Lee Consulting\" \/>\n<meta property=\"og:description\" content=\"Get in Touch with Us Your Partner in Business Transformation \ud83d\udd82 &#8211; contact@kamme-lee.com \ud83d\udcde+ 45 70 72 29 29 \ud83d\udccd- Copenhagen, Denmark Whether you&#8217;re looking to transform your IT infrastructure, optimize your sales processes, or simply have a question\u2014we&#8217;re here to help.\" \/>\n<meta property=\"og:url\" content=\"https:\/\/kamme-lee.com\/da\/contact-us\/\" \/>\n<meta property=\"og:site_name\" content=\"Kamme Lee Consulting\" \/>\n<meta property=\"article:modified_time\" content=\"2026-04-09T09:55:30+00:00\" \/>\n<meta property=\"og:image\" content=\"https:\/\/kamme-lee.com\/wp-content\/uploads\/2026\/02\/Brug_mine_naturlige_jne_7bbe7601df.jpeg\" \/>\n<meta name=\"twitter:card\" content=\"summary_large_image\" \/>\n<meta name=\"twitter:label1\" content=\"Estimeret l\u00e6setid\" \/>\n\t<meta name=\"twitter:data1\" content=\"1 minut\" \/>\n<script type=\"application\/ld+json\" class=\"yoast-schema-graph\">{\"@context\":\"https:\\\/\\\/schema.org\",\"@graph\":[{\"@type\":\"WebPage\",\"@id\":\"https:\\\/\\\/kamme-lee.com\\\/contact-us\\\/\",\"url\":\"https:\\\/\\\/kamme-lee.com\\\/contact-us\\\/\",\"name\":\"Contact Us - Kamme Lee Consulting\",\"isPartOf\":{\"@id\":\"https:\\\/\\\/kamme-lee.com\\\/#website\"},\"primaryImageOfPage\":{\"@id\":\"https:\\\/\\\/kamme-lee.com\\\/contact-us\\\/#primaryimage\"},\"image\":{\"@id\":\"https:\\\/\\\/kamme-lee.com\\\/contact-us\\\/#primaryimage\"},\"thumbnailUrl\":\"https:\\\/\\\/kamme-lee.com\\\/wp-content\\\/uploads\\\/2026\\\/02\\\/Brug_mine_naturlige_jne_7bbe7601df.jpeg\",\"datePublished\":\"2025-12-08T18:08:18+00:00\",\"dateModified\":\"2026-04-09T09:55:30+00:00\",\"breadcrumb\":{\"@id\":\"https:\\\/\\\/kamme-lee.com\\\/contact-us\\\/#breadcrumb\"},\"inLanguage\":\"da-DK\",\"potentialAction\":[{\"@type\":\"ReadAction\",\"target\":[\"https:\\\/\\\/kamme-lee.com\\\/contact-us\\\/\"]}]},{\"@type\":\"ImageObject\",\"inLanguage\":\"da-DK\",\"@id\":\"https:\\\/\\\/kamme-lee.com\\\/contact-us\\\/#primaryimage\",\"url\":\"https:\\\/\\\/kamme-lee.com\\\/wp-content\\\/uploads\\\/2026\\\/02\\\/Brug_mine_naturlige_jne_7bbe7601df.jpeg\",\"contentUrl\":\"https:\\\/\\\/kamme-lee.com\\\/wp-content\\\/uploads\\\/2026\\\/02\\\/Brug_mine_naturlige_jne_7bbe7601df.jpeg\"},{\"@type\":\"BreadcrumbList\",\"@id\":\"https:\\\/\\\/kamme-lee.com\\\/contact-us\\\/#breadcrumb\",\"itemListElement\":[{\"@type\":\"ListItem\",\"position\":1,\"name\":\"Home\",\"item\":\"https:\\\/\\\/kamme-lee.com\\\/\"},{\"@type\":\"ListItem\",\"position\":2,\"name\":\"Contact Us\"}]},{\"@type\":\"WebSite\",\"@id\":\"https:\\\/\\\/kamme-lee.com\\\/#website\",\"url\":\"https:\\\/\\\/kamme-lee.com\\\/\",\"name\":\"Kamme Lee Consulting\",\"description\":\"Kamme Lee Consulting is built on a simple idea: technology should make work easier \u2014 not more complicated. We help organizations modernize IT landscapes, optimize operations, and unlock measurable growth through smarter digital solutions.\",\"publisher\":{\"@id\":\"https:\\\/\\\/kamme-lee.com\\\/#organization\"},\"potentialAction\":[{\"@type\":\"SearchAction\",\"target\":{\"@type\":\"EntryPoint\",\"urlTemplate\":\"https:\\\/\\\/kamme-lee.com\\\/?s={search_term_string}\"},\"query-input\":{\"@type\":\"PropertyValueSpecification\",\"valueRequired\":true,\"valueName\":\"search_term_string\"}}],\"inLanguage\":\"da-DK\"},{\"@type\":\"Organization\",\"@id\":\"https:\\\/\\\/kamme-lee.com\\\/#organization\",\"name\":\"Kamme Lee Consulting\",\"url\":\"https:\\\/\\\/kamme-lee.com\\\/\",\"logo\":{\"@type\":\"ImageObject\",\"inLanguage\":\"da-DK\",\"@id\":\"https:\\\/\\\/kamme-lee.com\\\/#\\\/schema\\\/logo\\\/image\\\/\",\"url\":\"https:\\\/\\\/kamme-lee.com\\\/wp-content\\\/uploads\\\/2026\\\/01\\\/Website_FullLogo_Transparent_NoBuffer.png\",\"contentUrl\":\"https:\\\/\\\/kamme-lee.com\\\/wp-content\\\/uploads\\\/2026\\\/01\\\/Website_FullLogo_Transparent_NoBuffer.png\",\"width\":1280,\"height\":676,\"caption\":\"Kamme Lee Consulting\"},\"image\":{\"@id\":\"https:\\\/\\\/kamme-lee.com\\\/#\\\/schema\\\/logo\\\/image\\\/\"}}]}<\/script>\n<!-- \/ Yoast SEO plugin. -->","yoast_head_json":{"title":"Contact Us - Kamme Lee Consulting","robots":{"index":"index","follow":"follow","max-snippet":"max-snippet:-1","max-image-preview":"max-image-preview:large","max-video-preview":"max-video-preview:-1"},"canonical":"https:\/\/kamme-lee.com\/da\/contact-us\/","og_locale":"da_DK","og_type":"article","og_title":"Contact Us - Kamme Lee Consulting","og_description":"Get in Touch with Us Your Partner in Business Transformation \ud83d\udd82 &#8211; contact@kamme-lee.com \ud83d\udcde+ 45 70 72 29 29 \ud83d\udccd- Copenhagen, Denmark Whether you&#8217;re looking to transform your IT infrastructure, optimize your sales processes, or simply have a question\u2014we&#8217;re here to help.","og_url":"https:\/\/kamme-lee.com\/da\/contact-us\/","og_site_name":"Kamme Lee Consulting","article_modified_time":"2026-04-09T09:55:30+00:00","og_image":[{"url":"https:\/\/kamme-lee.com\/wp-content\/uploads\/2026\/02\/Brug_mine_naturlige_jne_7bbe7601df.jpeg","type":"","width":"","height":""}],"twitter_card":"summary_large_image","twitter_misc":{"Estimeret l\u00e6setid":"1 minut"},"schema":{"@context":"https:\/\/schema.org","@graph":[{"@type":"WebPage","@id":"https:\/\/kamme-lee.com\/contact-us\/","url":"https:\/\/kamme-lee.com\/contact-us\/","name":"Contact Us - Kamme Lee Consulting","isPartOf":{"@id":"https:\/\/kamme-lee.com\/#website"},"primaryImageOfPage":{"@id":"https:\/\/kamme-lee.com\/contact-us\/#primaryimage"},"image":{"@id":"https:\/\/kamme-lee.com\/contact-us\/#primaryimage"},"thumbnailUrl":"https:\/\/kamme-lee.com\/wp-content\/uploads\/2026\/02\/Brug_mine_naturlige_jne_7bbe7601df.jpeg","datePublished":"2025-12-08T18:08:18+00:00","dateModified":"2026-04-09T09:55:30+00:00","breadcrumb":{"@id":"https:\/\/kamme-lee.com\/contact-us\/#breadcrumb"},"inLanguage":"da-DK","potentialAction":[{"@type":"ReadAction","target":["https:\/\/kamme-lee.com\/contact-us\/"]}]},{"@type":"ImageObject","inLanguage":"da-DK","@id":"https:\/\/kamme-lee.com\/contact-us\/#primaryimage","url":"https:\/\/kamme-lee.com\/wp-content\/uploads\/2026\/02\/Brug_mine_naturlige_jne_7bbe7601df.jpeg","contentUrl":"https:\/\/kamme-lee.com\/wp-content\/uploads\/2026\/02\/Brug_mine_naturlige_jne_7bbe7601df.jpeg"},{"@type":"BreadcrumbList","@id":"https:\/\/kamme-lee.com\/contact-us\/#breadcrumb","itemListElement":[{"@type":"ListItem","position":1,"name":"Home","item":"https:\/\/kamme-lee.com\/"},{"@type":"ListItem","position":2,"name":"Contact Us"}]},{"@type":"WebSite","@id":"https:\/\/kamme-lee.com\/#website","url":"https:\/\/kamme-lee.com\/","name":"Kamme Lee Consulting","description":"Kamme Lee Consulting er bygget p\u00e5 en simpel id\u00e9: teknologi skal g\u00f8re jeres arbejde lettere \u2014 ikke mere kompliceret. vi hj\u00e6lper organisationer med at modernisere deres IT-landskab, optimere driften og skabe m\u00e5lbar v\u00e6kst gennem smartere digitale l\u00f8sninger.","publisher":{"@id":"https:\/\/kamme-lee.com\/#organization"},"potentialAction":[{"@type":"SearchAction","target":{"@type":"EntryPoint","urlTemplate":"https:\/\/kamme-lee.com\/?s={search_term_string}"},"query-input":{"@type":"PropertyValueSpecification","valueRequired":true,"valueName":"search_term_string"}}],"inLanguage":"da-DK"},{"@type":"Organization","@id":"https:\/\/kamme-lee.com\/#organization","name":"Kamme Lee Consulting","url":"https:\/\/kamme-lee.com\/","logo":{"@type":"ImageObject","inLanguage":"da-DK","@id":"https:\/\/kamme-lee.com\/#\/schema\/logo\/image\/","url":"https:\/\/kamme-lee.com\/wp-content\/uploads\/2026\/01\/Website_FullLogo_Transparent_NoBuffer.png","contentUrl":"https:\/\/kamme-lee.com\/wp-content\/uploads\/2026\/01\/Website_FullLogo_Transparent_NoBuffer.png","width":1280,"height":676,"caption":"Kamme Lee Consulting"},"image":{"@id":"https:\/\/kamme-lee.com\/#\/schema\/logo\/image\/"}}]}},"jetpack_sharing_enabled":true,"brizy_media":[],"_links":{"self":[{"href":"https:\/\/kamme-lee.com\/da\/wp-json\/wp\/v2\/pages\/305","targetHints":{"allow":["GET"]}}],"collection":[{"href":"https:\/\/kamme-lee.com\/da\/wp-json\/wp\/v2\/pages"}],"about":[{"href":"https:\/\/kamme-lee.com\/da\/wp-json\/wp\/v2\/types\/page"}],"author":[{"embeddable":true,"href":"https:\/\/kamme-lee.com\/da\/wp-json\/wp\/v2\/users\/1"}],"replies":[{"embeddable":true,"href":"https:\/\/kamme-lee.com\/da\/wp-json\/wp\/v2\/comments?post=305"}],"version-history":[{"count":5,"href":"https:\/\/kamme-lee.com\/da\/wp-json\/wp\/v2\/pages\/305\/revisions"}],"predecessor-version":[{"id":2622,"href":"https:\/\/kamme-lee.com\/da\/wp-json\/wp\/v2\/pages\/305\/revisions\/2622"}],"wp:attachment":[{"href":"https:\/\/kamme-lee.com\/da\/wp-json\/wp\/v2\/media?parent=305"}],"curies":[{"name":"wp","href":"https:\/\/api.w.org\/{rel}","templated":true}]}}