{"id":341,"date":"2025-12-09T21:14:12","date_gmt":"2025-12-09T20:14:12","guid":{"rendered":"https:\/\/kamme-lee.com\/?page_id=341"},"modified":"2026-01-28T12:26:24","modified_gmt":"2026-01-28T11:26:24","slug":"microsoft-365","status":"publish","type":"page","link":"https:\/\/kamme-lee.com\/da\/microsoft-365\/","title":{"rendered":"Microsoft 365"},"content":{"rendered":"<div class=\"wp-block-group alignfull has-global-padding is-layout-constrained wp-block-group-is-layout-constrained\">\n<p class=\"has-text-align-center has-custom-golden-color-color has-text-color has-link-color has-small-font-size wp-elements-7d364797814e2a6ab78373b4d4123de2\">Microsoft 365<\/p>\n\n\n\n<h1 class=\"wp-block-heading has-text-align-center\"><strong><strong><strong>Microsoft 365 er en <mark style=\"background-color:rgba(0, 0, 0, 0)\" class=\"has-inline-color has-custom-golden-color-color\">alt-i-en<\/mark> l\u00f8sning<\/strong><\/strong><\/strong><\/h1>\n\n\n\n<p class=\"has-text-align-center\">Microsoft 365 er en <strong>cloudbaseret produktivitets- og samarbejdssuite,<\/strong> designet til virksomheder i alle st\u00f8rrelser. Platformen samler Office-applikationer, cloudlagring, kommunikationsv\u00e6rkt\u00f8jer, sikkerhed og enhedsadministration i \u00e9n samlet og integreret l\u00f8sning.<\/p>\n\n\n\n<div class=\"wp-block-group alignfull has-global-padding is-layout-constrained wp-container-core-group-is-layout-c06d165c wp-block-group-is-layout-constrained\" style=\"padding-top:0;padding-right:0;padding-bottom:0;padding-left:0\">\n<div class=\"wp-block-columns alignfull has-medium-font-size is-layout-flex wp-container-core-columns-is-layout-290918d7 wp-block-columns-is-layout-flex\" style=\"margin-top:0;margin-bottom:0;padding-top:var(--wp--preset--spacing--20);padding-right:var(--wp--preset--spacing--30);padding-bottom:var(--wp--preset--spacing--20);padding-left:var(--wp--preset--spacing--30)\">\n<div class=\"wp-block-column has-base-2-background-color has-background is-layout-flow wp-block-column-is-layout-flow\" style=\"padding-top:0;padding-right:0;padding-bottom:0;padding-left:0\">\n<h2 class=\"wp-block-heading\"><strong><strong>Kernekomponenter<\/strong><\/strong><\/h2>\n\n\n\n<h4 class=\"wp-block-heading\"><strong>1. Office-produktivitetsapplikationer<\/strong><\/h4>\n\n\n\n<ul class=\"wp-block-list\">\n<li><strong>Word, Excel, PowerPoint, Outlook: <\/strong>Velkendte desktop- og webapps til dokumentoprettelse, dataanalyse, pr\u00e6sentationer og e-mailh\u00e5ndtering.<\/li>\n\n\n\n<li><strong>OneNote, Publisher, Access: <\/strong>Valgfrie produktivitetsv\u00e6rkt\u00f8jer til notetagning, publikation og databaseh\u00e5ndtering.<\/li>\n\n\n\n<li>Tilg\u00e6ngelig p\u00e5 <strong>desktop, mobil og web<\/strong>\u2013 med realtids-samarbejde og samtidig redigering.<\/li>\n<\/ul>\n\n\n\n<h4 class=\"wp-block-heading\"><strong>2. Samarbejde og kommunikation<\/strong><\/h4>\n\n\n\n<ul class=\"wp-block-list\">\n<li><strong>Teams<\/strong>: Chat, videom\u00f8der, onlinem\u00f8der og samarbejdsplatform.<\/li>\n\n\n\n<li><strong>SharePoint<\/strong>: Interne intranetl\u00f8sninger, dokumentbiblioteker og workflow-automatisering.<\/li>\n\n\n\n<li><strong>OneDrive<\/strong>: Cloudlagring med versionshistorik, synkronisering og sikker fildeling.<\/li>\n\n\n\n<li><strong>Yammer<\/strong>: Enterprise socialt netv\u00e6rk til engagement og intern kommunikation.<\/li>\n<\/ul>\n\n\n\n<h4 class=\"wp-block-heading\"><strong>3. Forretningsapplikationer<\/strong><\/h4>\n\n\n\n<ul class=\"wp-block-list\">\n<li><strong>Dynamics 365 Integration<\/strong>: CRM- og ERP-funktionalitet integreret med produktivitetsapplikationer.<\/li>\n\n\n\n<li><strong>Power Platform<\/strong>: Power BI, Power Automate og Power Apps til analyse, automatisering og udvikling af skr\u00e6ddersyede forretningsapplikationer.<\/li>\n<\/ul>\n\n\n\n<h4 class=\"wp-block-heading\"><strong>4. Sikkerhed og compliance<\/strong><\/h4>\n\n\n\n<ul class=\"wp-block-list\">\n<li><strong>Microsoft Defender<\/strong>: Trusselsbeskyttelse for endpoints, e-mail og cloudapplikationer.<\/li>\n\n\n\n<li><strong>Data Loss Prevention (DLP)<\/strong>: Forebygger l\u00e6k af f\u00f8lsomme data.<\/li>\n\n\n\n<li><strong>Conditional Access &amp; Multi-Factor Authentication (MFA)<\/strong>: Identitets- og adgangskontrol.<\/li>\n\n\n\n<li><strong>Compliance-v\u00e6rkt\u00f8jer<\/strong>: Underst\u00f8ttelse af GDPR, HIPAA, ISO og andre regulatoriske standarder.<\/li>\n\n\n\n<li>Centraliseret sikkerhedsstyring og rapportering via Microsoft 365 Security &amp; Compliance Center.<\/li>\n<\/ul>\n\n\n\n<h4 class=\"wp-block-heading\"><strong>5. Enheds- og applikationsadministration<\/strong><\/h4>\n\n\n\n<ul class=\"wp-block-list\">\n<li><strong>Intune<\/strong>: Mobile Device Management (MDM) og Mobile Application Management (MAM).<\/li>\n\n\n\n<li>Sikker administration af laptops, mobiltelefoner og tablets \u2013 inkl. app-udrulning og politikstyring.<\/li>\n\n\n\n<li>Integration med Azure Active Directory for Single Sign-On (SSO) og identitetsstyring.<\/li>\n<\/ul>\n\n\n\n<h4 class=\"wp-block-heading\"><strong>6. Cloud-infrastruktur<\/strong><\/h4>\n\n\n\n<ul class=\"wp-block-list\">\n<li>Fuldt cloud-hostet og administreret af Microsoft med h\u00f8j oppetid og global dataredundans.<\/li>\n\n\n\n<li>Integration med Azure-tjenester, herunder lagring, AI og analyse.<\/li>\n\n\n\n<li>Underst\u00f8tter hybridl\u00f8sninger for virksomheder, der overg\u00e5r fra on-premise til cloud.<\/li>\n<\/ul>\n<\/div>\n\n\n\n<div class=\"wp-block-column has-base-2-background-color has-background is-layout-flow wp-block-column-is-layout-flow\">\n<h2 class=\"wp-block-heading\"><strong>N\u00f8glefunktioner for forretningseffektivitet<\/strong><\/h2>\n\n\n\n<ul class=\"wp-block-list\">\n<li><strong>Samarbejde i realtid<\/strong>: Flere brugere kan redigere dokumenter samtidigt med automatisk lagring.<\/li>\n\n\n\n<li><strong>AI &amp; Copilot Integration<\/strong>: Intelligente forslag i Word, Excel, Outlook og PowerPoint.<\/li>\n\n\n\n<li><strong>Workflow-automatisering<\/strong>: Power Automate automatiserer gentagne forretningsprocesser.<\/li>\n\n\n\n<li><strong>Analyse og rapportering<\/strong>: Power BI leverer dashboards og indsigt baseret p\u00e5 virksomhedens data.<\/li>\n\n\n\n<li><strong>Underst\u00f8ttelse af remote work<\/strong>: Adgang til apps og filer fra enhver enhed \u2013 hvor som helst.<\/li>\n\n\n\n<li><strong>Skalerbar licensering<\/strong>: L\u00f8sninger til sm\u00e5 virksomheder, enterprise og branchespecifikke behov.<\/li>\n<\/ul>\n\n\n\n<div style=\"height:22px\" aria-hidden=\"true\" class=\"wp-block-spacer\"><\/div>\n\n\n\n<h2 class=\"wp-block-heading\"><strong>Fordele for virksomheden<\/strong><\/h2>\n\n\n\n<ul class=\"wp-block-list\">\n<li><strong>Produktivitet<\/strong>: Samler produktivitet, kommunikation og samarbejde i \u00e9n platform.<\/li>\n\n\n\n<li><strong>Sikkerhed<\/strong>: Enterprise-grade sikkerhed p\u00e5 tv\u00e6rs af enheder, data og applikationer.<\/li>\n\n\n\n<li><strong>Omkostningseffektivitet<\/strong>: Reducerer behovet for lokale servere og traditionel softwarelicensering.<\/li>\n\n\n\n<li><strong>Skalerbarhed<\/strong>: Underst\u00f8tter voksende teams og enterprise-niveau implementeringer.<\/li>\n\n\n\n<li><strong>Integration<\/strong>: Fungerer sammen med eksisterende IT-infrastruktur, herunder CRM, ERP og cloudtjenester.<\/li>\n<\/ul>\n\n\n\n<div style=\"height:22px\" aria-hidden=\"true\" class=\"wp-block-spacer\"><\/div>\n\n\n\n<h2 class=\"wp-block-heading\"><strong>Overvejelser ved implementering<\/strong><\/h2>\n\n\n\n<ul class=\"wp-block-list\">\n<li><strong>Identitetsstyring<\/strong>: Ops\u00e6tning af Azure Active Directory og SSO-politikker.<\/li>\n\n\n\n<li><strong>Datamigrering<\/strong>: Planl\u00e6gning af migrering fra legacy-systemer til OneDrive, SharePoint og Exchange Online.<\/li>\n\n\n\n<li><strong>Brugertr\u00e6ning<\/strong>: Sikring af adoption af Teams, SharePoint og AI-funktioner.<\/li>\n\n\n\n<li><strong>Compliance-ops\u00e6tning<\/strong>: Konfiguration af DLP, opbevaringspolitikker og auditlogs.<\/li>\n\n\n\n<li><strong>Enhedsadministration<\/strong>: Implementering af Intune og h\u00e5ndh\u00e6velse af sikkerhedspolitikker p\u00e5 endpoints.<\/li>\n<\/ul>\n\n\n\n<div style=\"height:22px\" aria-hidden=\"true\" class=\"wp-block-spacer\"><\/div>\n\n\n\n<h2 class=\"wp-block-heading\"><strong>Opsummering<\/strong><\/h2>\n\n\n\n<p>Microsoft 365 til virksomheder er en <strong>omfattende, sikker og cloudbaseret produktivitetsplatform,<\/strong> der integrerer samarbejde, kommunikation, datastyring, analyse og automatisering. L\u00f8sningen g\u00f8r det muligt for virksomheder at <strong>arbejde mere effektivt, skalere sikkert og udnytte AI-drevet indsigt<\/strong>\u2013 samtidig med at der opretholdes fuld kontrol og compliance over virksomhedens data.<\/p>\n<\/div>\n<\/div>\n<\/div>\n\n\n\n<div class=\"wp-block-group has-global-padding is-layout-constrained wp-block-group-is-layout-constrained\">\n<div style=\"height:100px\" aria-hidden=\"true\" class=\"wp-block-spacer\"><\/div>\n\n\n\n<h2 class=\"wp-block-heading has-text-align-center has-contrast-color has-text-color has-link-color wp-elements-a11184fa2087b86d321a528c8633d5bd\"><strong>Klar til at <mark style=\"background-color:rgba(0, 0, 0, 0)\" class=\"has-inline-color has-custom-golden-color-color\">Transformere<\/mark> Jeres Virksomhed?<\/strong><\/h2>\n\n\n\n<p class=\"has-text-align-center\">Kontakt os og h\u00f8r, hvordan vi som Microsoft Partner kan hj\u00e6lpe jer med at implementere og integrere Microsoft-l\u00f8sninger\u00a0<strong>der \u00f8ger forretningens effektivitet, salg og v\u00e6kst<\/strong>.<\/p>\n\n\n\n<div class=\"wp-block-buttons is-content-justification-center is-layout-flex wp-container-core-buttons-is-layout-a89b3969 wp-block-buttons-is-layout-flex\">\n<div class=\"wp-block-button\"><a class=\"wp-block-button__link has-contrast-color has-custom-golden-color-background-color has-text-color has-background has-link-color wp-element-button\" href=\"https:\/\/kamme-lee.com\/da\/contact-us\/\">Start Jeres Transformation -&gt;<\/a><\/div>\n\n\n\n<div class=\"wp-block-button\"><a class=\"wp-block-button__link wp-element-button\" href=\"https:\/\/kamme-lee.com\/da\/about-us\/\" style=\"padding-top:0.7rem;padding-right:var(--wp--preset--spacing--10);padding-bottom:0.7rem;padding-left:var(--wp--preset--spacing--10)\">Om Os<\/a><\/div>\n<\/div>\n\n\n\n<div style=\"height:100px\" aria-hidden=\"true\" class=\"wp-block-spacer\"><\/div>\n<\/div>\n<\/div>","protected":false},"excerpt":{"rendered":"<p>Microsoft 365 Microsoft 365 is a all-in one solution Microsoft 365 is a cloud-based productivity and collaboration suite designed for businesses of all sizes. It integrates Office applications, cloud storage, communication tools, security, and device management into a single, unified platform. Core Components 1. Office Productivity Applications 2. Collaboration and Communication 3. Business Applications 4. [&hellip;]<\/p>\n","protected":false},"author":1,"featured_media":0,"parent":0,"menu_order":0,"comment_status":"closed","ping_status":"closed","template":"","meta":{"footnotes":""},"class_list":["post-341","page","type-page","status-publish","hentry"],"yoast_head":"<!-- This site is optimized with the Yoast SEO plugin v27.4 - https:\/\/yoast.com\/product\/yoast-seo-wordpress\/ -->\n<title>Microsoft 365 - Kamme Lee Consulting<\/title>\n<meta name=\"robots\" content=\"index, follow, max-snippet:-1, max-image-preview:large, max-video-preview:-1\" \/>\n<link rel=\"canonical\" href=\"https:\/\/kamme-lee.com\/da\/microsoft-365\/\" \/>\n<meta property=\"og:locale\" content=\"da_DK\" \/>\n<meta property=\"og:type\" content=\"article\" \/>\n<meta property=\"og:title\" content=\"Microsoft 365 - Kamme Lee Consulting\" \/>\n<meta property=\"og:description\" content=\"Microsoft 365 Microsoft 365 is a all-in one solution Microsoft 365 is a cloud-based productivity and collaboration suite designed for businesses of all sizes. It integrates Office applications, cloud storage, communication tools, security, and device management into a single, unified platform. Core Components 1. Office Productivity Applications 2. Collaboration and Communication 3. Business Applications 4. [&hellip;]\" \/>\n<meta property=\"og:url\" content=\"https:\/\/kamme-lee.com\/da\/microsoft-365\/\" \/>\n<meta property=\"og:site_name\" content=\"Kamme Lee Consulting\" \/>\n<meta property=\"article:modified_time\" content=\"2026-01-28T11:26:24+00:00\" \/>\n<meta name=\"twitter:card\" content=\"summary_large_image\" \/>\n<meta name=\"twitter:label1\" content=\"Estimeret l\u00e6setid\" \/>\n\t<meta name=\"twitter:data1\" content=\"3 minutter\" \/>\n<script type=\"application\/ld+json\" class=\"yoast-schema-graph\">{\"@context\":\"https:\\\/\\\/schema.org\",\"@graph\":[{\"@type\":\"WebPage\",\"@id\":\"https:\\\/\\\/kamme-lee.com\\\/microsoft-365\\\/\",\"url\":\"https:\\\/\\\/kamme-lee.com\\\/microsoft-365\\\/\",\"name\":\"Microsoft 365 - Kamme Lee Consulting\",\"isPartOf\":{\"@id\":\"https:\\\/\\\/kamme-lee.com\\\/#website\"},\"datePublished\":\"2025-12-09T20:14:12+00:00\",\"dateModified\":\"2026-01-28T11:26:24+00:00\",\"breadcrumb\":{\"@id\":\"https:\\\/\\\/kamme-lee.com\\\/microsoft-365\\\/#breadcrumb\"},\"inLanguage\":\"da-DK\",\"potentialAction\":[{\"@type\":\"ReadAction\",\"target\":[\"https:\\\/\\\/kamme-lee.com\\\/microsoft-365\\\/\"]}]},{\"@type\":\"BreadcrumbList\",\"@id\":\"https:\\\/\\\/kamme-lee.com\\\/microsoft-365\\\/#breadcrumb\",\"itemListElement\":[{\"@type\":\"ListItem\",\"position\":1,\"name\":\"Home\",\"item\":\"https:\\\/\\\/kamme-lee.com\\\/\"},{\"@type\":\"ListItem\",\"position\":2,\"name\":\"Microsoft 365\"}]},{\"@type\":\"WebSite\",\"@id\":\"https:\\\/\\\/kamme-lee.com\\\/#website\",\"url\":\"https:\\\/\\\/kamme-lee.com\\\/\",\"name\":\"Kamme Lee Consulting\",\"description\":\"Kamme Lee Consulting is built on a simple idea: technology should make work easier \u2014 not more complicated. We help organizations modernize IT landscapes, optimize operations, and unlock measurable growth through smarter digital solutions.\",\"publisher\":{\"@id\":\"https:\\\/\\\/kamme-lee.com\\\/#organization\"},\"potentialAction\":[{\"@type\":\"SearchAction\",\"target\":{\"@type\":\"EntryPoint\",\"urlTemplate\":\"https:\\\/\\\/kamme-lee.com\\\/?s={search_term_string}\"},\"query-input\":{\"@type\":\"PropertyValueSpecification\",\"valueRequired\":true,\"valueName\":\"search_term_string\"}}],\"inLanguage\":\"da-DK\"},{\"@type\":\"Organization\",\"@id\":\"https:\\\/\\\/kamme-lee.com\\\/#organization\",\"name\":\"Kamme Lee Consulting\",\"url\":\"https:\\\/\\\/kamme-lee.com\\\/\",\"logo\":{\"@type\":\"ImageObject\",\"inLanguage\":\"da-DK\",\"@id\":\"https:\\\/\\\/kamme-lee.com\\\/#\\\/schema\\\/logo\\\/image\\\/\",\"url\":\"https:\\\/\\\/kamme-lee.com\\\/wp-content\\\/uploads\\\/2026\\\/01\\\/Website_FullLogo_Transparent_NoBuffer.png\",\"contentUrl\":\"https:\\\/\\\/kamme-lee.com\\\/wp-content\\\/uploads\\\/2026\\\/01\\\/Website_FullLogo_Transparent_NoBuffer.png\",\"width\":1280,\"height\":676,\"caption\":\"Kamme Lee Consulting\"},\"image\":{\"@id\":\"https:\\\/\\\/kamme-lee.com\\\/#\\\/schema\\\/logo\\\/image\\\/\"}}]}<\/script>\n<!-- \/ Yoast SEO plugin. -->","yoast_head_json":{"title":"Microsoft 365 - Kamme Lee Consulting","robots":{"index":"index","follow":"follow","max-snippet":"max-snippet:-1","max-image-preview":"max-image-preview:large","max-video-preview":"max-video-preview:-1"},"canonical":"https:\/\/kamme-lee.com\/da\/microsoft-365\/","og_locale":"da_DK","og_type":"article","og_title":"Microsoft 365 - Kamme Lee Consulting","og_description":"Microsoft 365 Microsoft 365 is a all-in one solution Microsoft 365 is a cloud-based productivity and collaboration suite designed for businesses of all sizes. It integrates Office applications, cloud storage, communication tools, security, and device management into a single, unified platform. Core Components 1. Office Productivity Applications 2. Collaboration and Communication 3. Business Applications 4. [&hellip;]","og_url":"https:\/\/kamme-lee.com\/da\/microsoft-365\/","og_site_name":"Kamme Lee Consulting","article_modified_time":"2026-01-28T11:26:24+00:00","twitter_card":"summary_large_image","twitter_misc":{"Estimeret l\u00e6setid":"3 minutter"},"schema":{"@context":"https:\/\/schema.org","@graph":[{"@type":"WebPage","@id":"https:\/\/kamme-lee.com\/microsoft-365\/","url":"https:\/\/kamme-lee.com\/microsoft-365\/","name":"Microsoft 365 - Kamme Lee Consulting","isPartOf":{"@id":"https:\/\/kamme-lee.com\/#website"},"datePublished":"2025-12-09T20:14:12+00:00","dateModified":"2026-01-28T11:26:24+00:00","breadcrumb":{"@id":"https:\/\/kamme-lee.com\/microsoft-365\/#breadcrumb"},"inLanguage":"da-DK","potentialAction":[{"@type":"ReadAction","target":["https:\/\/kamme-lee.com\/microsoft-365\/"]}]},{"@type":"BreadcrumbList","@id":"https:\/\/kamme-lee.com\/microsoft-365\/#breadcrumb","itemListElement":[{"@type":"ListItem","position":1,"name":"Home","item":"https:\/\/kamme-lee.com\/"},{"@type":"ListItem","position":2,"name":"Microsoft 365"}]},{"@type":"WebSite","@id":"https:\/\/kamme-lee.com\/#website","url":"https:\/\/kamme-lee.com\/","name":"Kamme Lee Consulting","description":"Kamme Lee Consulting er bygget p\u00e5 en simpel id\u00e9: teknologi skal g\u00f8re jeres arbejde lettere \u2014 ikke mere kompliceret. vi hj\u00e6lper organisationer med at modernisere deres IT-landskab, optimere driften og skabe m\u00e5lbar v\u00e6kst gennem smartere digitale l\u00f8sninger.","publisher":{"@id":"https:\/\/kamme-lee.com\/#organization"},"potentialAction":[{"@type":"SearchAction","target":{"@type":"EntryPoint","urlTemplate":"https:\/\/kamme-lee.com\/?s={search_term_string}"},"query-input":{"@type":"PropertyValueSpecification","valueRequired":true,"valueName":"search_term_string"}}],"inLanguage":"da-DK"},{"@type":"Organization","@id":"https:\/\/kamme-lee.com\/#organization","name":"Kamme Lee Consulting","url":"https:\/\/kamme-lee.com\/","logo":{"@type":"ImageObject","inLanguage":"da-DK","@id":"https:\/\/kamme-lee.com\/#\/schema\/logo\/image\/","url":"https:\/\/kamme-lee.com\/wp-content\/uploads\/2026\/01\/Website_FullLogo_Transparent_NoBuffer.png","contentUrl":"https:\/\/kamme-lee.com\/wp-content\/uploads\/2026\/01\/Website_FullLogo_Transparent_NoBuffer.png","width":1280,"height":676,"caption":"Kamme Lee Consulting"},"image":{"@id":"https:\/\/kamme-lee.com\/#\/schema\/logo\/image\/"}}]}},"jetpack_sharing_enabled":true,"brizy_media":[],"_links":{"self":[{"href":"https:\/\/kamme-lee.com\/da\/wp-json\/wp\/v2\/pages\/341","targetHints":{"allow":["GET"]}}],"collection":[{"href":"https:\/\/kamme-lee.com\/da\/wp-json\/wp\/v2\/pages"}],"about":[{"href":"https:\/\/kamme-lee.com\/da\/wp-json\/wp\/v2\/types\/page"}],"author":[{"embeddable":true,"href":"https:\/\/kamme-lee.com\/da\/wp-json\/wp\/v2\/users\/1"}],"replies":[{"embeddable":true,"href":"https:\/\/kamme-lee.com\/da\/wp-json\/wp\/v2\/comments?post=341"}],"version-history":[{"count":4,"href":"https:\/\/kamme-lee.com\/da\/wp-json\/wp\/v2\/pages\/341\/revisions"}],"predecessor-version":[{"id":2263,"href":"https:\/\/kamme-lee.com\/da\/wp-json\/wp\/v2\/pages\/341\/revisions\/2263"}],"wp:attachment":[{"href":"https:\/\/kamme-lee.com\/da\/wp-json\/wp\/v2\/media?parent=341"}],"curies":[{"name":"wp","href":"https:\/\/api.w.org\/{rel}","templated":true}]}}