{"id":405,"date":"2025-12-11T17:40:56","date_gmt":"2025-12-11T16:40:56","guid":{"rendered":"https:\/\/kamme-lee.com\/?page_id=405"},"modified":"2026-01-28T14:48:09","modified_gmt":"2026-01-28T13:48:09","slug":"microsoft-365-implentation-process","status":"publish","type":"page","link":"https:\/\/kamme-lee.com\/da\/microsoft-365-implentation-process\/","title":{"rendered":"Microsoft 365 Implementation Process"},"content":{"rendered":"<div class=\"wp-block-group alignfull has-global-padding is-layout-constrained wp-block-group-is-layout-constrained\">\n<p class=\"has-text-align-center has-custom-golden-color-color has-text-color has-link-color has-small-font-size wp-elements-7e57c215c8ecb9606149be74f8ed9c88\"><strong>Microsoft Implementerings- og Migreringsproces<\/strong><\/p>\n\n\n\n<div class=\"wp-block-group alignfull has-global-padding is-layout-constrained wp-container-core-group-is-layout-c06d165c wp-block-group-is-layout-constrained\" style=\"padding-top:0;padding-right:0;padding-bottom:0;padding-left:0\">\n<div class=\"wp-block-columns alignfull has-medium-font-size is-layout-flex wp-container-core-columns-is-layout-290918d7 wp-block-columns-is-layout-flex\" style=\"margin-top:0;margin-bottom:0;padding-top:var(--wp--preset--spacing--20);padding-right:var(--wp--preset--spacing--30);padding-bottom:var(--wp--preset--spacing--20);padding-left:var(--wp--preset--spacing--30)\">\n<div class=\"wp-block-column has-base-background-color has-background is-layout-flow wp-block-column-is-layout-flow\" style=\"padding-top:0;padding-right:0;padding-bottom:0;padding-left:0\">\n<h2 class=\"wp-block-heading has-text-align-center\"><strong><strong><strong><strong><strong><strong>Vores implementeringsproces<\/strong><\/strong><\/strong><\/strong><\/strong><\/strong><\/h2>\n\n\n\n<div class=\"wp-block-group has-global-padding is-layout-constrained wp-block-group-is-layout-constrained\">\n<h3 class=\"wp-block-heading has-text-align-center\"><strong>1. Konsultation &amp; Vurdering<\/strong><\/h3>\n\n\n\n<p class=\"has-text-align-center\">Vores indledende konsultation og vurdering er designet til at skabe klarhed. Vi gennemg\u00e5r jeres nuv\u00e6rende setup \u2013 teknologi, processer og forretningsm\u00e5l \u2013 for at identificere huller, risici og forbedringsmuligheder. I g\u00e5r derfra med praktiske indsigter, klare prioriteringer og konkrete anbefalinger, skr\u00e6ddersyet til jeres organisation, s\u00e5 I ved pr\u00e6cis, hvor I skal fokusere n\u00e6ste gang \u2013 og hvordan Kamme Lee Consulting kan st\u00f8tte jeres vej fremad.<\/p>\n\n\n\n<h3 class=\"wp-block-heading has-text-align-center\"><strong>2. Planl\u00e6gning &amp; Forberedelse<\/strong><\/h3>\n\n\n\n<p class=\"has-text-align-center\">Vi udarbejder en detaljeret implementerings og migreringsplan, der inkluderer tidsplaner, risikoh\u00e5ndtering, governance og change management.<\/p>\n\n\n\n<h3 class=\"wp-block-heading has-text-align-center\"><strong>3. Konfiguration &amp; Migrering<\/strong><\/h3>\n\n\n\n<p class=\"has-text-align-center\">Jeres Microsoft 365 l\u00f8sning ops\u00e6ttes sikkert, efterfulgt af migrering af mailbokse, filer og systemer med grundig test og kvalitetssikring.<\/p>\n\n\n\n<h3 class=\"wp-block-heading has-text-align-center\"><strong>4. Sikkerhedsh\u00e6rdning<\/strong><\/h3>\n\n\n\n<p class=\"has-text-align-center\">Vi implementerer best-practice sikkerhedspolitikker, compliance-kontroller og governance-rammer for at beskytte jeres milj\u00f8.<\/p>\n\n\n\n<h3 class=\"wp-block-heading has-text-align-center\"><strong>5. Tr\u00e6ning &amp; Adoption<\/strong><\/h3>\n\n\n\n<p class=\"has-text-align-center\">Jeres medarbejdere modtager skr\u00e6ddersyede tr\u00e6ningssessioner, der sikrer h\u00f8j brugeradoption og reducerer modstand mod forandring.<\/p>\n\n\n\n<h3 class=\"wp-block-heading has-text-align-center\"><strong>6. Overdragelse eller L\u00f8bende Support<\/strong><\/h3>\n\n\n\n<p class=\"has-text-align-center\">Vi leverer fuld dokumentation og overdrager enten l\u00f8sningen til jeres interne team eller forts\u00e6tter som jeres langsigtede Microsoft 365-partner.<\/p>\n\n\n\n<div style=\"height:100px\" aria-hidden=\"true\" class=\"wp-block-spacer\"><\/div>\n\n\n\n<div class=\"wp-block-cover alignfull is-light\" style=\"min-height:2863px;aspect-ratio:unset;\"><img data-recalc-dims=\"1\" loading=\"lazy\" decoding=\"async\" width=\"1536\" height=\"1024\" class=\"wp-block-cover__image-background wp-image-1339 size-full\" alt=\"\" src=\"https:\/\/i0.wp.com\/kamme-lee.com\/wp-content\/uploads\/2026\/01\/consultant_bg_f9f9f9.png?resize=1536%2C1024&#038;ssl=1\" data-object-fit=\"cover\" srcset=\"https:\/\/i0.wp.com\/kamme-lee.com\/wp-content\/uploads\/2026\/01\/consultant_bg_f9f9f9.png?w=1536&amp;ssl=1 1536w, https:\/\/i0.wp.com\/kamme-lee.com\/wp-content\/uploads\/2026\/01\/consultant_bg_f9f9f9.png?resize=300%2C200&amp;ssl=1 300w, https:\/\/i0.wp.com\/kamme-lee.com\/wp-content\/uploads\/2026\/01\/consultant_bg_f9f9f9.png?resize=1024%2C683&amp;ssl=1 1024w, https:\/\/i0.wp.com\/kamme-lee.com\/wp-content\/uploads\/2026\/01\/consultant_bg_f9f9f9.png?resize=768%2C512&amp;ssl=1 768w, https:\/\/i0.wp.com\/kamme-lee.com\/wp-content\/uploads\/2026\/01\/consultant_bg_f9f9f9.png?resize=18%2C12&amp;ssl=1 18w, https:\/\/i0.wp.com\/kamme-lee.com\/wp-content\/uploads\/2026\/01\/consultant_bg_f9f9f9.png?resize=1320%2C880&amp;ssl=1 1320w, https:\/\/i0.wp.com\/kamme-lee.com\/wp-content\/uploads\/2026\/01\/consultant_bg_f9f9f9.png?resize=600%2C400&amp;ssl=1 600w\" sizes=\"auto, (max-width: 1000px) 100vw, 1000px\" \/><span aria-hidden=\"true\" class=\"wp-block-cover__background has-background-dim\" style=\"background-color:#dddad9\"><\/span><div class=\"wp-block-cover__inner-container is-layout-flow wp-block-cover-is-layout-flow\">\n<p class=\"has-text-align-center has-large-font-size\"><\/p>\n<\/div><\/div>\n<\/div>\n<\/div>\n\n\n\n<div class=\"wp-block-column has-base-background-color has-background is-layout-flow wp-block-column-is-layout-flow\">\n<h2 class=\"wp-block-heading has-text-align-center\"><strong>Eksempel p\u00e5 en komplet og sikker Microsoft 365-implementering<\/strong><\/h2>\n\n\n\n<p class=\"has-text-align-center\"><strong>En ny Microsoft 365-ops\u00e6tning indeholder alt, jeres organisation har brug for til at arbejde sikkert og effektivt i skyen.<\/strong><\/p>\n\n\n\n<h4 class=\"wp-block-heading has-text-align-center\"><strong>Tenant-oprettelse &amp; Grundkonfiguration<\/strong><\/h4>\n\n\n\n<p class=\"has-text-align-center\">- Oprettelse og konfiguration af en helt ny Microsoft 365-tenant<\/p>\n\n\n\n<p class=\"has-text-align-center\">- Tilslutning og verificering af virksomhedsdom\u00e6ner<\/p>\n\n\n\n<p class=\"has-text-align-center\">- Ops\u00e6tning af brugerstruktur, grupper og administratorroller<\/p>\n\n\n\n<p class=\"has-text-align-center\">- Tildeling af licenser og brugere<\/p>\n\n\n\n<p class=\"has-text-align-center\">- Implementering af best-practice governance og organisatoriske standarder<\/p>\n\n\n\n<p class=\"has-text-align-center\"><strong>En korrekt konfigureret tenant sikrer langsigtet stabilitet, sikkerhed og nem administration.<\/strong><\/p>\n\n\n\n<h3 class=\"wp-block-heading has-text-align-center\"><strong>Moderne Sikkerhed &amp; Enhedsstyring<\/strong><\/h3>\n\n\n\n<p class=\"has-text-align-center\"><strong>Vi sikrer, at brugere, enheder og data er beskyttet fra dag \u00e9t.<\/strong><\/p>\n\n\n\n<h4 class=\"wp-block-heading has-text-align-center\"><strong>Microsoft Intune (Endpoint Management)<\/strong><\/h4>\n\n\n\n<p class=\"has-text-align-center\">- Device Enrollment af enheder (Windows, macOS, iOS, Android)<\/p>\n\n\n\n<p class=\"has-text-align-center\">Sikkerhedsbaselines og compliance-politikker<\/p>\n\n\n\n<p class=\"has-text-align-center\">Applikationsstyring og udrulning<\/p>\n\n\n\n<p class=\"has-text-align-center\">H\u00e5ndh\u00e6velse af Conditional Access<\/p>\n\n\n\n<p class=\"has-text-align-center\">Beskyttelse af mistede enheder (wipe\/l\u00e5s)<\/p>\n\n\n\n<p class=\"has-text-align-center\"><strong>Intune giver samlet og moderne administration af alle virksomhedens enheder og reducerer risiko samtidig med, at driften forenkles.<\/strong><\/p>\n\n\n\n<h4 class=\"wp-block-heading has-text-align-center\"><strong>Microsoft Defender (Trusselsbeskyttelse)<\/strong><\/h4>\n\n\n\n<p class=\"has-text-align-center\">- Ops\u00e6tning af endpoint-sikkerhed og politikker<\/p>\n\n\n\n<p class=\"has-text-align-center\">- Realtids trusselsdetektion og rapportering<\/p>\n\n\n\n<p class=\"has-text-align-center\">- Anti-malware-, ransomware-beskyttelse og automatisk afhj\u00e6lpning<\/p>\n\n\n\n<p class=\"has-text-align-center\">Risikovurdering af enheder og sikre konfigurationsbaselines<\/p>\n\n\n\n<p class=\"has-text-align-center\"><strong> Defender tilf\u00f8jer et afg\u00f8rende sikkerhedslag, der beskytter brugere og endpoints d\u00f8gnet rundt.<\/strong><\/p>\n\n\n\n<h3 class=\"wp-block-heading has-text-align-center\"><strong>E-mail, Lagring &amp; Kommunikation<\/strong><\/h3>\n\n\n\n<p class=\"has-text-align-center\"><strong>Vi konfigurerer de centrale Microsoft 365-v\u00e6rkt\u00f8jer, som jeres teams bruger dagligt.<\/strong><\/p>\n\n\n\n<h4 class=\"wp-block-heading has-text-align-center\"><strong>Exchange Online<\/strong><\/h4>\n\n\n\n<p class=\"has-text-align-center\">- Mailrouting og dom\u00e6neops\u00e6tning<\/p>\n\n\n\n<p class=\"has-text-align-center\">- Oprettelse af mailbokse og politikker<\/p>\n\n\n\n<p class=\"has-text-align-center\">- Anti-spam- og anti-phishing-beskyttelse<\/p>\n\n\n\n<p class=\"has-text-align-center\">- Delte mailbokse, distributionslister og aliaser<\/p>\n\n\n\n<h4 class=\"wp-block-heading has-text-align-center\"><strong>OneDrive for Business<\/strong><\/h4>\n\n\n\n<p class=\"has-text-align-center\">- Personlig cloudlagring til alle brugere<\/p>\n\n\n\n<p class=\"has-text-align-center\">- Synkronisering og delingskontroller<\/p>\n\n\n\n<p class=\"has-text-align-center\">- Sikkerheds- og compliance-politikker<\/p>\n\n\n\n<p class=\"has-text-align-center\">- Brugertr\u00e6ning i best practices<\/p>\n\n\n\n<h4 class=\"wp-block-heading has-text-align-center\"><strong>Teams<\/strong><\/h4>\n\n\n\n<p class=\"has-text-align-center\">- Teams-struktur, indstillinger og politikker<\/p>\n\n\n\n<p class=\"has-text-align-center\">- M\u00f8de-, chat- og opkaldsops\u00e6tning<\/p>\n\n\n\n<p class=\"has-text-align-center\">- App-tilladelser og konfiguration<\/p>\n\n\n\n<p class=\"has-text-align-center\">- Skabeloner og governance<\/p>\n\n\n\n<h4 class=\"wp-block-heading has-text-align-center\"><strong>SharePoint Online<\/strong><\/h4>\n\n\n\n<p class=\"has-text-align-center\">- Grundops\u00e6tning af sites og informationsarkitektur<\/p>\n\n\n\n<p class=\"has-text-align-center\">- Rettigheder, deling og adgangspolitikker<\/p>\n\n\n\n<p class=\"has-text-align-center\">- Skabeloner til afdelings- og projektsites<\/p>\n\n\n\n<p class=\"has-text-align-center\">- Best practices for dokumenth\u00e5ndtering<\/p>\n\n\n\n<p class=\"has-text-align-center\"><strong>Alt konfigureres med fokus p\u00e5 sikkerhed, brugervenlighed og effektivt samarbejde.<\/strong><\/p>\n\n\n\n<h3 class=\"wp-block-heading has-text-align-center\"><strong>Identitet, Adgang &amp; Governance<\/strong><\/h3>\n\n\n\n<p class=\"has-text-align-center\"><strong>Vi etablerer et st\u00e6rkt identitetsfundament, der beskytter adgangen til jeres milj\u00f8.<\/strong><\/p>\n\n\n\n<p class=\"has-text-align-center\">- Ops\u00e6tning og konfiguration af Azure AD<\/p>\n\n\n\n<p class=\"has-text-align-center\">- Rollebaseret adgangsstyring (RBAC)<\/p>\n\n\n\n<p class=\"has-text-align-center\">- Multi-faktor-godkendelse (MFA)<\/p>\n\n\n\n<p class=\"has-text-align-center\">- Conditional Access-politikker<\/p>\n\n\n\n<p class=\"has-text-align-center\">- Passwordpolitikker og identitetsbeskyttelse<\/p>\n\n\n\n<p class=\"has-text-align-center\">- Compliance- og opbevaringspolitikker<\/p>\n\n\n\n<p class=\"has-text-align-center\"><strong>En sikker identitetsstruktur sikrer, at de rette personer har adgang til de rette data p\u00e5 det rette tidspunkt.<\/strong><\/p>\n\n\n\n<h3 class=\"wp-block-heading has-text-align-center\"><strong>Samarbejds- &amp; Produktivitetsfundament<\/strong><\/h3>\n\n\n\n<p class=\"has-text-align-center\"><strong>Vi skaber strukturer, der g\u00f8r samarbejde mere effektivt.<\/strong><\/p>\n\n\n\n<p class=\"has-text-align-center\">- Navngivningsstandarder for grupper og Teams<\/p>\n\n\n\n<p class=\"has-text-align-center\">- Governance og livscyklusstyring af samarbejde<\/p>\n\n\n\n<p class=\"has-text-align-center\">- Standardiserede skabeloner til afdelinger og projekter<\/p>\n\n\n\n<p class=\"has-text-align-center\">- Fortrolighedsm\u00e6rkater og dataklassificering<\/p>\n\n\n\n<p class=\"has-text-align-center\">- Delingspolitikker for interne og eksterne brugere<\/p>\n\n\n\n<p class=\"has-text-align-center\"><strong>Dette reducerer kaos og sikrer et organiseret og overskueligt digitalt arbejdsmilj\u00f8.<\/strong><\/p>\n\n\n\n<h3 class=\"wp-block-heading has-text-align-center\"><strong>Dokumentation &amp; Administratortr\u00e6ning<\/strong><\/h3>\n\n\n\n<p class=\"has-text-align-center\">Alle Microsoft 365-implementeringer inkluderer grundig dokumentation og vidensoverdragelse.<\/p>\n\n\n\n<p class=\"has-text-align-center\">- Administratorvejledninger tilpasset jeres milj\u00f8<\/p>\n\n\n\n<p class=\"has-text-align-center\">- Best-practice vejledning til brug og vedligeholdelse<\/p>\n\n\n\n<p class=\"has-text-align-center\">- Dokumentation af sikkerhed og governance<\/p>\n\n\n\n<p class=\"has-text-align-center\">- Live tr\u00e6ningssessioner for administratorer<\/p>\n\n\n\n<p class=\"has-text-align-center\">- Rollebaseret tr\u00e6ning af medarbejdere<\/p>\n\n\n\n<p class=\"has-text-align-center\"><strong>Jeres interne team bliver kl\u00e6dt p\u00e5 til at administrere og drive Microsoft 365 med fuld tillid.<\/strong><\/p>\n\n\n\n<h3 class=\"wp-block-heading has-text-align-center\"><strong>Valgfrie Tilvalg<\/strong><\/h3>\n\n\n\n<p class=\"has-text-align-center\"><strong>Udvid jeres Microsoft 365-setup med ekstra services.<\/strong><\/p>\n\n\n\n<p class=\"has-text-align-center\">- Migrering af e-mail, filer og arkiver<\/p>\n\n\n\n<p class=\"has-text-align-center\">- Integration med Dynamics 365<\/p>\n\n\n\n<p class=\"has-text-align-center\">- Power Platform-automatisering og low-code apps<\/p>\n\n\n\n<p class=\"has-text-align-center\">- Udvikling af intranet<\/p>\n\n\n\n<p class=\"has-text-align-center\">- Hybrid identitet eller on-premise integration<\/p>\n\n\n\n<p class=\"has-text-align-center\"><strong>Vi tilpasser altid implementeringen til jeres forretningsbehov.<\/strong><\/p>\n<\/div>\n<\/div>\n<\/div>\n\n\n\n<div class=\"wp-block-group has-global-padding is-layout-constrained wp-block-group-is-layout-constrained\">\n<div style=\"height:100px\" aria-hidden=\"true\" class=\"wp-block-spacer\"><\/div>\n\n\n\n<h2 class=\"wp-block-heading has-text-align-center has-contrast-color has-text-color has-link-color wp-elements-a11184fa2087b86d321a528c8633d5bd\"><strong>Klar til at <mark style=\"background-color:rgba(0, 0, 0, 0)\" class=\"has-inline-color has-custom-golden-color-color\">Transformere<\/mark> Jeres Virksomhed?<\/strong><\/h2>\n\n\n\n<p class=\"has-text-align-center\">Kontakt os og h\u00f8r, hvordan vi som Microsoft Partner kan hj\u00e6lpe jer med at implementere og integrere Microsoft-l\u00f8sninger&nbsp;<strong>der \u00f8ger forretningens effektivitet, salg og v\u00e6kst<\/strong>.<\/p>\n\n\n\n<div class=\"wp-block-buttons is-content-justification-center is-layout-flex wp-container-core-buttons-is-layout-a89b3969 wp-block-buttons-is-layout-flex\">\n<div class=\"wp-block-button\"><a class=\"wp-block-button__link has-contrast-color has-custom-golden-color-background-color has-text-color has-background has-link-color wp-element-button\" href=\"https:\/\/kamme-lee.com\/da\/contact-us\/\">Start Jeres Transformation -&gt;<\/a><\/div>\n\n\n\n<div class=\"wp-block-button\"><a class=\"wp-block-button__link wp-element-button\" href=\"https:\/\/kamme-lee.com\/da\/about-us\/\" style=\"padding-top:0.7rem;padding-right:var(--wp--preset--spacing--10);padding-bottom:0.7rem;padding-left:var(--wp--preset--spacing--10)\">Om Os<\/a><\/div>\n<\/div>\n\n\n\n<div style=\"height:100px\" aria-hidden=\"true\" class=\"wp-block-spacer\"><\/div>\n<\/div>\n<\/div>","protected":false},"excerpt":{"rendered":"<p>Microsoft Implementation\/Migration Process Our Implementation Process 1. Discovery &amp; Assessment We evaluate your current systems, data sources, security requirements, and business goals to build a clear, actionable roadmap. 2. Planning &amp; Preparation We develop a detailed migration plan, including timelines, risk mitigation, governance, and change management. 3. Configuration &amp; Migration Your Microsoft 365 tenant is [&hellip;]<\/p>\n","protected":false},"author":1,"featured_media":0,"parent":0,"menu_order":0,"comment_status":"closed","ping_status":"closed","template":"","meta":{"footnotes":""},"class_list":["post-405","page","type-page","status-publish","hentry"],"yoast_head":"<!-- This site is optimized with the Yoast SEO plugin v27.4 - https:\/\/yoast.com\/product\/yoast-seo-wordpress\/ -->\n<title>Microsoft 365 Implementation Process - Kamme Lee Consulting<\/title>\n<meta name=\"robots\" content=\"index, follow, max-snippet:-1, max-image-preview:large, max-video-preview:-1\" \/>\n<link rel=\"canonical\" href=\"https:\/\/kamme-lee.com\/da\/microsoft-365-implentation-process\/\" \/>\n<meta property=\"og:locale\" content=\"da_DK\" \/>\n<meta property=\"og:type\" content=\"article\" \/>\n<meta property=\"og:title\" content=\"Microsoft 365 Implementation Process - Kamme Lee Consulting\" \/>\n<meta property=\"og:description\" content=\"Microsoft Implementation\/Migration Process Our Implementation Process 1. Discovery &amp; Assessment We evaluate your current systems, data sources, security requirements, and business goals to build a clear, actionable roadmap. 2. Planning &amp; Preparation We develop a detailed migration plan, including timelines, risk mitigation, governance, and change management. 3. Configuration &amp; Migration Your Microsoft 365 tenant is [&hellip;]\" \/>\n<meta property=\"og:url\" content=\"https:\/\/kamme-lee.com\/da\/microsoft-365-implentation-process\/\" \/>\n<meta property=\"og:site_name\" content=\"Kamme Lee Consulting\" \/>\n<meta property=\"article:modified_time\" content=\"2026-01-28T13:48:09+00:00\" \/>\n<meta property=\"og:image\" content=\"https:\/\/kamme-lee.com\/wp-content\/uploads\/2026\/01\/consultant_bg_f9f9f9.png\" \/>\n<meta name=\"twitter:card\" content=\"summary_large_image\" \/>\n<meta name=\"twitter:label1\" content=\"Estimeret l\u00e6setid\" \/>\n\t<meta name=\"twitter:data1\" content=\"3 minutter\" \/>\n<script type=\"application\/ld+json\" class=\"yoast-schema-graph\">{\"@context\":\"https:\\\/\\\/schema.org\",\"@graph\":[{\"@type\":\"WebPage\",\"@id\":\"https:\\\/\\\/kamme-lee.com\\\/microsoft-365-implentation-process\\\/\",\"url\":\"https:\\\/\\\/kamme-lee.com\\\/microsoft-365-implentation-process\\\/\",\"name\":\"Microsoft 365 Implementation Process - Kamme Lee Consulting\",\"isPartOf\":{\"@id\":\"https:\\\/\\\/kamme-lee.com\\\/#website\"},\"primaryImageOfPage\":{\"@id\":\"https:\\\/\\\/kamme-lee.com\\\/microsoft-365-implentation-process\\\/#primaryimage\"},\"image\":{\"@id\":\"https:\\\/\\\/kamme-lee.com\\\/microsoft-365-implentation-process\\\/#primaryimage\"},\"thumbnailUrl\":\"https:\\\/\\\/kamme-lee.com\\\/wp-content\\\/uploads\\\/2026\\\/01\\\/consultant_bg_f9f9f9.png\",\"datePublished\":\"2025-12-11T16:40:56+00:00\",\"dateModified\":\"2026-01-28T13:48:09+00:00\",\"breadcrumb\":{\"@id\":\"https:\\\/\\\/kamme-lee.com\\\/microsoft-365-implentation-process\\\/#breadcrumb\"},\"inLanguage\":\"da-DK\",\"potentialAction\":[{\"@type\":\"ReadAction\",\"target\":[\"https:\\\/\\\/kamme-lee.com\\\/microsoft-365-implentation-process\\\/\"]}]},{\"@type\":\"ImageObject\",\"inLanguage\":\"da-DK\",\"@id\":\"https:\\\/\\\/kamme-lee.com\\\/microsoft-365-implentation-process\\\/#primaryimage\",\"url\":\"https:\\\/\\\/kamme-lee.com\\\/wp-content\\\/uploads\\\/2026\\\/01\\\/consultant_bg_f9f9f9.png\",\"contentUrl\":\"https:\\\/\\\/kamme-lee.com\\\/wp-content\\\/uploads\\\/2026\\\/01\\\/consultant_bg_f9f9f9.png\"},{\"@type\":\"BreadcrumbList\",\"@id\":\"https:\\\/\\\/kamme-lee.com\\\/microsoft-365-implentation-process\\\/#breadcrumb\",\"itemListElement\":[{\"@type\":\"ListItem\",\"position\":1,\"name\":\"Home\",\"item\":\"https:\\\/\\\/kamme-lee.com\\\/\"},{\"@type\":\"ListItem\",\"position\":2,\"name\":\"Microsoft 365 Implementation Process\"}]},{\"@type\":\"WebSite\",\"@id\":\"https:\\\/\\\/kamme-lee.com\\\/#website\",\"url\":\"https:\\\/\\\/kamme-lee.com\\\/\",\"name\":\"Kamme Lee Consulting\",\"description\":\"Kamme Lee Consulting is built on a simple idea: technology should make work easier \u2014 not more complicated. We help organizations modernize IT landscapes, optimize operations, and unlock measurable growth through smarter digital solutions.\",\"publisher\":{\"@id\":\"https:\\\/\\\/kamme-lee.com\\\/#organization\"},\"potentialAction\":[{\"@type\":\"SearchAction\",\"target\":{\"@type\":\"EntryPoint\",\"urlTemplate\":\"https:\\\/\\\/kamme-lee.com\\\/?s={search_term_string}\"},\"query-input\":{\"@type\":\"PropertyValueSpecification\",\"valueRequired\":true,\"valueName\":\"search_term_string\"}}],\"inLanguage\":\"da-DK\"},{\"@type\":\"Organization\",\"@id\":\"https:\\\/\\\/kamme-lee.com\\\/#organization\",\"name\":\"Kamme Lee Consulting\",\"url\":\"https:\\\/\\\/kamme-lee.com\\\/\",\"logo\":{\"@type\":\"ImageObject\",\"inLanguage\":\"da-DK\",\"@id\":\"https:\\\/\\\/kamme-lee.com\\\/#\\\/schema\\\/logo\\\/image\\\/\",\"url\":\"https:\\\/\\\/kamme-lee.com\\\/wp-content\\\/uploads\\\/2026\\\/01\\\/Website_FullLogo_Transparent_NoBuffer.png\",\"contentUrl\":\"https:\\\/\\\/kamme-lee.com\\\/wp-content\\\/uploads\\\/2026\\\/01\\\/Website_FullLogo_Transparent_NoBuffer.png\",\"width\":1280,\"height\":676,\"caption\":\"Kamme Lee Consulting\"},\"image\":{\"@id\":\"https:\\\/\\\/kamme-lee.com\\\/#\\\/schema\\\/logo\\\/image\\\/\"}}]}<\/script>\n<!-- \/ Yoast SEO plugin. -->","yoast_head_json":{"title":"Microsoft 365 Implementation Process - Kamme Lee Consulting","robots":{"index":"index","follow":"follow","max-snippet":"max-snippet:-1","max-image-preview":"max-image-preview:large","max-video-preview":"max-video-preview:-1"},"canonical":"https:\/\/kamme-lee.com\/da\/microsoft-365-implentation-process\/","og_locale":"da_DK","og_type":"article","og_title":"Microsoft 365 Implementation Process - Kamme Lee Consulting","og_description":"Microsoft Implementation\/Migration Process Our Implementation Process 1. Discovery &amp; Assessment We evaluate your current systems, data sources, security requirements, and business goals to build a clear, actionable roadmap. 2. Planning &amp; Preparation We develop a detailed migration plan, including timelines, risk mitigation, governance, and change management. 3. Configuration &amp; Migration Your Microsoft 365 tenant is [&hellip;]","og_url":"https:\/\/kamme-lee.com\/da\/microsoft-365-implentation-process\/","og_site_name":"Kamme Lee Consulting","article_modified_time":"2026-01-28T13:48:09+00:00","og_image":[{"url":"https:\/\/kamme-lee.com\/wp-content\/uploads\/2026\/01\/consultant_bg_f9f9f9.png","type":"","width":"","height":""}],"twitter_card":"summary_large_image","twitter_misc":{"Estimeret l\u00e6setid":"3 minutter"},"schema":{"@context":"https:\/\/schema.org","@graph":[{"@type":"WebPage","@id":"https:\/\/kamme-lee.com\/microsoft-365-implentation-process\/","url":"https:\/\/kamme-lee.com\/microsoft-365-implentation-process\/","name":"Microsoft 365 Implementation Process - Kamme Lee Consulting","isPartOf":{"@id":"https:\/\/kamme-lee.com\/#website"},"primaryImageOfPage":{"@id":"https:\/\/kamme-lee.com\/microsoft-365-implentation-process\/#primaryimage"},"image":{"@id":"https:\/\/kamme-lee.com\/microsoft-365-implentation-process\/#primaryimage"},"thumbnailUrl":"https:\/\/kamme-lee.com\/wp-content\/uploads\/2026\/01\/consultant_bg_f9f9f9.png","datePublished":"2025-12-11T16:40:56+00:00","dateModified":"2026-01-28T13:48:09+00:00","breadcrumb":{"@id":"https:\/\/kamme-lee.com\/microsoft-365-implentation-process\/#breadcrumb"},"inLanguage":"da-DK","potentialAction":[{"@type":"ReadAction","target":["https:\/\/kamme-lee.com\/microsoft-365-implentation-process\/"]}]},{"@type":"ImageObject","inLanguage":"da-DK","@id":"https:\/\/kamme-lee.com\/microsoft-365-implentation-process\/#primaryimage","url":"https:\/\/kamme-lee.com\/wp-content\/uploads\/2026\/01\/consultant_bg_f9f9f9.png","contentUrl":"https:\/\/kamme-lee.com\/wp-content\/uploads\/2026\/01\/consultant_bg_f9f9f9.png"},{"@type":"BreadcrumbList","@id":"https:\/\/kamme-lee.com\/microsoft-365-implentation-process\/#breadcrumb","itemListElement":[{"@type":"ListItem","position":1,"name":"Home","item":"https:\/\/kamme-lee.com\/"},{"@type":"ListItem","position":2,"name":"Microsoft 365 Implementation Process"}]},{"@type":"WebSite","@id":"https:\/\/kamme-lee.com\/#website","url":"https:\/\/kamme-lee.com\/","name":"Kamme Lee Consulting","description":"Kamme Lee Consulting er bygget p\u00e5 en simpel id\u00e9: teknologi skal g\u00f8re jeres arbejde lettere \u2014 ikke mere kompliceret. vi hj\u00e6lper organisationer med at modernisere deres IT-landskab, optimere driften og skabe m\u00e5lbar v\u00e6kst gennem smartere digitale l\u00f8sninger.","publisher":{"@id":"https:\/\/kamme-lee.com\/#organization"},"potentialAction":[{"@type":"SearchAction","target":{"@type":"EntryPoint","urlTemplate":"https:\/\/kamme-lee.com\/?s={search_term_string}"},"query-input":{"@type":"PropertyValueSpecification","valueRequired":true,"valueName":"search_term_string"}}],"inLanguage":"da-DK"},{"@type":"Organization","@id":"https:\/\/kamme-lee.com\/#organization","name":"Kamme Lee Consulting","url":"https:\/\/kamme-lee.com\/","logo":{"@type":"ImageObject","inLanguage":"da-DK","@id":"https:\/\/kamme-lee.com\/#\/schema\/logo\/image\/","url":"https:\/\/kamme-lee.com\/wp-content\/uploads\/2026\/01\/Website_FullLogo_Transparent_NoBuffer.png","contentUrl":"https:\/\/kamme-lee.com\/wp-content\/uploads\/2026\/01\/Website_FullLogo_Transparent_NoBuffer.png","width":1280,"height":676,"caption":"Kamme Lee Consulting"},"image":{"@id":"https:\/\/kamme-lee.com\/#\/schema\/logo\/image\/"}}]}},"jetpack_sharing_enabled":true,"brizy_media":[],"_links":{"self":[{"href":"https:\/\/kamme-lee.com\/da\/wp-json\/wp\/v2\/pages\/405","targetHints":{"allow":["GET"]}}],"collection":[{"href":"https:\/\/kamme-lee.com\/da\/wp-json\/wp\/v2\/pages"}],"about":[{"href":"https:\/\/kamme-lee.com\/da\/wp-json\/wp\/v2\/types\/page"}],"author":[{"embeddable":true,"href":"https:\/\/kamme-lee.com\/da\/wp-json\/wp\/v2\/users\/1"}],"replies":[{"embeddable":true,"href":"https:\/\/kamme-lee.com\/da\/wp-json\/wp\/v2\/comments?post=405"}],"version-history":[{"count":4,"href":"https:\/\/kamme-lee.com\/da\/wp-json\/wp\/v2\/pages\/405\/revisions"}],"predecessor-version":[{"id":2285,"href":"https:\/\/kamme-lee.com\/da\/wp-json\/wp\/v2\/pages\/405\/revisions\/2285"}],"wp:attachment":[{"href":"https:\/\/kamme-lee.com\/da\/wp-json\/wp\/v2\/media?parent=405"}],"curies":[{"name":"wp","href":"https:\/\/api.w.org\/{rel}","templated":true}]}}