{"id":465,"date":"2025-12-13T15:00:24","date_gmt":"2025-12-13T14:00:24","guid":{"rendered":"https:\/\/kamme-lee.com\/?page_id=465"},"modified":"2026-01-20T23:21:43","modified_gmt":"2026-01-20T22:21:43","slug":"hardware-updates-maintenance-and-support","status":"publish","type":"page","link":"https:\/\/kamme-lee.com\/da\/hardware-updates-maintenance-and-support\/","title":{"rendered":"Hardwareopdateringer, vedligeholdelse og support"},"content":{"rendered":"<div class=\"wp-block-group alignfull has-global-padding is-layout-constrained wp-block-group-is-layout-constrained\">\n<p class=\"has-text-align-center has-custom-golden-color-color has-text-color has-link-color has-small-font-size wp-elements-bcee757e47de0db61c79a8bbd6fe7ec6\">Hardwareopdateringer, vedligeholdelse og support <\/p>\n\n\n\n<h2 class=\"wp-block-heading has-text-align-center\"><strong><strong><strong><strong>Hold jeres teknologi stabil og velfungerende<\/strong><\/strong><\/strong><\/strong><\/h2>\n\n\n\n<p class=\"has-text-align-center\">Moderne forretning er afh\u00e6ngig af p\u00e5lidelig og opdateret hardware. Hos Kamme Lee Consulting hj\u00e6lper vi organisationer med at etablere strukturerede programmer for hardwarevedligeholdelse, opdateringer og support, s\u00e5 laptops, workstations, servere og netv\u00e6rksudstyr forbliver sikre, effektive og fuldt funktionsdygtige.<\/p>\n\n\n\n<p class=\"has-text-align-center\">Proaktiv hardwarestyring forebygger uventet nedetid og dyre driftsforstyrrelser.<\/p>\n\n\n\n<div class=\"wp-block-group alignfull has-global-padding is-layout-constrained wp-container-core-group-is-layout-c06d165c wp-block-group-is-layout-constrained\" style=\"padding-top:0;padding-right:0;padding-bottom:0;padding-left:0\">\n<div class=\"wp-block-columns alignfull has-medium-font-size is-layout-flex wp-container-core-columns-is-layout-290918d7 wp-block-columns-is-layout-flex\" style=\"margin-top:0;margin-bottom:0;padding-top:var(--wp--preset--spacing--20);padding-right:var(--wp--preset--spacing--30);padding-bottom:var(--wp--preset--spacing--20);padding-left:var(--wp--preset--spacing--30)\">\n<div class=\"wp-block-column has-base-2-background-color has-background is-layout-flow wp-block-column-is-layout-flow\" style=\"padding-top:0;padding-right:0;padding-bottom:0;padding-left:0\">\n<h3 class=\"wp-block-heading\"><strong><strong><strong>Hvorfor jeres virksomhed har brug for hardwareopdateringer og vedligeholdelse<\/strong><\/strong><\/strong><\/h3>\n\n\n\n<p>Maksim\u00e9r driftssikkerhed og oppetid, for\u00e6ldet eller mangelfuldt vedligeholdt hardware kan f\u00f8re til systemfejl og tab af produktivitet. Regelm\u00e6ssige opdateringer og vedligeholdelse sikrer:<\/p>\n\n\n\n<ul class=\"wp-block-list\">\n<li>Stabil performance p\u00e5 tv\u00e6rs af enheder og infrastruktur<\/li>\n\n\n\n<li>Tidlig identifikation af hardwareproblemer, f\u00f8r de udvikler sig<\/li>\n\n\n\n<li>Reduceret nedetid for medarbejdere og kritiske systemer<\/li>\n<\/ul>\n\n\n\n<p>Jeres forretning forbliver produktiv \u2013 uden afbrydelser.<\/p>\n<\/div>\n\n\n\n<div class=\"wp-block-column has-base-2-background-color has-background is-layout-flow wp-block-column-is-layout-flow\">\n<h3 class=\"wp-block-heading\"><strong>Beskyt jeres investeringer<\/strong><\/h3>\n\n\n\n<p>Hardware udg\u00f8r en v\u00e6sentlig investering for enhver virksomhed.<\/p>\n\n\n\n<p>Vedligeholdelsesprogrammer hj\u00e6lper jer med at:<\/p>\n\n\n\n<ul class=\"wp-block-list\">\n<li>Forl\u00e6nge levetiden p\u00e5 workstations, servere og netv\u00e6rksudstyr<\/li>\n\n\n\n<li>Sikre kompatibilitet med moderne software og platforme<\/li>\n\n\n\n<li>Reducere udskiftningsomkostninger gennem proaktiv styring<\/li>\n<\/ul>\n\n\n\n<p>I f\u00e5r mere v\u00e6rdi ud af hvert enkelt hardwareaktiv.<\/p>\n<\/div>\n\n\n\n<div class=\"wp-block-column has-base-2-background-color has-background is-layout-flow wp-block-column-is-layout-flow\">\n<h3 class=\"wp-block-heading\"><strong><strong><strong>Oprethold sikkerhed og compliance<\/strong><\/strong><\/strong><\/h3>\n\n\n\n<p>S\u00e5rbarheder i hardware kan udg\u00f8re en alvorlig forretningsrisiko. Professionel vedligeholdelse sikrer, at:<\/p>\n\n\n\n<ul class=\"wp-block-list\">\n<li>Firmware- og driveropdateringer installeres rettidigt<\/li>\n\n\n\n<li>Sikkerhedspatches anvendes konsekvent<\/li>\n\n\n\n<li>Systemer lever op til interne politikker og regulatoriske krav<\/li>\n<\/ul>\n\n\n\n<p>Det reducerer risikoen for sikkerhedsh\u00e6ndelser og compliance-brud.<\/p>\n<\/div>\n<\/div>\n\n\n\n<div class=\"wp-block-columns alignfull is-layout-flex wp-container-core-columns-is-layout-c8bf6435 wp-block-columns-is-layout-flex\" style=\"padding-right:var(--wp--preset--spacing--30);padding-left:var(--wp--preset--spacing--30)\">\n<div class=\"wp-block-column has-base-2-background-color has-background is-layout-flow wp-block-column-is-layout-flow\">\n<h3 class=\"wp-block-heading\"><strong>Support til hurtig probleml\u00f8sning<\/strong><\/h3>\n\n\n\n<p>N\u00e5r hardware svigter, er hurtig handling afg\u00f8rende. Supportydelser giver jer:<\/p>\n\n\n\n<ul class=\"wp-block-list\">\n<li>Ekspertfejls\u00f8gning og teknisk assistance<\/li>\n\n\n\n<li>Mulighed for b\u00e5de fjernsupport og on-site support<\/li>\n\n\n\n<li>H\u00e5ndtering af reparationer og udskiftninger<\/li>\n<\/ul>\n\n\n\n<p>Problemer l\u00f8ses hurtigt \u2013 med minimal p\u00e5virkning af driften.<\/p>\n<\/div>\n\n\n\n<div class=\"wp-block-column has-base-2-background-color has-background is-layout-flow wp-block-column-is-layout-flow\">\n<h3 class=\"wp-block-heading\"><strong>D<\/strong><strong>esignet til moderne forretningsmilj\u00f8er<\/strong><\/h3>\n\n\n\n<p>Hardwarevedligeholdelse og support integreres med:<\/p>\n\n\n\n<ul class=\"wp-block-list\">\n<li>Workstations, laptops og mobile enheder<\/li>\n\n\n\n<li>Servere, lagring og netv\u00e6rksinfrastruktur<\/li>\n\n\n\n<li>Samarbejds- og kommunikationssystemer<\/li>\n\n\n\n<li>Cloud- og hybrid-IT-milj\u00f8er<\/li>\n<\/ul>\n\n\n\n<p>Det sikrer, at hele jeres IT-\u00f8kosystem k\u00f8rer stabilt og sikkert.<\/p>\n<\/div>\n\n\n\n<div class=\"wp-block-column has-base-2-background-color has-background is-layout-flow wp-block-column-is-layout-flow\">\n<h3 class=\"wp-block-heading\"><strong>Hvordan Kamme Lee Consulting hj\u00e6lper jer<\/strong><\/h3>\n\n\n\n<p>Hos Kamme Lee Consulting hj\u00e6lper vi jer med at:<\/p>\n\n\n\n<ul class=\"wp-block-list\">\n<li>Udvikle en hardwarevedligeholdelses- og supportplan tilpasset jeres milj\u00f8<\/li>\n\n\n\n<li>Planl\u00e6gge proaktive opdateringer og forebyggende vedligeholdelse<\/li>\n\n\n\n<li>Styre hardwarelivscyklusser, opgraderinger og udskiftninger<\/li>\n\n\n\n<li>Levere teknisk support og on-demand assistance<\/li>\n\n\n\n<li>Sikre alignment med sikkerhed, compliance og forretningskontinuitet<\/li>\n<\/ul>\n\n\n\n<p>Vi s\u00f8rger for, at jeres hardware forbliver p\u00e5lidelig, sikker og klar til jeres forretnings-brug.<\/p>\n<\/div>\n<\/div>\n<\/div>\n\n\n\n<div class=\"wp-block-group has-global-padding is-layout-constrained wp-block-group-is-layout-constrained\">\n<div style=\"height:100px\" aria-hidden=\"true\" class=\"wp-block-spacer\"><\/div>\n\n\n\n<h2 class=\"wp-block-heading has-text-align-center has-contrast-color has-text-color has-link-color wp-elements-303611c89827aae27c6d49067acf0c89\"><strong>Klar til at <mark style=\"background-color:rgba(0, 0, 0, 0)\" class=\"has-inline-color has-custom-golden-color-color\">Transformere <\/mark>Jeres Virksomhed med Vores Ekspert Udstyrsl\u00f8sninger?<\/strong><\/h2>\n\n\n\n<p class=\"has-text-align-center\">Kontakt os for at sikre, at jeres teams har de rigtige v\u00e6rkt\u00f8jer ved h\u00e5nden, fuldt tilpasset jeres processer og m\u00e5l\u2014s\u00e5 de kan arbejde smartere, hurtigere og mere effektivt.<\/p>\n\n\n\n<div class=\"wp-block-buttons is-content-justification-center is-layout-flex wp-container-core-buttons-is-layout-a89b3969 wp-block-buttons-is-layout-flex\">\n<div class=\"wp-block-button\"><a class=\"wp-block-button__link has-contrast-color has-custom-golden-color-background-color has-text-color has-background has-link-color wp-element-button\" href=\"https:\/\/kamme-lee.com\/da\/contact-us\/\">Start Jeres Transformation -&gt;<\/a><\/div>\n\n\n\n<div class=\"wp-block-button\"><a class=\"wp-block-button__link wp-element-button\" href=\"https:\/\/kamme-lee.com\/da\/about-us\/\" style=\"padding-top:0.7rem;padding-right:var(--wp--preset--spacing--10);padding-bottom:0.7rem;padding-left:var(--wp--preset--spacing--10)\">Om Os<\/a><\/div>\n<\/div>\n\n\n\n<div style=\"height:100px\" aria-hidden=\"true\" class=\"wp-block-spacer\"><\/div>\n<\/div>\n<\/div>","protected":false},"excerpt":{"rendered":"<p>Hardware Updates, Maintenance and Support Keep Your Technology Running Smoothly Modern business relies on reliable, up-to-date hardware. At Kamme Lee Consulting, we help organizations implement hardware maintenance, updates, and support programs that ensure laptops, workstations, servers, and networking equipment remain secure, efficient, and fully operational. Proactive hardware management prevents unexpected downtime and costly disruptions. Why [&hellip;]<\/p>\n","protected":false},"author":1,"featured_media":0,"parent":0,"menu_order":0,"comment_status":"closed","ping_status":"closed","template":"","meta":{"footnotes":""},"class_list":["post-465","page","type-page","status-publish","hentry"],"yoast_head":"<!-- This site is optimized with the Yoast SEO plugin v27.4 - https:\/\/yoast.com\/product\/yoast-seo-wordpress\/ -->\n<title>Hardware updates, maintenance and support - Kamme Lee Consulting<\/title>\n<meta name=\"robots\" content=\"index, follow, max-snippet:-1, max-image-preview:large, max-video-preview:-1\" \/>\n<link rel=\"canonical\" href=\"https:\/\/kamme-lee.com\/da\/hardware-updates-maintenance-and-support\/\" \/>\n<meta property=\"og:locale\" content=\"da_DK\" \/>\n<meta property=\"og:type\" content=\"article\" \/>\n<meta property=\"og:title\" content=\"Hardware updates, maintenance and support - Kamme Lee Consulting\" \/>\n<meta property=\"og:description\" content=\"Hardware Updates, Maintenance and Support Keep Your Technology Running Smoothly Modern business relies on reliable, up-to-date hardware. At Kamme Lee Consulting, we help organizations implement hardware maintenance, updates, and support programs that ensure laptops, workstations, servers, and networking equipment remain secure, efficient, and fully operational. Proactive hardware management prevents unexpected downtime and costly disruptions. Why [&hellip;]\" \/>\n<meta property=\"og:url\" content=\"https:\/\/kamme-lee.com\/da\/hardware-updates-maintenance-and-support\/\" \/>\n<meta property=\"og:site_name\" content=\"Kamme Lee Consulting\" \/>\n<meta property=\"article:modified_time\" content=\"2026-01-20T22:21:43+00:00\" \/>\n<meta name=\"twitter:card\" content=\"summary_large_image\" \/>\n<meta name=\"twitter:label1\" content=\"Estimeret l\u00e6setid\" \/>\n\t<meta name=\"twitter:data1\" content=\"2 minutter\" \/>\n<script type=\"application\/ld+json\" class=\"yoast-schema-graph\">{\"@context\":\"https:\\\/\\\/schema.org\",\"@graph\":[{\"@type\":\"WebPage\",\"@id\":\"https:\\\/\\\/kamme-lee.com\\\/hardware-updates-maintenance-and-support\\\/\",\"url\":\"https:\\\/\\\/kamme-lee.com\\\/hardware-updates-maintenance-and-support\\\/\",\"name\":\"Hardware updates, maintenance and support - Kamme Lee Consulting\",\"isPartOf\":{\"@id\":\"https:\\\/\\\/kamme-lee.com\\\/#website\"},\"datePublished\":\"2025-12-13T14:00:24+00:00\",\"dateModified\":\"2026-01-20T22:21:43+00:00\",\"breadcrumb\":{\"@id\":\"https:\\\/\\\/kamme-lee.com\\\/hardware-updates-maintenance-and-support\\\/#breadcrumb\"},\"inLanguage\":\"da-DK\",\"potentialAction\":[{\"@type\":\"ReadAction\",\"target\":[\"https:\\\/\\\/kamme-lee.com\\\/hardware-updates-maintenance-and-support\\\/\"]}]},{\"@type\":\"BreadcrumbList\",\"@id\":\"https:\\\/\\\/kamme-lee.com\\\/hardware-updates-maintenance-and-support\\\/#breadcrumb\",\"itemListElement\":[{\"@type\":\"ListItem\",\"position\":1,\"name\":\"Home\",\"item\":\"https:\\\/\\\/kamme-lee.com\\\/\"},{\"@type\":\"ListItem\",\"position\":2,\"name\":\"Hardware updates, maintenance and support\"}]},{\"@type\":\"WebSite\",\"@id\":\"https:\\\/\\\/kamme-lee.com\\\/#website\",\"url\":\"https:\\\/\\\/kamme-lee.com\\\/\",\"name\":\"Kamme Lee Consulting\",\"description\":\"Kamme Lee Consulting is built on a simple idea: technology should make work easier \u2014 not more complicated. We help organizations modernize IT landscapes, optimize operations, and unlock measurable growth through smarter digital solutions.\",\"publisher\":{\"@id\":\"https:\\\/\\\/kamme-lee.com\\\/#organization\"},\"potentialAction\":[{\"@type\":\"SearchAction\",\"target\":{\"@type\":\"EntryPoint\",\"urlTemplate\":\"https:\\\/\\\/kamme-lee.com\\\/?s={search_term_string}\"},\"query-input\":{\"@type\":\"PropertyValueSpecification\",\"valueRequired\":true,\"valueName\":\"search_term_string\"}}],\"inLanguage\":\"da-DK\"},{\"@type\":\"Organization\",\"@id\":\"https:\\\/\\\/kamme-lee.com\\\/#organization\",\"name\":\"Kamme Lee Consulting\",\"url\":\"https:\\\/\\\/kamme-lee.com\\\/\",\"logo\":{\"@type\":\"ImageObject\",\"inLanguage\":\"da-DK\",\"@id\":\"https:\\\/\\\/kamme-lee.com\\\/#\\\/schema\\\/logo\\\/image\\\/\",\"url\":\"https:\\\/\\\/kamme-lee.com\\\/wp-content\\\/uploads\\\/2026\\\/01\\\/Website_FullLogo_Transparent_NoBuffer.png\",\"contentUrl\":\"https:\\\/\\\/kamme-lee.com\\\/wp-content\\\/uploads\\\/2026\\\/01\\\/Website_FullLogo_Transparent_NoBuffer.png\",\"width\":1280,\"height\":676,\"caption\":\"Kamme Lee Consulting\"},\"image\":{\"@id\":\"https:\\\/\\\/kamme-lee.com\\\/#\\\/schema\\\/logo\\\/image\\\/\"}}]}<\/script>\n<!-- \/ Yoast SEO plugin. -->","yoast_head_json":{"title":"Hardware updates, maintenance and support - Kamme Lee Consulting","robots":{"index":"index","follow":"follow","max-snippet":"max-snippet:-1","max-image-preview":"max-image-preview:large","max-video-preview":"max-video-preview:-1"},"canonical":"https:\/\/kamme-lee.com\/da\/hardware-updates-maintenance-and-support\/","og_locale":"da_DK","og_type":"article","og_title":"Hardware updates, maintenance and support - Kamme Lee Consulting","og_description":"Hardware Updates, Maintenance and Support Keep Your Technology Running Smoothly Modern business relies on reliable, up-to-date hardware. At Kamme Lee Consulting, we help organizations implement hardware maintenance, updates, and support programs that ensure laptops, workstations, servers, and networking equipment remain secure, efficient, and fully operational. Proactive hardware management prevents unexpected downtime and costly disruptions. Why [&hellip;]","og_url":"https:\/\/kamme-lee.com\/da\/hardware-updates-maintenance-and-support\/","og_site_name":"Kamme Lee Consulting","article_modified_time":"2026-01-20T22:21:43+00:00","twitter_card":"summary_large_image","twitter_misc":{"Estimeret l\u00e6setid":"2 minutter"},"schema":{"@context":"https:\/\/schema.org","@graph":[{"@type":"WebPage","@id":"https:\/\/kamme-lee.com\/hardware-updates-maintenance-and-support\/","url":"https:\/\/kamme-lee.com\/hardware-updates-maintenance-and-support\/","name":"Hardware updates, maintenance and support - Kamme Lee Consulting","isPartOf":{"@id":"https:\/\/kamme-lee.com\/#website"},"datePublished":"2025-12-13T14:00:24+00:00","dateModified":"2026-01-20T22:21:43+00:00","breadcrumb":{"@id":"https:\/\/kamme-lee.com\/hardware-updates-maintenance-and-support\/#breadcrumb"},"inLanguage":"da-DK","potentialAction":[{"@type":"ReadAction","target":["https:\/\/kamme-lee.com\/hardware-updates-maintenance-and-support\/"]}]},{"@type":"BreadcrumbList","@id":"https:\/\/kamme-lee.com\/hardware-updates-maintenance-and-support\/#breadcrumb","itemListElement":[{"@type":"ListItem","position":1,"name":"Home","item":"https:\/\/kamme-lee.com\/"},{"@type":"ListItem","position":2,"name":"Hardware updates, maintenance and support"}]},{"@type":"WebSite","@id":"https:\/\/kamme-lee.com\/#website","url":"https:\/\/kamme-lee.com\/","name":"Kamme Lee Consulting","description":"Kamme Lee Consulting er bygget p\u00e5 en simpel id\u00e9: teknologi skal g\u00f8re jeres arbejde lettere \u2014 ikke mere kompliceret. vi hj\u00e6lper organisationer med at modernisere deres IT-landskab, optimere driften og skabe m\u00e5lbar v\u00e6kst gennem smartere digitale l\u00f8sninger.","publisher":{"@id":"https:\/\/kamme-lee.com\/#organization"},"potentialAction":[{"@type":"SearchAction","target":{"@type":"EntryPoint","urlTemplate":"https:\/\/kamme-lee.com\/?s={search_term_string}"},"query-input":{"@type":"PropertyValueSpecification","valueRequired":true,"valueName":"search_term_string"}}],"inLanguage":"da-DK"},{"@type":"Organization","@id":"https:\/\/kamme-lee.com\/#organization","name":"Kamme Lee Consulting","url":"https:\/\/kamme-lee.com\/","logo":{"@type":"ImageObject","inLanguage":"da-DK","@id":"https:\/\/kamme-lee.com\/#\/schema\/logo\/image\/","url":"https:\/\/kamme-lee.com\/wp-content\/uploads\/2026\/01\/Website_FullLogo_Transparent_NoBuffer.png","contentUrl":"https:\/\/kamme-lee.com\/wp-content\/uploads\/2026\/01\/Website_FullLogo_Transparent_NoBuffer.png","width":1280,"height":676,"caption":"Kamme Lee Consulting"},"image":{"@id":"https:\/\/kamme-lee.com\/#\/schema\/logo\/image\/"}}]}},"jetpack_sharing_enabled":true,"brizy_media":[],"_links":{"self":[{"href":"https:\/\/kamme-lee.com\/da\/wp-json\/wp\/v2\/pages\/465","targetHints":{"allow":["GET"]}}],"collection":[{"href":"https:\/\/kamme-lee.com\/da\/wp-json\/wp\/v2\/pages"}],"about":[{"href":"https:\/\/kamme-lee.com\/da\/wp-json\/wp\/v2\/types\/page"}],"author":[{"embeddable":true,"href":"https:\/\/kamme-lee.com\/da\/wp-json\/wp\/v2\/users\/1"}],"replies":[{"embeddable":true,"href":"https:\/\/kamme-lee.com\/da\/wp-json\/wp\/v2\/comments?post=465"}],"version-history":[{"count":5,"href":"https:\/\/kamme-lee.com\/da\/wp-json\/wp\/v2\/pages\/465\/revisions"}],"predecessor-version":[{"id":1951,"href":"https:\/\/kamme-lee.com\/da\/wp-json\/wp\/v2\/pages\/465\/revisions\/1951"}],"wp:attachment":[{"href":"https:\/\/kamme-lee.com\/da\/wp-json\/wp\/v2\/media?parent=465"}],"curies":[{"name":"wp","href":"https:\/\/api.w.org\/{rel}","templated":true}]}}