{"id":470,"date":"2025-12-13T15:06:55","date_gmt":"2025-12-13T14:06:55","guid":{"rendered":"https:\/\/kamme-lee.com\/?page_id=470"},"modified":"2026-01-20T23:29:17","modified_gmt":"2026-01-20T22:29:17","slug":"business-mobile-phones","status":"publish","type":"page","link":"https:\/\/kamme-lee.com\/da\/business-mobile-phones\/","title":{"rendered":"Erhvervsmobiltelefoner"},"content":{"rendered":"<div class=\"wp-block-group alignfull has-global-padding is-layout-constrained wp-block-group-is-layout-constrained\">\n<p class=\"has-text-align-center has-custom-golden-color-color has-text-color has-link-color has-small-font-size wp-elements-f0d85591530d8deccee13cc8511465a2\">Erhvervstelefoner<\/p>\n\n\n\n<h2 class=\"wp-block-heading has-text-align-center\"><strong><strong><strong>Sikker og p\u00e5lidelig kommunikation i en mobil forretningsverden<\/strong><\/strong><\/strong><\/h2>\n\n\n\n<p class=\"has-text-align-center\">I en moderne forretningsverden skal kommunikationen v\u00e6re \u00f8jeblikkelig, sikker og stabil \u2013 uanset hvor arbejdet foreg\u00e5r. Hos Kamme Lee Consulting hj\u00e6lper vi organisationer med at implementere mobile erhvervstelefonl\u00f8sninger, der underst\u00f8tter produktivitet, beskytter virksomhedens data og integrerer problemfrit med moderne samarbejdsplatforme.<\/p>\n\n\n\n<p class=\"has-text-align-center\">En privat telefon kan fungere til personlig brug \u2013 men professionel forretningskommunikation kr\u00e6ver erhvervsl\u00f8sninger og professionel administration.<\/p>\n\n\n\n<div class=\"wp-block-group alignfull has-global-padding is-layout-constrained wp-container-core-group-is-layout-c06d165c wp-block-group-is-layout-constrained\" style=\"padding-top:0;padding-right:0;padding-bottom:0;padding-left:0\">\n<div class=\"wp-block-columns alignfull has-medium-font-size is-layout-flex wp-container-core-columns-is-layout-290918d7 wp-block-columns-is-layout-flex\" style=\"margin-top:0;margin-bottom:0;padding-top:var(--wp--preset--spacing--20);padding-right:var(--wp--preset--spacing--30);padding-bottom:var(--wp--preset--spacing--20);padding-left:var(--wp--preset--spacing--30)\">\n<div class=\"wp-block-column has-base-2-background-color has-background is-layout-flow wp-block-column-is-layout-flow\" style=\"padding-top:0;padding-right:0;padding-bottom:0;padding-left:0\">\n<h3 class=\"wp-block-heading\"><strong>Hvorfor jeres virksomhed har brug for mobile erhvervstelefoner<\/strong><\/h3>\n\n\n\n<p>Altid tilg\u00e6ngelige \u2013 altid professionelle, erhvervstelefoner sikrer:<\/p>\n\n\n\n<ul class=\"wp-block-list\">\n<li>P\u00e5lidelig kommunikation med kunder og samarbejdspartnere<\/li>\n\n\n\n<li>Klar adskillelse mellem privat og forretningsrelateret kommunikation<\/li>\n\n\n\n<li>Konsistent tilg\u00e6ngelighed for n\u00f8glemedarbejdere og beslutningstagere<\/li>\n<\/ul>\n\n\n\n<p>Det underst\u00f8tter et professionelt image og en stabil kundeoplevelse.<\/p>\n<\/div>\n\n\n\n<div class=\"wp-block-column has-base-2-background-color has-background is-layout-flow wp-block-column-is-layout-flow\">\n<h3 class=\"wp-block-heading\"><strong>Sikker adgang til forretningssystemer<\/strong><\/h3>\n\n\n\n<p>Mobiltelefoner giver ofte adgang til kritiske forretningsoplysninger.<\/p>\n\n\n\n<p>Mobile erhvervstelefoner underst\u00f8tter:<\/p>\n\n\n\n<ul class=\"wp-block-list\">\n<li>Sikker autentificering og beskyttelse p\u00e5 enheds-niveau<\/li>\n\n\n\n<li>Krypteret lagring af forretningsdata<\/li>\n\n\n\n<li>Integration med Mobile Device Management (MDM)-l\u00f8sninger<\/li>\n\n\n\n<li>Kontrolleret adgang til e-mail, filer og samarbejdsv\u00e6rkt\u00f8jer<\/li>\n<\/ul>\n\n\n\n<p>Det reducerer risikoen for datal\u00e6kage og uautoriseret adgang.<\/p>\n<\/div>\n\n\n\n<div class=\"wp-block-column has-base-2-background-color has-background is-layout-flow wp-block-column-is-layout-flow\">\n<h3 class=\"wp-block-heading\"><strong>Skabt til produktivitet p\u00e5 farten<\/strong><\/h3>\n\n\n\n<p>Moderne forretning foreg\u00e5r ikke kun ved skrivebordet.<\/p>\n\n\n\n<p>Erhvervsmobiltelefoner muligg\u00f8r:<\/p>\n\n\n\n<ul class=\"wp-block-list\">\n<li>Sikker adgang til e-mail og kalendere<\/li>\n\n\n\n<li>Kommunikation og opkald via Microsoft Teams<\/li>\n\n\n\n<li>Fil adgang, godkendelser og handlinger p\u00e5 farten<\/li>\n\n\n\n<li>Samarbejde uden forsinkelser eller lokationsbegr\u00e6nsninger<\/li>\n<\/ul>\n\n\n\n<p>Det holder jeres teams produktive \u2013 uanset hvor arbejdet udf\u00f8res.<\/p>\n<\/div>\n<\/div>\n\n\n\n<div class=\"wp-block-columns alignfull is-layout-flex wp-container-core-columns-is-layout-c8bf6435 wp-block-columns-is-layout-flex\" style=\"padding-right:var(--wp--preset--spacing--30);padding-left:var(--wp--preset--spacing--30)\">\n<div class=\"wp-block-column has-base-2-background-color has-background is-layout-flow wp-block-column-is-layout-flow\">\n<h3 class=\"wp-block-heading\"><strong>Central administration og kontrol<\/strong><\/h3>\n\n\n\n<p>I mods\u00e6tning til private enheder kan mobile erhvervstelefoner administreres centralt.<\/p>\n\n\n\n<p>Det giver mulighed for:<\/p>\n\n\n\n<ul class=\"wp-block-list\">\n<li>Ensartede konfigurationer og sikkerhedspolitikker<\/li>\n\n\n\n<li>Fjernl\u00e5sning eller sletning af mistede enheder<\/li>\n\n\n\n<li>Enkel onboarding og offboarding af medarbejdere<\/li>\n\n\n\n<li>Bedre overholdelse af virksomhedens IT-politikker<\/li>\n<\/ul>\n\n\n\n<p>Kontrol reducerer risiko og giver bedre overblik over driften.<\/p>\n<\/div>\n\n\n\n<div class=\"wp-block-column has-base-2-background-color has-background is-layout-flow wp-block-column-is-layout-flow\">\n<h3 class=\"wp-block-heading\"><strong>Designet til moderne forretningskommunikation<\/strong><\/h3>\n\n\n\n<p>Erhvervstelefoner integrerer problemfrit med:<\/p>\n\n\n\n<ul class=\"wp-block-list\">\n<li>Microsoft 365 og Teams<\/li>\n\n\n\n<li>Erhvervstelefoni og VoIP-l\u00f8sninger<\/li>\n\n\n\n<li>Sikre identitets- og adgangssystemer<\/li>\n\n\n\n<li>Cloud-baserede samarbejdsplatforme<\/li>\n<\/ul>\n\n\n\n<p>De bliver en central del af jeres digitale arbejdsplads \u2013 ikke blot et kommunikationsv\u00e6rkt\u00f8j.<\/p>\n<\/div>\n\n\n\n<div class=\"wp-block-column has-base-2-background-color has-background is-layout-flow wp-block-column-is-layout-flow\">\n<h3 class=\"wp-block-heading\"><strong>Hvordan Kamme Lee Consulting hj\u00e6lper jer<\/strong><\/h3>\n\n\n\n<p>Hos Kamme Lee Consulting hj\u00e6lper vi jer med at:<\/p>\n\n\n\n<ul class=\"wp-block-list\">\n<li>V\u00e6lge de rette mobile erhvervsenheder<\/li>\n\n\n\n<li>Implementere sikker Mobile Device Management<\/li>\n\n\n\n<li>Integrere telefoner med Microsoft 365 og Teams<\/li>\n\n\n\n<li>Etablere klare politikker for mobil sikkerhed og anvendelse<\/li>\n<\/ul>\n\n\n\n<p>Vi sikrer, at jeres mobile strategi underst\u00f8tter produktivitet, sikkerhed og v\u00e6kst.<\/p>\n<\/div>\n<\/div>\n<\/div>\n\n\n\n<div class=\"wp-block-group has-global-padding is-layout-constrained wp-block-group-is-layout-constrained\">\n<div style=\"height:100px\" aria-hidden=\"true\" class=\"wp-block-spacer\"><\/div>\n\n\n\n<h2 class=\"wp-block-heading has-text-align-center has-contrast-color has-text-color has-link-color wp-elements-303611c89827aae27c6d49067acf0c89\"><strong>Klar til at <mark style=\"background-color:rgba(0, 0, 0, 0)\" class=\"has-inline-color has-custom-golden-color-color\">Transformere <\/mark>Jeres Virksomhed med Vores Ekspert Udstyrsl\u00f8sninger?<\/strong><\/h2>\n\n\n\n<p class=\"has-text-align-center\">Kontakt os for at sikre, at jeres teams har de rigtige v\u00e6rkt\u00f8jer ved h\u00e5nden, fuldt tilpasset jeres processer og m\u00e5l\u2014s\u00e5 de kan arbejde smartere, hurtigere og mere effektivt.<\/p>\n\n\n\n<div class=\"wp-block-buttons is-content-justification-center is-layout-flex wp-container-core-buttons-is-layout-a89b3969 wp-block-buttons-is-layout-flex\">\n<div class=\"wp-block-button\"><a class=\"wp-block-button__link has-contrast-color has-custom-golden-color-background-color has-text-color has-background has-link-color wp-element-button\" href=\"https:\/\/kamme-lee.com\/da\/contact-us\/\">Start Jeres Transformation -&gt;<\/a><\/div>\n\n\n\n<div class=\"wp-block-button\"><a class=\"wp-block-button__link wp-element-button\" href=\"https:\/\/kamme-lee.com\/da\/about-us\/\" style=\"padding-top:0.7rem;padding-right:var(--wp--preset--spacing--10);padding-bottom:0.7rem;padding-left:var(--wp--preset--spacing--10)\">Om Os<\/a><\/div>\n<\/div>\n\n\n\n<div style=\"height:100px\" aria-hidden=\"true\" class=\"wp-block-spacer\"><\/div>\n<\/div>\n<\/div>","protected":false},"excerpt":{"rendered":"<p>Business Mobile Phones Secure, Reliable Communication for a Mobile Business World In a modern business environment, communication must be instant, secure, and reliable \u2014 wherever work happens. At Kamme Lee Consulting, we help organizations implement business mobile phone solutions that support productivity, protect company data, and integrate seamlessly with modern collaboration platforms. A personal phone [&hellip;]<\/p>\n","protected":false},"author":1,"featured_media":0,"parent":0,"menu_order":0,"comment_status":"closed","ping_status":"closed","template":"","meta":{"footnotes":""},"class_list":["post-470","page","type-page","status-publish","hentry"],"yoast_head":"<!-- This site is optimized with the Yoast SEO plugin v27.4 - https:\/\/yoast.com\/product\/yoast-seo-wordpress\/ -->\n<title>Business mobile phones - Kamme Lee Consulting<\/title>\n<meta name=\"robots\" content=\"index, follow, max-snippet:-1, max-image-preview:large, max-video-preview:-1\" \/>\n<link rel=\"canonical\" href=\"https:\/\/kamme-lee.com\/da\/business-mobile-phones\/\" \/>\n<meta property=\"og:locale\" content=\"da_DK\" \/>\n<meta property=\"og:type\" content=\"article\" \/>\n<meta property=\"og:title\" content=\"Business mobile phones - Kamme Lee Consulting\" \/>\n<meta property=\"og:description\" content=\"Business Mobile Phones Secure, Reliable Communication for a Mobile Business World In a modern business environment, communication must be instant, secure, and reliable \u2014 wherever work happens. At Kamme Lee Consulting, we help organizations implement business mobile phone solutions that support productivity, protect company data, and integrate seamlessly with modern collaboration platforms. A personal phone [&hellip;]\" \/>\n<meta property=\"og:url\" content=\"https:\/\/kamme-lee.com\/da\/business-mobile-phones\/\" \/>\n<meta property=\"og:site_name\" content=\"Kamme Lee Consulting\" \/>\n<meta property=\"article:modified_time\" content=\"2026-01-20T22:29:17+00:00\" \/>\n<meta name=\"twitter:card\" content=\"summary_large_image\" \/>\n<meta name=\"twitter:label1\" content=\"Estimeret l\u00e6setid\" \/>\n\t<meta name=\"twitter:data1\" content=\"2 minutter\" \/>\n<script type=\"application\/ld+json\" class=\"yoast-schema-graph\">{\"@context\":\"https:\\\/\\\/schema.org\",\"@graph\":[{\"@type\":\"WebPage\",\"@id\":\"https:\\\/\\\/kamme-lee.com\\\/business-mobile-phones\\\/\",\"url\":\"https:\\\/\\\/kamme-lee.com\\\/business-mobile-phones\\\/\",\"name\":\"Business mobile phones - Kamme Lee Consulting\",\"isPartOf\":{\"@id\":\"https:\\\/\\\/kamme-lee.com\\\/#website\"},\"datePublished\":\"2025-12-13T14:06:55+00:00\",\"dateModified\":\"2026-01-20T22:29:17+00:00\",\"breadcrumb\":{\"@id\":\"https:\\\/\\\/kamme-lee.com\\\/business-mobile-phones\\\/#breadcrumb\"},\"inLanguage\":\"da-DK\",\"potentialAction\":[{\"@type\":\"ReadAction\",\"target\":[\"https:\\\/\\\/kamme-lee.com\\\/business-mobile-phones\\\/\"]}]},{\"@type\":\"BreadcrumbList\",\"@id\":\"https:\\\/\\\/kamme-lee.com\\\/business-mobile-phones\\\/#breadcrumb\",\"itemListElement\":[{\"@type\":\"ListItem\",\"position\":1,\"name\":\"Home\",\"item\":\"https:\\\/\\\/kamme-lee.com\\\/\"},{\"@type\":\"ListItem\",\"position\":2,\"name\":\"Business mobile phones\"}]},{\"@type\":\"WebSite\",\"@id\":\"https:\\\/\\\/kamme-lee.com\\\/#website\",\"url\":\"https:\\\/\\\/kamme-lee.com\\\/\",\"name\":\"Kamme Lee Consulting\",\"description\":\"Kamme Lee Consulting is built on a simple idea: technology should make work easier \u2014 not more complicated. We help organizations modernize IT landscapes, optimize operations, and unlock measurable growth through smarter digital solutions.\",\"publisher\":{\"@id\":\"https:\\\/\\\/kamme-lee.com\\\/#organization\"},\"potentialAction\":[{\"@type\":\"SearchAction\",\"target\":{\"@type\":\"EntryPoint\",\"urlTemplate\":\"https:\\\/\\\/kamme-lee.com\\\/?s={search_term_string}\"},\"query-input\":{\"@type\":\"PropertyValueSpecification\",\"valueRequired\":true,\"valueName\":\"search_term_string\"}}],\"inLanguage\":\"da-DK\"},{\"@type\":\"Organization\",\"@id\":\"https:\\\/\\\/kamme-lee.com\\\/#organization\",\"name\":\"Kamme Lee Consulting\",\"url\":\"https:\\\/\\\/kamme-lee.com\\\/\",\"logo\":{\"@type\":\"ImageObject\",\"inLanguage\":\"da-DK\",\"@id\":\"https:\\\/\\\/kamme-lee.com\\\/#\\\/schema\\\/logo\\\/image\\\/\",\"url\":\"https:\\\/\\\/kamme-lee.com\\\/wp-content\\\/uploads\\\/2026\\\/01\\\/Website_FullLogo_Transparent_NoBuffer.png\",\"contentUrl\":\"https:\\\/\\\/kamme-lee.com\\\/wp-content\\\/uploads\\\/2026\\\/01\\\/Website_FullLogo_Transparent_NoBuffer.png\",\"width\":1280,\"height\":676,\"caption\":\"Kamme Lee Consulting\"},\"image\":{\"@id\":\"https:\\\/\\\/kamme-lee.com\\\/#\\\/schema\\\/logo\\\/image\\\/\"}}]}<\/script>\n<!-- \/ Yoast SEO plugin. -->","yoast_head_json":{"title":"Business mobile phones - Kamme Lee Consulting","robots":{"index":"index","follow":"follow","max-snippet":"max-snippet:-1","max-image-preview":"max-image-preview:large","max-video-preview":"max-video-preview:-1"},"canonical":"https:\/\/kamme-lee.com\/da\/business-mobile-phones\/","og_locale":"da_DK","og_type":"article","og_title":"Business mobile phones - Kamme Lee Consulting","og_description":"Business Mobile Phones Secure, Reliable Communication for a Mobile Business World In a modern business environment, communication must be instant, secure, and reliable \u2014 wherever work happens. At Kamme Lee Consulting, we help organizations implement business mobile phone solutions that support productivity, protect company data, and integrate seamlessly with modern collaboration platforms. A personal phone [&hellip;]","og_url":"https:\/\/kamme-lee.com\/da\/business-mobile-phones\/","og_site_name":"Kamme Lee Consulting","article_modified_time":"2026-01-20T22:29:17+00:00","twitter_card":"summary_large_image","twitter_misc":{"Estimeret l\u00e6setid":"2 minutter"},"schema":{"@context":"https:\/\/schema.org","@graph":[{"@type":"WebPage","@id":"https:\/\/kamme-lee.com\/business-mobile-phones\/","url":"https:\/\/kamme-lee.com\/business-mobile-phones\/","name":"Business mobile phones - Kamme Lee Consulting","isPartOf":{"@id":"https:\/\/kamme-lee.com\/#website"},"datePublished":"2025-12-13T14:06:55+00:00","dateModified":"2026-01-20T22:29:17+00:00","breadcrumb":{"@id":"https:\/\/kamme-lee.com\/business-mobile-phones\/#breadcrumb"},"inLanguage":"da-DK","potentialAction":[{"@type":"ReadAction","target":["https:\/\/kamme-lee.com\/business-mobile-phones\/"]}]},{"@type":"BreadcrumbList","@id":"https:\/\/kamme-lee.com\/business-mobile-phones\/#breadcrumb","itemListElement":[{"@type":"ListItem","position":1,"name":"Home","item":"https:\/\/kamme-lee.com\/"},{"@type":"ListItem","position":2,"name":"Business mobile phones"}]},{"@type":"WebSite","@id":"https:\/\/kamme-lee.com\/#website","url":"https:\/\/kamme-lee.com\/","name":"Kamme Lee Consulting","description":"Kamme Lee Consulting er bygget p\u00e5 en simpel id\u00e9: teknologi skal g\u00f8re jeres arbejde lettere \u2014 ikke mere kompliceret. vi hj\u00e6lper organisationer med at modernisere deres IT-landskab, optimere driften og skabe m\u00e5lbar v\u00e6kst gennem smartere digitale l\u00f8sninger.","publisher":{"@id":"https:\/\/kamme-lee.com\/#organization"},"potentialAction":[{"@type":"SearchAction","target":{"@type":"EntryPoint","urlTemplate":"https:\/\/kamme-lee.com\/?s={search_term_string}"},"query-input":{"@type":"PropertyValueSpecification","valueRequired":true,"valueName":"search_term_string"}}],"inLanguage":"da-DK"},{"@type":"Organization","@id":"https:\/\/kamme-lee.com\/#organization","name":"Kamme Lee Consulting","url":"https:\/\/kamme-lee.com\/","logo":{"@type":"ImageObject","inLanguage":"da-DK","@id":"https:\/\/kamme-lee.com\/#\/schema\/logo\/image\/","url":"https:\/\/kamme-lee.com\/wp-content\/uploads\/2026\/01\/Website_FullLogo_Transparent_NoBuffer.png","contentUrl":"https:\/\/kamme-lee.com\/wp-content\/uploads\/2026\/01\/Website_FullLogo_Transparent_NoBuffer.png","width":1280,"height":676,"caption":"Kamme Lee Consulting"},"image":{"@id":"https:\/\/kamme-lee.com\/#\/schema\/logo\/image\/"}}]}},"jetpack_sharing_enabled":true,"brizy_media":[],"_links":{"self":[{"href":"https:\/\/kamme-lee.com\/da\/wp-json\/wp\/v2\/pages\/470","targetHints":{"allow":["GET"]}}],"collection":[{"href":"https:\/\/kamme-lee.com\/da\/wp-json\/wp\/v2\/pages"}],"about":[{"href":"https:\/\/kamme-lee.com\/da\/wp-json\/wp\/v2\/types\/page"}],"author":[{"embeddable":true,"href":"https:\/\/kamme-lee.com\/da\/wp-json\/wp\/v2\/users\/1"}],"replies":[{"embeddable":true,"href":"https:\/\/kamme-lee.com\/da\/wp-json\/wp\/v2\/comments?post=470"}],"version-history":[{"count":5,"href":"https:\/\/kamme-lee.com\/da\/wp-json\/wp\/v2\/pages\/470\/revisions"}],"predecessor-version":[{"id":1961,"href":"https:\/\/kamme-lee.com\/da\/wp-json\/wp\/v2\/pages\/470\/revisions\/1961"}],"wp:attachment":[{"href":"https:\/\/kamme-lee.com\/da\/wp-json\/wp\/v2\/media?parent=470"}],"curies":[{"name":"wp","href":"https:\/\/api.w.org\/{rel}","templated":true}]}}