{"id":478,"date":"2025-12-13T15:08:46","date_gmt":"2025-12-13T14:08:46","guid":{"rendered":"https:\/\/kamme-lee.com\/?page_id=478"},"modified":"2026-01-21T16:44:09","modified_gmt":"2026-01-21T15:44:09","slug":"professional-keyboards-mice-docking-stations-and-hardware-security-modules","status":"publish","type":"page","link":"https:\/\/kamme-lee.com\/da\/professional-keyboards-mice-docking-stations-and-hardware-security-modules\/","title":{"rendered":"Professionelle tastaturer, mus, docking-stationer og hardware-sikkerhedsmoduler"},"content":{"rendered":"<div class=\"wp-block-group alignfull has-global-padding is-layout-constrained wp-block-group-is-layout-constrained\">\n<p class=\"has-text-align-center has-custom-golden-color-color has-text-color has-link-color has-small-font-size wp-elements-1d1a73e20be17c790e21271b37b78670\">Professionelle tastaturer, mus, docking-stationer og hardware-sikkerhedsmoduler<\/p>\n\n\n\n<h2 class=\"wp-block-heading has-text-align-center\"><strong><strong><strong><strong><strong>IT tilbeh\u00f8r og enheder har stor effekt p\u00e5 produktivitet og sikkerhed.<\/strong><\/strong><\/strong><\/strong><\/strong><\/h2>\n\n\n\n<p class=\"has-text-align-center\">Det rette tilbeh\u00f8r kan markant forbedre, hvor effektivt jeres teams arbejder. Hos Kamme Lee Consulting hj\u00e6lper vi virksomheder med at v\u00e6lge og implementere professionelle tastaturer, mus, dockingstationer og hardwarebaserede sikkerhedsl\u00f8sninger, der \u00f8ger effektiviteten, styrker sikkerheden og underst\u00f8tter moderne arbejdsmilj\u00f8er.<\/p>\n\n\n\n<p class=\"has-text-align-center\">IT-tilbeh\u00f8r kan virke mindre vigtigt \u2013 men de har direkte indflydelse p\u00e5 komfort, hastighed, sikkerhed og driftssikkerhed.<\/p>\n\n\n\n<div class=\"wp-block-group alignfull has-global-padding is-layout-constrained wp-container-core-group-is-layout-c06d165c wp-block-group-is-layout-constrained\" style=\"padding-top:0;padding-right:0;padding-bottom:0;padding-left:0\">\n<div class=\"wp-block-columns alignfull has-medium-font-size is-layout-flex wp-container-core-columns-is-layout-290918d7 wp-block-columns-is-layout-flex\" style=\"margin-top:0;margin-bottom:0;padding-top:var(--wp--preset--spacing--20);padding-right:var(--wp--preset--spacing--30);padding-bottom:var(--wp--preset--spacing--20);padding-left:var(--wp--preset--spacing--30)\">\n<div class=\"wp-block-column has-base-2-background-color has-background is-layout-flow wp-block-column-is-layout-flow\" style=\"padding-top:0;padding-right:0;padding-bottom:0;padding-left:0\">\n<h3 class=\"wp-block-heading\"><strong>Hvorfor jeres virksomhed har brug for professionelle IT-tilbeh\u00f8rsenheder<\/strong><\/h3>\n\n\n\n<p>Arbejd hurtigere med de rette input-enheder, professionelle tastaturer og mus er designet til heldagsbrug i erhvervsm\u00e6ssige sammenh\u00e6nge. De bidrager til at:<\/p>\n\n\n\n<ul class=\"wp-block-list\">\n<li>Forbedre skrivehastighed og pr\u00e6cision<\/li>\n\n\n\n<li>Reducere belastning under lange arbejdsdage<\/li>\n\n\n\n<li>Underst\u00f8tte pr\u00e6cisionsopgaver og effektiv multitasking<\/li>\n\n\n\n<li>Levere h\u00f8jere holdbarhed end forbrugerudstyr<\/li>\n<\/ul>\n\n\n\n<p>Komfortable medarbejdere arbejder bedre, l\u00e6ngere og mere pr\u00e6cist.<\/p>\n<\/div>\n\n\n\n<div class=\"wp-block-column has-base-2-background-color has-background is-layout-flow wp-block-column-is-layout-flow\">\n<h3 class=\"wp-block-heading\"><strong>Forenk\u00adle arbejdspladsen med dockingstationer<\/strong><\/h3>\n\n\n\n<p>Dockingstationer forvandler b\u00e6rbare laptops til fulde arbejdsstationer p\u00e5 f\u00e5 sekunder.<\/p>\n\n\n\n<p>De g\u00f8r det muligt at:<\/p>\n\n\n\n<ul class=\"wp-block-list\">\n<li>Tilslutte flere sk\u00e6rme \u00f8jeblikkeligt<\/li>\n\n\n\n<li>Forbinde tastatur, mus og andet udstyr med \u00e9t kabel<\/li>\n\n\n\n<li>Skifte gnidningsfrit mellem kontor, hjemmearbejde og kundesites<\/li>\n<\/ul>\n\n\n\n<p>Det reducerer ops\u00e6tningstid og holder arbejdspladsen ryddelig og effektiv.<\/p>\n<\/div>\n\n\n\n<div class=\"wp-block-column has-base-2-background-color has-background is-layout-flow wp-block-column-is-layout-flow\">\n<h3 class=\"wp-block-heading\"><strong>Beskyt forretningsdata med hardwarebaseret sikkerhed<\/strong><\/h3>\n\n\n\n<p>Hardwarebaserede sikkerhedsl\u00f8sninger og sikre it-tilbeh\u00f8rs enheder tilf\u00f8jer et ekstra lag beskyttelse.<\/p>\n\n\n\n<p>De underst\u00f8tter:<\/p>\n\n\n\n<ul class=\"wp-block-list\">\n<li>Sikker autentificering og kryptering<\/li>\n\n\n\n<li>Beskyttelse af f\u00f8lsomme legitimationsoplysninger og n\u00f8gler<\/li>\n\n\n\n<li>Overholdelse af sikkerheds- og adgangskrav<\/li>\n\n\n\n<li>Reduceret risiko for databrud og uautoriseret adgang<\/li>\n<\/ul>\n\n\n\n<p>Sikkerhed p\u00e5 hardware-niveau styrker jeres samlede IT-forsvar.<\/p>\n<\/div>\n<\/div>\n\n\n\n<div class=\"wp-block-columns alignfull is-layout-flex wp-container-core-columns-is-layout-c8bf6435 wp-block-columns-is-layout-flex\" style=\"padding-right:var(--wp--preset--spacing--30);padding-left:var(--wp--preset--spacing--30)\">\n<div class=\"wp-block-column has-base-2-background-color has-background is-layout-flow wp-block-column-is-layout-flow\">\n<h3 class=\"wp-block-heading\"><strong>\u00d8g driftssikkerheden og reducer nedetid<\/strong><\/h3>\n\n\n\n<p>Professionelle IT-tilbeh\u00f8rsenheder er bygget til daglig erhvervsbrug.<\/p>\n\n\n\n<p>Fordelene inkluderer:<\/p>\n\n\n\n<ul class=\"wp-block-list\">\n<li>H\u00f8jere holdbarhed og l\u00e6ngere levetid<\/li>\n\n\n\n<li>F\u00e6rre fejl og udskiftninger<\/li>\n\n\n\n<li>Ensartet performance p\u00e5 tv\u00e6rs af teams<\/li>\n<\/ul>\n\n\n\n<p>Det f\u00f8rer til lavere supportomkostninger og f\u00e6rre driftsforstyrrelser.<\/p>\n<\/div>\n\n\n\n<div class=\"wp-block-column has-base-2-background-color has-background is-layout-flow wp-block-column-is-layout-flow\">\n<h3 class=\"wp-block-heading\"><strong>Designet til moderne forretningsmilj\u00f8er<\/strong><\/h3>\n\n\n\n<p>Professionelle IT-tilbeh\u00f8rsenheder integrerer problemfrit med:<\/p>\n\n\n\n<ul class=\"wp-block-list\">\n<li>B\u00e6rbare laptops og kraftfulde workstations<\/li>\n\n\n\n<li>Enkelt- og multi-sk\u00e6rmops\u00e6tninger<\/li>\n\n\n\n<li>Microsoft 365, Teams og cloud-platforme<\/li>\n\n\n\n<li>Sikre enterprise-IT-milj\u00f8er<\/li>\n<\/ul>\n\n\n\n<p>De fuldender den moderne arbejdsplads \u2013 b\u00e5de p\u00e5 kontoret og remote.<\/p>\n<\/div>\n\n\n\n<div class=\"wp-block-column has-base-2-background-color has-background is-layout-flow wp-block-column-is-layout-flow\">\n<h3 class=\"wp-block-heading\"><strong>Hvordan Kamme Lee Consulting hj\u00e6lper jer<\/strong> <strong>jer<\/strong><\/h3>\n\n\n\n<p>Hos Kamme Lee Consulting hj\u00e6lper vi jer med at:<\/p>\n\n\n\n<ul class=\"wp-block-list\">\n<li>V\u00e6lge de rette IT-tilbeh\u00f8rsenheder til hver rolle og arbejdsplads<\/li>\n\n\n\n<li>Standardisere IT-tilbeh\u00f8r p\u00e5 tv\u00e6rs af teams<\/li>\n\n\n\n<li>Forbedre ergonomi, produktivitet og sikkerhed<\/li>\n\n\n\n<li>Afstemme hardwarevalg med jeres IT- og sikkerhedsstrategi<\/li>\n<\/ul>\n\n\n\n<p>Vi sikrer, at selv de mindste v\u00e6rkt\u00f8jer skaber reel forretningsv\u00e6rdi.<\/p>\n<\/div>\n<\/div>\n<\/div>\n\n\n\n<div class=\"wp-block-group has-global-padding is-layout-constrained wp-block-group-is-layout-constrained\">\n<div style=\"height:100px\" aria-hidden=\"true\" class=\"wp-block-spacer\"><\/div>\n\n\n\n<h2 class=\"wp-block-heading has-text-align-center has-contrast-color has-text-color has-link-color wp-elements-303611c89827aae27c6d49067acf0c89\"><strong>Klar til at <mark style=\"background-color:rgba(0, 0, 0, 0)\" class=\"has-inline-color has-custom-golden-color-color\">Transformere <\/mark>Jeres Virksomhed med Vores Ekspert Udstyrsl\u00f8sninger?<\/strong><\/h2>\n\n\n\n<p class=\"has-text-align-center\">Kontakt os for at sikre, at jeres teams har de rigtige v\u00e6rkt\u00f8jer ved h\u00e5nden, fuldt tilpasset jeres processer og m\u00e5l\u2014s\u00e5 de kan arbejde smartere, hurtigere og mere effektivt.<\/p>\n\n\n\n<div class=\"wp-block-buttons is-content-justification-center is-layout-flex wp-container-core-buttons-is-layout-a89b3969 wp-block-buttons-is-layout-flex\">\n<div class=\"wp-block-button\"><a class=\"wp-block-button__link has-contrast-color has-custom-golden-color-background-color has-text-color has-background has-link-color wp-element-button\" href=\"https:\/\/kamme-lee.com\/da\/contact-us\/\">Start Jeres Transformation -&gt;<\/a><\/div>\n\n\n\n<div class=\"wp-block-button\"><a class=\"wp-block-button__link wp-element-button\" href=\"https:\/\/kamme-lee.com\/da\/about-us\/\" style=\"padding-top:0.7rem;padding-right:var(--wp--preset--spacing--10);padding-bottom:0.7rem;padding-left:var(--wp--preset--spacing--10)\">Om Os<\/a><\/div>\n<\/div>\n\n\n\n<div style=\"height:100px\" aria-hidden=\"true\" class=\"wp-block-spacer\"><\/div>\n<\/div>\n<\/div>","protected":false},"excerpt":{"rendered":"<p>Professional keyboards, mice, docking stations, and hardware security modules. Small Tools. Big Impact on Productivity &amp; Security. The right peripherals transform how your team works. At Kamme Lee Consulting, we help businesses choose and implement professional keyboards, mice, docking stations, and hardware security modules that improve efficiency, enhance security, and support modern work environments. These [&hellip;]<\/p>\n","protected":false},"author":1,"featured_media":0,"parent":0,"menu_order":0,"comment_status":"closed","ping_status":"closed","template":"","meta":{"footnotes":""},"class_list":["post-478","page","type-page","status-publish","hentry"],"yoast_head":"<!-- This site is optimized with the Yoast SEO plugin v27.4 - https:\/\/yoast.com\/product\/yoast-seo-wordpress\/ -->\n<title>Professional keyboards, mice, docking stations, and hardware security modules. - Kamme Lee Consulting<\/title>\n<meta name=\"robots\" content=\"index, follow, max-snippet:-1, max-image-preview:large, max-video-preview:-1\" \/>\n<link rel=\"canonical\" href=\"https:\/\/kamme-lee.com\/da\/professional-keyboards-mice-docking-stations-and-hardware-security-modules\/\" \/>\n<meta property=\"og:locale\" content=\"da_DK\" \/>\n<meta property=\"og:type\" content=\"article\" \/>\n<meta property=\"og:title\" content=\"Professional keyboards, mice, docking stations, and hardware security modules. - Kamme Lee Consulting\" \/>\n<meta property=\"og:description\" content=\"Professional keyboards, mice, docking stations, and hardware security modules. Small Tools. Big Impact on Productivity &amp; Security. The right peripherals transform how your team works. At Kamme Lee Consulting, we help businesses choose and implement professional keyboards, mice, docking stations, and hardware security modules that improve efficiency, enhance security, and support modern work environments. These [&hellip;]\" \/>\n<meta property=\"og:url\" content=\"https:\/\/kamme-lee.com\/da\/professional-keyboards-mice-docking-stations-and-hardware-security-modules\/\" \/>\n<meta property=\"og:site_name\" content=\"Kamme Lee Consulting\" \/>\n<meta property=\"article:modified_time\" content=\"2026-01-21T15:44:09+00:00\" \/>\n<meta name=\"twitter:card\" content=\"summary_large_image\" \/>\n<meta name=\"twitter:label1\" content=\"Estimeret l\u00e6setid\" \/>\n\t<meta name=\"twitter:data1\" content=\"2 minutter\" \/>\n<script type=\"application\/ld+json\" class=\"yoast-schema-graph\">{\"@context\":\"https:\\\/\\\/schema.org\",\"@graph\":[{\"@type\":\"WebPage\",\"@id\":\"https:\\\/\\\/kamme-lee.com\\\/professional-keyboards-mice-docking-stations-and-hardware-security-modules\\\/\",\"url\":\"https:\\\/\\\/kamme-lee.com\\\/professional-keyboards-mice-docking-stations-and-hardware-security-modules\\\/\",\"name\":\"Professional keyboards, mice, docking stations, and hardware security modules. - Kamme Lee Consulting\",\"isPartOf\":{\"@id\":\"https:\\\/\\\/kamme-lee.com\\\/#website\"},\"datePublished\":\"2025-12-13T14:08:46+00:00\",\"dateModified\":\"2026-01-21T15:44:09+00:00\",\"breadcrumb\":{\"@id\":\"https:\\\/\\\/kamme-lee.com\\\/professional-keyboards-mice-docking-stations-and-hardware-security-modules\\\/#breadcrumb\"},\"inLanguage\":\"da-DK\",\"potentialAction\":[{\"@type\":\"ReadAction\",\"target\":[\"https:\\\/\\\/kamme-lee.com\\\/professional-keyboards-mice-docking-stations-and-hardware-security-modules\\\/\"]}]},{\"@type\":\"BreadcrumbList\",\"@id\":\"https:\\\/\\\/kamme-lee.com\\\/professional-keyboards-mice-docking-stations-and-hardware-security-modules\\\/#breadcrumb\",\"itemListElement\":[{\"@type\":\"ListItem\",\"position\":1,\"name\":\"Home\",\"item\":\"https:\\\/\\\/kamme-lee.com\\\/\"},{\"@type\":\"ListItem\",\"position\":2,\"name\":\"Professional keyboards, mice, docking stations, and hardware security modules.\"}]},{\"@type\":\"WebSite\",\"@id\":\"https:\\\/\\\/kamme-lee.com\\\/#website\",\"url\":\"https:\\\/\\\/kamme-lee.com\\\/\",\"name\":\"Kamme Lee Consulting\",\"description\":\"Kamme Lee Consulting is built on a simple idea: technology should make work easier \u2014 not more complicated. We help organizations modernize IT landscapes, optimize operations, and unlock measurable growth through smarter digital solutions.\",\"publisher\":{\"@id\":\"https:\\\/\\\/kamme-lee.com\\\/#organization\"},\"potentialAction\":[{\"@type\":\"SearchAction\",\"target\":{\"@type\":\"EntryPoint\",\"urlTemplate\":\"https:\\\/\\\/kamme-lee.com\\\/?s={search_term_string}\"},\"query-input\":{\"@type\":\"PropertyValueSpecification\",\"valueRequired\":true,\"valueName\":\"search_term_string\"}}],\"inLanguage\":\"da-DK\"},{\"@type\":\"Organization\",\"@id\":\"https:\\\/\\\/kamme-lee.com\\\/#organization\",\"name\":\"Kamme Lee Consulting\",\"url\":\"https:\\\/\\\/kamme-lee.com\\\/\",\"logo\":{\"@type\":\"ImageObject\",\"inLanguage\":\"da-DK\",\"@id\":\"https:\\\/\\\/kamme-lee.com\\\/#\\\/schema\\\/logo\\\/image\\\/\",\"url\":\"https:\\\/\\\/kamme-lee.com\\\/wp-content\\\/uploads\\\/2026\\\/01\\\/Website_FullLogo_Transparent_NoBuffer.png\",\"contentUrl\":\"https:\\\/\\\/kamme-lee.com\\\/wp-content\\\/uploads\\\/2026\\\/01\\\/Website_FullLogo_Transparent_NoBuffer.png\",\"width\":1280,\"height\":676,\"caption\":\"Kamme Lee Consulting\"},\"image\":{\"@id\":\"https:\\\/\\\/kamme-lee.com\\\/#\\\/schema\\\/logo\\\/image\\\/\"}}]}<\/script>\n<!-- \/ Yoast SEO plugin. -->","yoast_head_json":{"title":"Professional keyboards, mice, docking stations, and hardware security modules. - Kamme Lee Consulting","robots":{"index":"index","follow":"follow","max-snippet":"max-snippet:-1","max-image-preview":"max-image-preview:large","max-video-preview":"max-video-preview:-1"},"canonical":"https:\/\/kamme-lee.com\/da\/professional-keyboards-mice-docking-stations-and-hardware-security-modules\/","og_locale":"da_DK","og_type":"article","og_title":"Professional keyboards, mice, docking stations, and hardware security modules. - Kamme Lee Consulting","og_description":"Professional keyboards, mice, docking stations, and hardware security modules. Small Tools. Big Impact on Productivity &amp; Security. The right peripherals transform how your team works. At Kamme Lee Consulting, we help businesses choose and implement professional keyboards, mice, docking stations, and hardware security modules that improve efficiency, enhance security, and support modern work environments. These [&hellip;]","og_url":"https:\/\/kamme-lee.com\/da\/professional-keyboards-mice-docking-stations-and-hardware-security-modules\/","og_site_name":"Kamme Lee Consulting","article_modified_time":"2026-01-21T15:44:09+00:00","twitter_card":"summary_large_image","twitter_misc":{"Estimeret l\u00e6setid":"2 minutter"},"schema":{"@context":"https:\/\/schema.org","@graph":[{"@type":"WebPage","@id":"https:\/\/kamme-lee.com\/professional-keyboards-mice-docking-stations-and-hardware-security-modules\/","url":"https:\/\/kamme-lee.com\/professional-keyboards-mice-docking-stations-and-hardware-security-modules\/","name":"Professional keyboards, mice, docking stations, and hardware security modules. - Kamme Lee Consulting","isPartOf":{"@id":"https:\/\/kamme-lee.com\/#website"},"datePublished":"2025-12-13T14:08:46+00:00","dateModified":"2026-01-21T15:44:09+00:00","breadcrumb":{"@id":"https:\/\/kamme-lee.com\/professional-keyboards-mice-docking-stations-and-hardware-security-modules\/#breadcrumb"},"inLanguage":"da-DK","potentialAction":[{"@type":"ReadAction","target":["https:\/\/kamme-lee.com\/professional-keyboards-mice-docking-stations-and-hardware-security-modules\/"]}]},{"@type":"BreadcrumbList","@id":"https:\/\/kamme-lee.com\/professional-keyboards-mice-docking-stations-and-hardware-security-modules\/#breadcrumb","itemListElement":[{"@type":"ListItem","position":1,"name":"Home","item":"https:\/\/kamme-lee.com\/"},{"@type":"ListItem","position":2,"name":"Professional keyboards, mice, docking stations, and hardware security modules."}]},{"@type":"WebSite","@id":"https:\/\/kamme-lee.com\/#website","url":"https:\/\/kamme-lee.com\/","name":"Kamme Lee Consulting","description":"Kamme Lee Consulting er bygget p\u00e5 en simpel id\u00e9: teknologi skal g\u00f8re jeres arbejde lettere \u2014 ikke mere kompliceret. vi hj\u00e6lper organisationer med at modernisere deres IT-landskab, optimere driften og skabe m\u00e5lbar v\u00e6kst gennem smartere digitale l\u00f8sninger.","publisher":{"@id":"https:\/\/kamme-lee.com\/#organization"},"potentialAction":[{"@type":"SearchAction","target":{"@type":"EntryPoint","urlTemplate":"https:\/\/kamme-lee.com\/?s={search_term_string}"},"query-input":{"@type":"PropertyValueSpecification","valueRequired":true,"valueName":"search_term_string"}}],"inLanguage":"da-DK"},{"@type":"Organization","@id":"https:\/\/kamme-lee.com\/#organization","name":"Kamme Lee Consulting","url":"https:\/\/kamme-lee.com\/","logo":{"@type":"ImageObject","inLanguage":"da-DK","@id":"https:\/\/kamme-lee.com\/#\/schema\/logo\/image\/","url":"https:\/\/kamme-lee.com\/wp-content\/uploads\/2026\/01\/Website_FullLogo_Transparent_NoBuffer.png","contentUrl":"https:\/\/kamme-lee.com\/wp-content\/uploads\/2026\/01\/Website_FullLogo_Transparent_NoBuffer.png","width":1280,"height":676,"caption":"Kamme Lee Consulting"},"image":{"@id":"https:\/\/kamme-lee.com\/#\/schema\/logo\/image\/"}}]}},"jetpack_sharing_enabled":true,"brizy_media":[],"_links":{"self":[{"href":"https:\/\/kamme-lee.com\/da\/wp-json\/wp\/v2\/pages\/478","targetHints":{"allow":["GET"]}}],"collection":[{"href":"https:\/\/kamme-lee.com\/da\/wp-json\/wp\/v2\/pages"}],"about":[{"href":"https:\/\/kamme-lee.com\/da\/wp-json\/wp\/v2\/types\/page"}],"author":[{"embeddable":true,"href":"https:\/\/kamme-lee.com\/da\/wp-json\/wp\/v2\/users\/1"}],"replies":[{"embeddable":true,"href":"https:\/\/kamme-lee.com\/da\/wp-json\/wp\/v2\/comments?post=478"}],"version-history":[{"count":5,"href":"https:\/\/kamme-lee.com\/da\/wp-json\/wp\/v2\/pages\/478\/revisions"}],"predecessor-version":[{"id":1977,"href":"https:\/\/kamme-lee.com\/da\/wp-json\/wp\/v2\/pages\/478\/revisions\/1977"}],"wp:attachment":[{"href":"https:\/\/kamme-lee.com\/da\/wp-json\/wp\/v2\/media?parent=478"}],"curies":[{"name":"wp","href":"https:\/\/api.w.org\/{rel}","templated":true}]}}