{"id":482,"date":"2025-12-13T15:09:43","date_gmt":"2025-12-13T14:09:43","guid":{"rendered":"https:\/\/kamme-lee.com\/?page_id=482"},"modified":"2026-01-21T16:58:18","modified_gmt":"2026-01-21T15:58:18","slug":"cloud-based-document-storage-and-collaboration","status":"publish","type":"page","link":"https:\/\/kamme-lee.com\/da\/cloud-based-document-storage-and-collaboration\/","title":{"rendered":"Cloud-baseret dokumentlagring og samarbejde"},"content":{"rendered":"<div class=\"wp-block-group alignfull has-global-padding is-layout-constrained wp-block-group-is-layout-constrained\">\n<p class=\"has-text-align-center has-custom-golden-color-color has-text-color has-link-color has-small-font-size wp-elements-8022226eeab2a03ad50bbf6a4317e735\">Cloud-baseret dokumentlagring og samarbejde<\/p>\n\n\n\n<h2 class=\"wp-block-heading has-text-align-center\"><strong><strong><strong><strong><strong><strong><strong>Samarbejd effektivt. Forbliv sikre. F\u00e5 adgang overalt.<\/strong><\/strong><\/strong><\/strong><\/strong><\/strong><\/strong><\/h2>\n\n\n\n<p class=\"has-text-align-center\">Moderne virksomheder er afh\u00e6ngige af dokumenter, data og samarbejde i realtid. Hos Kamme Lee Consulting hj\u00e6lper vi organisationer med at implementere cloud-baserede l\u00f8sninger til dokumentlagring og samarbejde, der erstatter for\u00e6ldede filservere, reducerer dokumentkaos og g\u00f8r det muligt for teams at arbejde sammen sikkert \u2013 uanset hvor de befinder sig.<\/p>\n\n\n\n<p class=\"has-text-align-center\">Jeres dokumenter skal styrke forretningen \u2013 ikke bremse den.<\/p>\n\n\n\n<div class=\"wp-block-group alignfull has-global-padding is-layout-constrained wp-container-core-group-is-layout-c06d165c wp-block-group-is-layout-constrained\" style=\"padding-top:0;padding-right:0;padding-bottom:0;padding-left:0\">\n<div class=\"wp-block-columns alignfull has-medium-font-size is-layout-flex wp-container-core-columns-is-layout-290918d7 wp-block-columns-is-layout-flex\" style=\"margin-top:0;margin-bottom:0;padding-top:var(--wp--preset--spacing--20);padding-right:var(--wp--preset--spacing--30);padding-bottom:var(--wp--preset--spacing--20);padding-left:var(--wp--preset--spacing--30)\">\n<div class=\"wp-block-column has-base-2-background-color has-background is-layout-flow wp-block-column-is-layout-flow\" style=\"padding-top:0;padding-right:0;padding-bottom:0;padding-left:0\">\n<h3 class=\"wp-block-heading\"><strong>Hvorfor jeres virksomhed har brug for cloud-baseret dokumentlagring<\/strong><\/h3>\n\n\n\n<p>Adgang til dokumenter \u2013 n\u00e5r som helst og hvor som helst, cloud-baseret lagring giver jeres teams mulighed for at:<\/p>\n\n\n\n<ul class=\"wp-block-list\">\n<li>Tilg\u00e5 filer sikkert fra enhver enhed<\/li>\n\n\n\n<li>Arbejde fra kontor, hjem eller kundelokationer<\/li>\n\n\n\n<li>Undg\u00e5 forsinkelser for\u00e5rsaget af manglende eller for\u00e6ldede filer<\/li>\n<\/ul>\n\n\n\n<p>Jeres medarbejdere forbliver produktive \u2013 ogs\u00e5 n\u00e5r de ikke er samme sted.<\/p>\n<\/div>\n\n\n\n<div class=\"wp-block-column has-base-2-background-color has-background is-layout-flow wp-block-column-is-layout-flow\">\n<h3 class=\"wp-block-heading\"><strong>Samarbejde i realtid<\/strong><\/h3>\n\n\n\n<p>Stop med at sende dokumenter frem og tilbage via e-mail.<\/p>\n\n\n\n<p>Cloud-baseret samarbejde muligg\u00f8r:<\/p>\n\n\n\n<ul class=\"wp-block-list\">\n<li>Flere personer kan arbejde i det samme dokument samtidig<\/li>\n\n\n\n<li>\u00d8jeblikkelig synlighed af \u00e6ndringer og opdateringer<\/li>\n\n\n\n<li>Klar versionshistorik og mulighed for gendannelse<\/li>\n<\/ul>\n\n\n\n<p>Det reducerer fejl, sparer tid og styrker samarbejdet.<\/p>\n<\/div>\n\n\n\n<div class=\"wp-block-column has-base-2-background-color has-background is-layout-flow wp-block-column-is-layout-flow\">\n<h3 class=\"wp-block-heading\"><strong>Forbedret sikkerhed og databeskyttelse<\/strong><\/h3>\n\n\n\n<p>Cloud-platforme er udviklet med sikkerhed som fundament.<\/p>\n\n\n\n<p>De tilbyder:<\/p>\n\n\n\n<ul class=\"wp-block-list\">\n<li>Central adgangsstyring og rettighedskontrol<\/li>\n\n\n\n<li>Sikker deling med interne og eksterne brugere<\/li>\n\n\n\n<li>Kryptering af data b\u00e5de under lagring og overf\u00f8rsel<\/li>\n\n\n\n<li>Beskyttelse mod datatab og uautoriseret adgang<\/li>\n<\/ul>\n\n\n\n<p>Jeres dokumenter forbliver beskyttede \u2013 ogs\u00e5 i takt med virksomhedens v\u00e6kst.<\/p>\n<\/div>\n<\/div>\n\n\n\n<div class=\"wp-block-columns alignfull is-layout-flex wp-container-core-columns-is-layout-c8bf6435 wp-block-columns-is-layout-flex\" style=\"padding-right:var(--wp--preset--spacing--30);padding-left:var(--wp--preset--spacing--30)\">\n<div class=\"wp-block-column has-base-2-background-color has-background is-layout-flow wp-block-column-is-layout-flow\">\n<h3 class=\"wp-block-heading\"><strong>Elimin\u00e9r filkaos og duplikering<\/strong><\/h3>\n\n\n\n<p>Traditionel filopbevaring skaber ofte forvirring.<\/p>\n\n\n\n<p>Cloud-baseret dokumentlagring hj\u00e6lper ved at:<\/p>\n\n\n\n<ul class=\"wp-block-list\">\n<li>Opretholde \u00e9n f\u00e6lles og p\u00e5lidelig datakilde<\/li>\n\n\n\n<li>Reducere duplikerede og for\u00e6ldede filer<\/li>\n\n\n\n<li>Strukturere indhold p\u00e5 tv\u00e6rs af teams og afdelinger<\/li>\n<\/ul>\n\n\n\n<p>Mindre tid brugt p\u00e5 s\u00f8gning betyder mere tid til at levere resultater.<\/p>\n<\/div>\n\n\n\n<div class=\"wp-block-column has-base-2-background-color has-background is-layout-flow wp-block-column-is-layout-flow\">\n<h3 class=\"wp-block-heading\"><strong>Skabt til moderne og hybride arbejdsformer<\/strong><\/h3>\n\n\n\n<p>Cloud-baseret dokumentlagring underst\u00f8tter:<\/p>\n\n\n\n<ul class=\"wp-block-list\">\n<li>Remote- og hybridarbejde<\/li>\n\n\n\n<li>Samarbejde p\u00e5 tv\u00e6rs af afdelinger<\/li>\n\n\n\n<li>Sikker ekstern samarbejde med partnere og kunder<\/li>\n\n\n\n<li>Skalerbar lagring i takt med virksomhedens udvikling<\/li>\n<\/ul>\n\n\n\n<p>L\u00f8sningen tilpasser sig jeres arbejdsform \u2013 ikke omvendt.<\/p>\n<\/div>\n\n\n\n<div class=\"wp-block-column has-base-2-background-color has-background is-layout-flow wp-block-column-is-layout-flow\">\n<h3 class=\"wp-block-heading\"><strong>Hvordan Kamme Lee Consulting hj\u00e6lper jer<\/strong><\/h3>\n\n\n\n<p>Hos Kamme Lee Consulting hj\u00e6lper vi jer med at:<\/p>\n\n\n\n<ul class=\"wp-block-list\">\n<li>Designe dokumentstrukturer, der matcher jeres arbejdsgange<\/li>\n\n\n\n<li>Implementere cloud-platforme som Microsoft 365, SharePoint og OneDrive<\/li>\n\n\n\n<li>Definere adgangsstyring og governance-politikker<\/li>\n\n\n\n<li>Migrere filer fra \u00e6ldre systemer<\/li>\n\n\n\n<li>Tr\u00e6ne brugere i effektivt samarbejde<\/li>\n<\/ul>\n\n\n\n<p>Vi sikrer, at jeres dokumentmilj\u00f8 underst\u00f8tter produktivitet, sikkerhed og compliance.<\/p>\n<\/div>\n<\/div>\n<\/div>\n\n\n\n<div class=\"wp-block-group has-global-padding is-layout-constrained wp-block-group-is-layout-constrained\">\n<div style=\"height:100px\" aria-hidden=\"true\" class=\"wp-block-spacer\"><\/div>\n\n\n\n<h2 class=\"wp-block-heading has-text-align-center has-contrast-color has-text-color has-link-color wp-elements-303611c89827aae27c6d49067acf0c89\"><strong>Klar til at <mark style=\"background-color:rgba(0, 0, 0, 0)\" class=\"has-inline-color has-custom-golden-color-color\">Transformere <\/mark>Jeres Virksomhed med Vores Ekspert Udstyrsl\u00f8sninger?<\/strong><\/h2>\n\n\n\n<p class=\"has-text-align-center\">Kontakt os for at sikre, at jeres teams har de rigtige v\u00e6rkt\u00f8jer ved h\u00e5nden, fuldt tilpasset jeres processer og m\u00e5l\u2014s\u00e5 de kan arbejde smartere, hurtigere og mere effektivt.<\/p>\n\n\n\n<div class=\"wp-block-buttons is-content-justification-center is-layout-flex wp-container-core-buttons-is-layout-a89b3969 wp-block-buttons-is-layout-flex\">\n<div class=\"wp-block-button\"><a class=\"wp-block-button__link has-contrast-color has-custom-golden-color-background-color has-text-color has-background has-link-color wp-element-button\" href=\"https:\/\/kamme-lee.com\/da\/contact-us\/\">Start Jeres Transformation -&gt;<\/a><\/div>\n\n\n\n<div class=\"wp-block-button\"><a class=\"wp-block-button__link wp-element-button\" href=\"https:\/\/kamme-lee.com\/da\/about-us\/\" style=\"padding-top:0.7rem;padding-right:var(--wp--preset--spacing--10);padding-bottom:0.7rem;padding-left:var(--wp--preset--spacing--10)\">Om Os<\/a><\/div>\n<\/div>\n\n\n\n<div style=\"height:100px\" aria-hidden=\"true\" class=\"wp-block-spacer\"><\/div>\n<\/div>\n<\/div>","protected":false},"excerpt":{"rendered":"<p>Cloud-based document storage and collaboration Work Together. Stay Secure. Access Everything \u2014 Anywhere. Modern businesses rely on documents, data, and collaboration happening in real time. At Kamme Lee Consulting, we help organizations adopt cloud-based document storage and collaboration solutions that replace outdated file servers, eliminate document chaos, and enable teams to work together securely \u2014 [&hellip;]<\/p>\n","protected":false},"author":1,"featured_media":0,"parent":0,"menu_order":0,"comment_status":"closed","ping_status":"closed","template":"","meta":{"footnotes":""},"class_list":["post-482","page","type-page","status-publish","hentry"],"yoast_head":"<!-- This site is optimized with the Yoast SEO plugin v27.4 - https:\/\/yoast.com\/product\/yoast-seo-wordpress\/ -->\n<title>Cloud-based document storage and collaboration - Kamme Lee Consulting<\/title>\n<meta name=\"robots\" content=\"index, follow, max-snippet:-1, max-image-preview:large, max-video-preview:-1\" \/>\n<link rel=\"canonical\" href=\"https:\/\/kamme-lee.com\/da\/cloud-based-document-storage-and-collaboration\/\" \/>\n<meta property=\"og:locale\" content=\"da_DK\" \/>\n<meta property=\"og:type\" content=\"article\" \/>\n<meta property=\"og:title\" content=\"Cloud-based document storage and collaboration - Kamme Lee Consulting\" \/>\n<meta property=\"og:description\" content=\"Cloud-based document storage and collaboration Work Together. Stay Secure. Access Everything \u2014 Anywhere. Modern businesses rely on documents, data, and collaboration happening in real time. At Kamme Lee Consulting, we help organizations adopt cloud-based document storage and collaboration solutions that replace outdated file servers, eliminate document chaos, and enable teams to work together securely \u2014 [&hellip;]\" \/>\n<meta property=\"og:url\" content=\"https:\/\/kamme-lee.com\/da\/cloud-based-document-storage-and-collaboration\/\" \/>\n<meta property=\"og:site_name\" content=\"Kamme Lee Consulting\" \/>\n<meta property=\"article:modified_time\" content=\"2026-01-21T15:58:18+00:00\" \/>\n<meta name=\"twitter:card\" content=\"summary_large_image\" \/>\n<meta name=\"twitter:label1\" content=\"Estimeret l\u00e6setid\" \/>\n\t<meta name=\"twitter:data1\" content=\"2 minutter\" \/>\n<script type=\"application\/ld+json\" class=\"yoast-schema-graph\">{\"@context\":\"https:\\\/\\\/schema.org\",\"@graph\":[{\"@type\":\"WebPage\",\"@id\":\"https:\\\/\\\/kamme-lee.com\\\/cloud-based-document-storage-and-collaboration\\\/\",\"url\":\"https:\\\/\\\/kamme-lee.com\\\/cloud-based-document-storage-and-collaboration\\\/\",\"name\":\"Cloud-based document storage and collaboration - Kamme Lee Consulting\",\"isPartOf\":{\"@id\":\"https:\\\/\\\/kamme-lee.com\\\/#website\"},\"datePublished\":\"2025-12-13T14:09:43+00:00\",\"dateModified\":\"2026-01-21T15:58:18+00:00\",\"breadcrumb\":{\"@id\":\"https:\\\/\\\/kamme-lee.com\\\/cloud-based-document-storage-and-collaboration\\\/#breadcrumb\"},\"inLanguage\":\"da-DK\",\"potentialAction\":[{\"@type\":\"ReadAction\",\"target\":[\"https:\\\/\\\/kamme-lee.com\\\/cloud-based-document-storage-and-collaboration\\\/\"]}]},{\"@type\":\"BreadcrumbList\",\"@id\":\"https:\\\/\\\/kamme-lee.com\\\/cloud-based-document-storage-and-collaboration\\\/#breadcrumb\",\"itemListElement\":[{\"@type\":\"ListItem\",\"position\":1,\"name\":\"Home\",\"item\":\"https:\\\/\\\/kamme-lee.com\\\/\"},{\"@type\":\"ListItem\",\"position\":2,\"name\":\"Cloud-based document storage and collaboration\"}]},{\"@type\":\"WebSite\",\"@id\":\"https:\\\/\\\/kamme-lee.com\\\/#website\",\"url\":\"https:\\\/\\\/kamme-lee.com\\\/\",\"name\":\"Kamme Lee Consulting\",\"description\":\"Kamme Lee Consulting is built on a simple idea: technology should make work easier \u2014 not more complicated. We help organizations modernize IT landscapes, optimize operations, and unlock measurable growth through smarter digital solutions.\",\"publisher\":{\"@id\":\"https:\\\/\\\/kamme-lee.com\\\/#organization\"},\"potentialAction\":[{\"@type\":\"SearchAction\",\"target\":{\"@type\":\"EntryPoint\",\"urlTemplate\":\"https:\\\/\\\/kamme-lee.com\\\/?s={search_term_string}\"},\"query-input\":{\"@type\":\"PropertyValueSpecification\",\"valueRequired\":true,\"valueName\":\"search_term_string\"}}],\"inLanguage\":\"da-DK\"},{\"@type\":\"Organization\",\"@id\":\"https:\\\/\\\/kamme-lee.com\\\/#organization\",\"name\":\"Kamme Lee Consulting\",\"url\":\"https:\\\/\\\/kamme-lee.com\\\/\",\"logo\":{\"@type\":\"ImageObject\",\"inLanguage\":\"da-DK\",\"@id\":\"https:\\\/\\\/kamme-lee.com\\\/#\\\/schema\\\/logo\\\/image\\\/\",\"url\":\"https:\\\/\\\/kamme-lee.com\\\/wp-content\\\/uploads\\\/2026\\\/01\\\/Website_FullLogo_Transparent_NoBuffer.png\",\"contentUrl\":\"https:\\\/\\\/kamme-lee.com\\\/wp-content\\\/uploads\\\/2026\\\/01\\\/Website_FullLogo_Transparent_NoBuffer.png\",\"width\":1280,\"height\":676,\"caption\":\"Kamme Lee Consulting\"},\"image\":{\"@id\":\"https:\\\/\\\/kamme-lee.com\\\/#\\\/schema\\\/logo\\\/image\\\/\"}}]}<\/script>\n<!-- \/ Yoast SEO plugin. -->","yoast_head_json":{"title":"Cloud-based document storage and collaboration - Kamme Lee Consulting","robots":{"index":"index","follow":"follow","max-snippet":"max-snippet:-1","max-image-preview":"max-image-preview:large","max-video-preview":"max-video-preview:-1"},"canonical":"https:\/\/kamme-lee.com\/da\/cloud-based-document-storage-and-collaboration\/","og_locale":"da_DK","og_type":"article","og_title":"Cloud-based document storage and collaboration - Kamme Lee Consulting","og_description":"Cloud-based document storage and collaboration Work Together. Stay Secure. Access Everything \u2014 Anywhere. Modern businesses rely on documents, data, and collaboration happening in real time. At Kamme Lee Consulting, we help organizations adopt cloud-based document storage and collaboration solutions that replace outdated file servers, eliminate document chaos, and enable teams to work together securely \u2014 [&hellip;]","og_url":"https:\/\/kamme-lee.com\/da\/cloud-based-document-storage-and-collaboration\/","og_site_name":"Kamme Lee Consulting","article_modified_time":"2026-01-21T15:58:18+00:00","twitter_card":"summary_large_image","twitter_misc":{"Estimeret l\u00e6setid":"2 minutter"},"schema":{"@context":"https:\/\/schema.org","@graph":[{"@type":"WebPage","@id":"https:\/\/kamme-lee.com\/cloud-based-document-storage-and-collaboration\/","url":"https:\/\/kamme-lee.com\/cloud-based-document-storage-and-collaboration\/","name":"Cloud-based document storage and collaboration - Kamme Lee Consulting","isPartOf":{"@id":"https:\/\/kamme-lee.com\/#website"},"datePublished":"2025-12-13T14:09:43+00:00","dateModified":"2026-01-21T15:58:18+00:00","breadcrumb":{"@id":"https:\/\/kamme-lee.com\/cloud-based-document-storage-and-collaboration\/#breadcrumb"},"inLanguage":"da-DK","potentialAction":[{"@type":"ReadAction","target":["https:\/\/kamme-lee.com\/cloud-based-document-storage-and-collaboration\/"]}]},{"@type":"BreadcrumbList","@id":"https:\/\/kamme-lee.com\/cloud-based-document-storage-and-collaboration\/#breadcrumb","itemListElement":[{"@type":"ListItem","position":1,"name":"Home","item":"https:\/\/kamme-lee.com\/"},{"@type":"ListItem","position":2,"name":"Cloud-based document storage and collaboration"}]},{"@type":"WebSite","@id":"https:\/\/kamme-lee.com\/#website","url":"https:\/\/kamme-lee.com\/","name":"Kamme Lee Consulting","description":"Kamme Lee Consulting er bygget p\u00e5 en simpel id\u00e9: teknologi skal g\u00f8re jeres arbejde lettere \u2014 ikke mere kompliceret. vi hj\u00e6lper organisationer med at modernisere deres IT-landskab, optimere driften og skabe m\u00e5lbar v\u00e6kst gennem smartere digitale l\u00f8sninger.","publisher":{"@id":"https:\/\/kamme-lee.com\/#organization"},"potentialAction":[{"@type":"SearchAction","target":{"@type":"EntryPoint","urlTemplate":"https:\/\/kamme-lee.com\/?s={search_term_string}"},"query-input":{"@type":"PropertyValueSpecification","valueRequired":true,"valueName":"search_term_string"}}],"inLanguage":"da-DK"},{"@type":"Organization","@id":"https:\/\/kamme-lee.com\/#organization","name":"Kamme Lee Consulting","url":"https:\/\/kamme-lee.com\/","logo":{"@type":"ImageObject","inLanguage":"da-DK","@id":"https:\/\/kamme-lee.com\/#\/schema\/logo\/image\/","url":"https:\/\/kamme-lee.com\/wp-content\/uploads\/2026\/01\/Website_FullLogo_Transparent_NoBuffer.png","contentUrl":"https:\/\/kamme-lee.com\/wp-content\/uploads\/2026\/01\/Website_FullLogo_Transparent_NoBuffer.png","width":1280,"height":676,"caption":"Kamme Lee Consulting"},"image":{"@id":"https:\/\/kamme-lee.com\/#\/schema\/logo\/image\/"}}]}},"jetpack_sharing_enabled":true,"brizy_media":[],"_links":{"self":[{"href":"https:\/\/kamme-lee.com\/da\/wp-json\/wp\/v2\/pages\/482","targetHints":{"allow":["GET"]}}],"collection":[{"href":"https:\/\/kamme-lee.com\/da\/wp-json\/wp\/v2\/pages"}],"about":[{"href":"https:\/\/kamme-lee.com\/da\/wp-json\/wp\/v2\/types\/page"}],"author":[{"embeddable":true,"href":"https:\/\/kamme-lee.com\/da\/wp-json\/wp\/v2\/users\/1"}],"replies":[{"embeddable":true,"href":"https:\/\/kamme-lee.com\/da\/wp-json\/wp\/v2\/comments?post=482"}],"version-history":[{"count":5,"href":"https:\/\/kamme-lee.com\/da\/wp-json\/wp\/v2\/pages\/482\/revisions"}],"predecessor-version":[{"id":1993,"href":"https:\/\/kamme-lee.com\/da\/wp-json\/wp\/v2\/pages\/482\/revisions\/1993"}],"wp:attachment":[{"href":"https:\/\/kamme-lee.com\/da\/wp-json\/wp\/v2\/media?parent=482"}],"curies":[{"name":"wp","href":"https:\/\/api.w.org\/{rel}","templated":true}]}}