{"id":484,"date":"2025-12-13T15:10:11","date_gmt":"2025-12-13T14:10:11","guid":{"rendered":"https:\/\/kamme-lee.com\/?page_id=484"},"modified":"2026-01-21T17:02:55","modified_gmt":"2026-01-21T16:02:55","slug":"security-cameras-and-door-access-control","status":"publish","type":"page","link":"https:\/\/kamme-lee.com\/da\/security-cameras-and-door-access-control\/","title":{"rendered":"Sikkerhedskameraer og d\u00f8radgangskontrol"},"content":{"rendered":"<div class=\"wp-block-group alignfull has-global-padding is-layout-constrained wp-block-group-is-layout-constrained\">\n<p class=\"has-text-align-center has-custom-golden-color-color has-text-color has-link-color has-small-font-size wp-elements-5b483f5d41bdb888dbc90b4b5cc6c127\">Sikkerhedskameraer og d\u00f8radgangskontrol<\/p>\n\n\n\n<h2 class=\"wp-block-heading has-text-align-center\"><strong><strong><strong><strong><strong><strong><strong><strong>Beskyt mennesker, aktiver og forretningsdrift<\/strong><\/strong><\/strong><\/strong><\/strong><\/strong><\/strong><\/strong><\/h2>\n\n\n\n<p class=\"has-text-align-center\">Fysisk sikkerhed er en afg\u00f8rende del af ethvert moderne forretningsmilj\u00f8. Hos Kamme Lee Consulting hj\u00e6lper vi organisationer med at implementere sikkerhedskameraer og d\u00f8radgangskontrol, der beskytter faciliteter, reducerer risiko og giver fuldt overblik og kontrol over, hvem der har adgang til jeres lokaler.<\/p>\n\n\n\n<p class=\"has-text-align-center\">Sikkerhed handler ikke kun om at reagere p\u00e5 h\u00e6ndelser \u2013 det handler om at forebygge dem.<\/p>\n\n\n\n<div class=\"wp-block-group alignfull has-global-padding is-layout-constrained wp-container-core-group-is-layout-c06d165c wp-block-group-is-layout-constrained\" style=\"padding-top:0;padding-right:0;padding-bottom:0;padding-left:0\">\n<div class=\"wp-block-columns alignfull has-medium-font-size is-layout-flex wp-container-core-columns-is-layout-290918d7 wp-block-columns-is-layout-flex\" style=\"margin-top:0;margin-bottom:0;padding-top:var(--wp--preset--spacing--20);padding-right:var(--wp--preset--spacing--30);padding-bottom:var(--wp--preset--spacing--20);padding-left:var(--wp--preset--spacing--30)\">\n<div class=\"wp-block-column has-base-2-background-color has-background is-layout-flow wp-block-column-is-layout-flow\" style=\"padding-top:0;padding-right:0;padding-bottom:0;padding-left:0\">\n<h3 class=\"wp-block-heading\"><strong>Hvorfor jeres virksomhed har brug for fysiske sikkerhedssystemer<\/strong><\/h3>\n\n\n\n<p>Beskyt medarbejdere og aktiver, sikkerhedskameraer og adgangskontrol hj\u00e6lper med at:<\/p>\n\n\n\n<ul class=\"wp-block-list\">\n<li>Afskr\u00e6kke tyveri, h\u00e6rv\u00e6rk og uautoriseret adgang<\/li>\n\n\n\n<li>Beskytte medarbejdere, bes\u00f8gende og fysiske aktiver<\/li>\n\n\n\n<li>Skabe overblik over f\u00f8lsomme eller begr\u00e6nsede omr\u00e5der<\/li>\n<\/ul>\n\n\n\n<p>Synlig sikkerhed reducerer risikoen, f\u00f8r h\u00e6ndelser opst\u00e5r.<\/p>\n<\/div>\n\n\n\n<div class=\"wp-block-column has-base-2-background-color has-background is-layout-flow wp-block-column-is-layout-flow\">\n<h3 class=\"wp-block-heading\"><strong>Fuld kontrol over, hvem der har adgang<\/strong><\/h3>\n\n\n\n<p>D\u00f8radgangskontrol erstatter fysiske n\u00f8gler med sikker, digital adgang.<\/p>\n\n\n\n<p>Det giver jer mulighed for at:<\/p>\n\n\n\n<ul class=\"wp-block-list\">\n<li>Give og fjerne adgang \u00f8jeblikkeligt<\/li>\n\n\n\n<li>Tildele adgang baseret p\u00e5 roller, funktioner eller tidsplaner<\/li>\n\n\n\n<li>Forhindre uautoriseret adgang til kritiske omr\u00e5der<\/li>\n<\/ul>\n\n\n\n<p>I bevarer kontrollen \u2013 ogs\u00e5 n\u00e5r medarbejdere og roller \u00e6ndrer sig.<\/p>\n<\/div>\n\n\n\n<div class=\"wp-block-column has-base-2-background-color has-background is-layout-flow wp-block-column-is-layout-flow\">\n<h3 class=\"wp-block-heading\"><strong>Bedre h\u00e6ndelsesh\u00e5ndtering og ansvarlighed<\/strong><\/h3>\n\n\n\n<p>N\u00e5r h\u00e6ndelser opst\u00e5r, er overblik afg\u00f8rende.<\/p>\n\n\n\n<p>Sikkerhedssystemer leverer:<\/p>\n\n\n\n<ul class=\"wp-block-list\">\n<li>Videooptagelser til dokumentation og verifikation<\/li>\n\n\n\n<li>Adgangslogfiler, der viser hvem der har haft adgang \u2013 og hvorn\u00e5r<\/li>\n\n\n\n<li>Klare audit trails til compliance og rapportering<\/li>\n<\/ul>\n\n\n\n<p>Det underst\u00f8tter hurtigere afklaring og bedre beslutningsgrundlag.<\/p>\n<\/div>\n<\/div>\n\n\n\n<div class=\"wp-block-columns alignfull is-layout-flex wp-container-core-columns-is-layout-c8bf6435 wp-block-columns-is-layout-flex\" style=\"padding-right:var(--wp--preset--spacing--30);padding-left:var(--wp--preset--spacing--30)\">\n<div class=\"wp-block-column has-base-2-background-color has-background is-layout-flow wp-block-column-is-layout-flow\">\n<h3 class=\"wp-block-heading\"><strong>Underst\u00f8t compliance- og forsikringskrav<\/strong><\/h3>\n\n\n\n<p>Mange organisationer stiller krav om dokumenteret fysisk sikkerhed.<\/p>\n\n\n\n<p>Fysiske sikkerhedssystemer hj\u00e6lper med at:<\/p>\n\n\n\n<ul class=\"wp-block-list\">\n<li>Opfylde compliance- og regulatoriske forventninger<\/li>\n\n\n\n<li>Underst\u00f8tte forsikrings- og risikostyringskrav<\/li>\n\n\n\n<li>Dokumentere ansvarlig h\u00e5ndtering af faciliteter og aktiver<\/li>\n<\/ul>\n\n\n\n<p>Sikkerhed bliver dermed en forretningsunderst\u00f8ttende faktor \u2013 ikke blot en omkostning.<\/p>\n<\/div>\n\n\n\n<div class=\"wp-block-column has-base-2-background-color has-background is-layout-flow wp-block-column-is-layout-flow\">\n<h3 class=\"wp-block-heading\"><strong>S<\/strong><strong>kabt til moderne forretningsmilj\u00f8er<\/strong><\/h3>\n\n\n\n<p>Sikkerhedskameraer og d\u00f8radgangskontrol integrerer problemfrit med:<\/p>\n\n\n\n<ul class=\"wp-block-list\">\n<li>Virksomhedens netv\u00e6rk og cloud-platforme<\/li>\n\n\n\n<li>Identitets- og adgangsstyringsl\u00f8sninger<\/li>\n\n\n\n<li>Centrale overv\u00e5gnings- og administrationsv\u00e6rkt\u00f8jer<\/li>\n<\/ul>\n\n\n\n<p>L\u00f8sningerne kan skaleres i takt med, at jeres organisation vokser eller udvider til nye lokationer.<\/p>\n<\/div>\n\n\n\n<div class=\"wp-block-column has-base-2-background-color has-background is-layout-flow wp-block-column-is-layout-flow\">\n<h3 class=\"wp-block-heading\"><strong>Hvordan Kamme Lee Consulting hj\u00e6lper jer<\/strong><\/h3>\n\n\n\n<p>Hos Kamme Lee Consulting hj\u00e6lper vi jer med at:<\/p>\n\n\n\n<ul class=\"wp-block-list\">\n<li>Vurdere fysiske sikkerhedsrisici og behov<\/li>\n\n\n\n<li>Designe kamerad\u00e6kning og adgangsstrategier<\/li>\n\n\n\n<li>V\u00e6lge p\u00e5lidelige og skalerbare sikkerhedsl\u00f8sninger<\/li>\n\n\n\n<li>Integrere fysisk sikkerhed med digitale systemer<\/li>\n\n\n\n<li>Sikre korrekt ops\u00e6tning og dokumentation<\/li>\n<\/ul>\n\n\n\n<p>Vi fokuserer p\u00e5 praktisk, effektiv sikkerhed, der underst\u00f8tter jeres daglige drift.<\/p>\n<\/div>\n<\/div>\n<\/div>\n\n\n\n<div class=\"wp-block-group has-global-padding is-layout-constrained wp-block-group-is-layout-constrained\">\n<div style=\"height:100px\" aria-hidden=\"true\" class=\"wp-block-spacer\"><\/div>\n\n\n\n<h2 class=\"wp-block-heading has-text-align-center has-contrast-color has-text-color has-link-color wp-elements-303611c89827aae27c6d49067acf0c89\"><strong>Klar til at <mark style=\"background-color:rgba(0, 0, 0, 0)\" class=\"has-inline-color has-custom-golden-color-color\">Transformere <\/mark>Jeres Virksomhed med Vores Ekspert Udstyrsl\u00f8sninger?<\/strong><\/h2>\n\n\n\n<p class=\"has-text-align-center\">Kontakt os for at sikre, at jeres teams har de rigtige v\u00e6rkt\u00f8jer ved h\u00e5nden, fuldt tilpasset jeres processer og m\u00e5l\u2014s\u00e5 de kan arbejde smartere, hurtigere og mere effektivt.<\/p>\n\n\n\n<div class=\"wp-block-buttons is-content-justification-center is-layout-flex wp-container-core-buttons-is-layout-a89b3969 wp-block-buttons-is-layout-flex\">\n<div class=\"wp-block-button\"><a class=\"wp-block-button__link has-contrast-color has-custom-golden-color-background-color has-text-color has-background has-link-color wp-element-button\" href=\"https:\/\/kamme-lee.com\/da\/contact-us\/\">Start Jeres Transformation -&gt;<\/a><\/div>\n\n\n\n<div class=\"wp-block-button\"><a class=\"wp-block-button__link wp-element-button\" href=\"https:\/\/kamme-lee.com\/da\/about-us\/\" style=\"padding-top:0.7rem;padding-right:var(--wp--preset--spacing--10);padding-bottom:0.7rem;padding-left:var(--wp--preset--spacing--10)\">Om Os<\/a><\/div>\n<\/div>\n\n\n\n<div style=\"height:100px\" aria-hidden=\"true\" class=\"wp-block-spacer\"><\/div>\n<\/div>\n<\/div>","protected":false},"excerpt":{"rendered":"<p>Security Cameras and Door Access Control Protect Your People, Assets &amp; Business Operations Physical security is a critical part of any modern business environment. At Kamme Lee Consulting, we help organizations implement security cameras and door access control systems that protect facilities, reduce risk, and provide visibility and control over who enters your premises. Security [&hellip;]<\/p>\n","protected":false},"author":1,"featured_media":0,"parent":0,"menu_order":0,"comment_status":"closed","ping_status":"closed","template":"","meta":{"footnotes":""},"class_list":["post-484","page","type-page","status-publish","hentry"],"yoast_head":"<!-- This site is optimized with the Yoast SEO plugin v27.4 - https:\/\/yoast.com\/product\/yoast-seo-wordpress\/ -->\n<title>Security cameras and door access control - Kamme Lee Consulting<\/title>\n<meta name=\"robots\" content=\"index, follow, max-snippet:-1, max-image-preview:large, max-video-preview:-1\" \/>\n<link rel=\"canonical\" href=\"https:\/\/kamme-lee.com\/da\/security-cameras-and-door-access-control\/\" \/>\n<meta property=\"og:locale\" content=\"da_DK\" \/>\n<meta property=\"og:type\" content=\"article\" \/>\n<meta property=\"og:title\" content=\"Security cameras and door access control - Kamme Lee Consulting\" \/>\n<meta property=\"og:description\" content=\"Security Cameras and Door Access Control Protect Your People, Assets &amp; Business Operations Physical security is a critical part of any modern business environment. At Kamme Lee Consulting, we help organizations implement security cameras and door access control systems that protect facilities, reduce risk, and provide visibility and control over who enters your premises. Security [&hellip;]\" \/>\n<meta property=\"og:url\" content=\"https:\/\/kamme-lee.com\/da\/security-cameras-and-door-access-control\/\" \/>\n<meta property=\"og:site_name\" content=\"Kamme Lee Consulting\" \/>\n<meta property=\"article:modified_time\" content=\"2026-01-21T16:02:55+00:00\" \/>\n<meta name=\"twitter:card\" content=\"summary_large_image\" \/>\n<meta name=\"twitter:label1\" content=\"Estimeret l\u00e6setid\" \/>\n\t<meta name=\"twitter:data1\" content=\"2 minutter\" \/>\n<script type=\"application\/ld+json\" class=\"yoast-schema-graph\">{\"@context\":\"https:\\\/\\\/schema.org\",\"@graph\":[{\"@type\":\"WebPage\",\"@id\":\"https:\\\/\\\/kamme-lee.com\\\/security-cameras-and-door-access-control\\\/\",\"url\":\"https:\\\/\\\/kamme-lee.com\\\/security-cameras-and-door-access-control\\\/\",\"name\":\"Security cameras and door access control - Kamme Lee Consulting\",\"isPartOf\":{\"@id\":\"https:\\\/\\\/kamme-lee.com\\\/#website\"},\"datePublished\":\"2025-12-13T14:10:11+00:00\",\"dateModified\":\"2026-01-21T16:02:55+00:00\",\"breadcrumb\":{\"@id\":\"https:\\\/\\\/kamme-lee.com\\\/security-cameras-and-door-access-control\\\/#breadcrumb\"},\"inLanguage\":\"da-DK\",\"potentialAction\":[{\"@type\":\"ReadAction\",\"target\":[\"https:\\\/\\\/kamme-lee.com\\\/security-cameras-and-door-access-control\\\/\"]}]},{\"@type\":\"BreadcrumbList\",\"@id\":\"https:\\\/\\\/kamme-lee.com\\\/security-cameras-and-door-access-control\\\/#breadcrumb\",\"itemListElement\":[{\"@type\":\"ListItem\",\"position\":1,\"name\":\"Home\",\"item\":\"https:\\\/\\\/kamme-lee.com\\\/\"},{\"@type\":\"ListItem\",\"position\":2,\"name\":\"Security cameras and door access control\"}]},{\"@type\":\"WebSite\",\"@id\":\"https:\\\/\\\/kamme-lee.com\\\/#website\",\"url\":\"https:\\\/\\\/kamme-lee.com\\\/\",\"name\":\"Kamme Lee Consulting\",\"description\":\"Kamme Lee Consulting is built on a simple idea: technology should make work easier \u2014 not more complicated. We help organizations modernize IT landscapes, optimize operations, and unlock measurable growth through smarter digital solutions.\",\"publisher\":{\"@id\":\"https:\\\/\\\/kamme-lee.com\\\/#organization\"},\"potentialAction\":[{\"@type\":\"SearchAction\",\"target\":{\"@type\":\"EntryPoint\",\"urlTemplate\":\"https:\\\/\\\/kamme-lee.com\\\/?s={search_term_string}\"},\"query-input\":{\"@type\":\"PropertyValueSpecification\",\"valueRequired\":true,\"valueName\":\"search_term_string\"}}],\"inLanguage\":\"da-DK\"},{\"@type\":\"Organization\",\"@id\":\"https:\\\/\\\/kamme-lee.com\\\/#organization\",\"name\":\"Kamme Lee Consulting\",\"url\":\"https:\\\/\\\/kamme-lee.com\\\/\",\"logo\":{\"@type\":\"ImageObject\",\"inLanguage\":\"da-DK\",\"@id\":\"https:\\\/\\\/kamme-lee.com\\\/#\\\/schema\\\/logo\\\/image\\\/\",\"url\":\"https:\\\/\\\/kamme-lee.com\\\/wp-content\\\/uploads\\\/2026\\\/01\\\/Website_FullLogo_Transparent_NoBuffer.png\",\"contentUrl\":\"https:\\\/\\\/kamme-lee.com\\\/wp-content\\\/uploads\\\/2026\\\/01\\\/Website_FullLogo_Transparent_NoBuffer.png\",\"width\":1280,\"height\":676,\"caption\":\"Kamme Lee Consulting\"},\"image\":{\"@id\":\"https:\\\/\\\/kamme-lee.com\\\/#\\\/schema\\\/logo\\\/image\\\/\"}}]}<\/script>\n<!-- \/ Yoast SEO plugin. -->","yoast_head_json":{"title":"Security cameras and door access control - Kamme Lee Consulting","robots":{"index":"index","follow":"follow","max-snippet":"max-snippet:-1","max-image-preview":"max-image-preview:large","max-video-preview":"max-video-preview:-1"},"canonical":"https:\/\/kamme-lee.com\/da\/security-cameras-and-door-access-control\/","og_locale":"da_DK","og_type":"article","og_title":"Security cameras and door access control - Kamme Lee Consulting","og_description":"Security Cameras and Door Access Control Protect Your People, Assets &amp; Business Operations Physical security is a critical part of any modern business environment. At Kamme Lee Consulting, we help organizations implement security cameras and door access control systems that protect facilities, reduce risk, and provide visibility and control over who enters your premises. Security [&hellip;]","og_url":"https:\/\/kamme-lee.com\/da\/security-cameras-and-door-access-control\/","og_site_name":"Kamme Lee Consulting","article_modified_time":"2026-01-21T16:02:55+00:00","twitter_card":"summary_large_image","twitter_misc":{"Estimeret l\u00e6setid":"2 minutter"},"schema":{"@context":"https:\/\/schema.org","@graph":[{"@type":"WebPage","@id":"https:\/\/kamme-lee.com\/security-cameras-and-door-access-control\/","url":"https:\/\/kamme-lee.com\/security-cameras-and-door-access-control\/","name":"Security cameras and door access control - Kamme Lee Consulting","isPartOf":{"@id":"https:\/\/kamme-lee.com\/#website"},"datePublished":"2025-12-13T14:10:11+00:00","dateModified":"2026-01-21T16:02:55+00:00","breadcrumb":{"@id":"https:\/\/kamme-lee.com\/security-cameras-and-door-access-control\/#breadcrumb"},"inLanguage":"da-DK","potentialAction":[{"@type":"ReadAction","target":["https:\/\/kamme-lee.com\/security-cameras-and-door-access-control\/"]}]},{"@type":"BreadcrumbList","@id":"https:\/\/kamme-lee.com\/security-cameras-and-door-access-control\/#breadcrumb","itemListElement":[{"@type":"ListItem","position":1,"name":"Home","item":"https:\/\/kamme-lee.com\/"},{"@type":"ListItem","position":2,"name":"Security cameras and door access control"}]},{"@type":"WebSite","@id":"https:\/\/kamme-lee.com\/#website","url":"https:\/\/kamme-lee.com\/","name":"Kamme Lee Consulting","description":"Kamme Lee Consulting er bygget p\u00e5 en simpel id\u00e9: teknologi skal g\u00f8re jeres arbejde lettere \u2014 ikke mere kompliceret. vi hj\u00e6lper organisationer med at modernisere deres IT-landskab, optimere driften og skabe m\u00e5lbar v\u00e6kst gennem smartere digitale l\u00f8sninger.","publisher":{"@id":"https:\/\/kamme-lee.com\/#organization"},"potentialAction":[{"@type":"SearchAction","target":{"@type":"EntryPoint","urlTemplate":"https:\/\/kamme-lee.com\/?s={search_term_string}"},"query-input":{"@type":"PropertyValueSpecification","valueRequired":true,"valueName":"search_term_string"}}],"inLanguage":"da-DK"},{"@type":"Organization","@id":"https:\/\/kamme-lee.com\/#organization","name":"Kamme Lee Consulting","url":"https:\/\/kamme-lee.com\/","logo":{"@type":"ImageObject","inLanguage":"da-DK","@id":"https:\/\/kamme-lee.com\/#\/schema\/logo\/image\/","url":"https:\/\/kamme-lee.com\/wp-content\/uploads\/2026\/01\/Website_FullLogo_Transparent_NoBuffer.png","contentUrl":"https:\/\/kamme-lee.com\/wp-content\/uploads\/2026\/01\/Website_FullLogo_Transparent_NoBuffer.png","width":1280,"height":676,"caption":"Kamme Lee Consulting"},"image":{"@id":"https:\/\/kamme-lee.com\/#\/schema\/logo\/image\/"}}]}},"jetpack_sharing_enabled":true,"brizy_media":[],"_links":{"self":[{"href":"https:\/\/kamme-lee.com\/da\/wp-json\/wp\/v2\/pages\/484","targetHints":{"allow":["GET"]}}],"collection":[{"href":"https:\/\/kamme-lee.com\/da\/wp-json\/wp\/v2\/pages"}],"about":[{"href":"https:\/\/kamme-lee.com\/da\/wp-json\/wp\/v2\/types\/page"}],"author":[{"embeddable":true,"href":"https:\/\/kamme-lee.com\/da\/wp-json\/wp\/v2\/users\/1"}],"replies":[{"embeddable":true,"href":"https:\/\/kamme-lee.com\/da\/wp-json\/wp\/v2\/comments?post=484"}],"version-history":[{"count":5,"href":"https:\/\/kamme-lee.com\/da\/wp-json\/wp\/v2\/pages\/484\/revisions"}],"predecessor-version":[{"id":2003,"href":"https:\/\/kamme-lee.com\/da\/wp-json\/wp\/v2\/pages\/484\/revisions\/2003"}],"wp:attachment":[{"href":"https:\/\/kamme-lee.com\/da\/wp-json\/wp\/v2\/media?parent=484"}],"curies":[{"name":"wp","href":"https:\/\/api.w.org\/{rel}","templated":true}]}}