{"id":492,"date":"2025-12-13T15:11:34","date_gmt":"2025-12-13T14:11:34","guid":{"rendered":"https:\/\/kamme-lee.com\/?page_id=492"},"modified":"2026-01-21T17:21:30","modified_gmt":"2026-01-21T16:21:30","slug":"redundant-connectivity-solutions-for-uninterrupted-service","status":"publish","type":"page","link":"https:\/\/kamme-lee.com\/da\/redundant-connectivity-solutions-for-uninterrupted-service\/","title":{"rendered":"Redundante forbindelsesl\u00f8sninger til uafbrudt drift"},"content":{"rendered":"<div class=\"wp-block-group alignfull has-global-padding is-layout-constrained wp-block-group-is-layout-constrained\">\n<p class=\"has-text-align-center has-custom-golden-color-color has-text-color has-link-color has-small-font-size wp-elements-24f86f74185cd2fa18604cabe820a230\">Redundante Forbindelsesl\u00f8sninger til Uafbrudt Drift<\/p>\n\n\n\n<h2 class=\"wp-block-heading has-text-align-center\"><strong><strong><strong><strong><strong><strong><strong><strong><strong>Forbliv forbundet. Hold forretningen k\u00f8rende \u2013 uanset hvad.<\/strong><\/strong><\/strong><\/strong><\/strong><\/strong><\/strong><\/strong><\/strong><\/h2>\n\n\n\n<p class=\"has-text-align-center\">I en digital verden kan selv korte netv\u00e6rksafbrydelser forstyrre produktivitet, kommunikation og oms\u00e6tning. Hos Kamme Lee Consulting hj\u00e6lper vi organisationer med at implementere redundante forbindelsesl\u00f8sninger, der sikrer kontinuerlig adgang til kritiske systemer, cloud-platforme og kommunikationsnetv\u00e6rk.<\/p>\n\n\n\n<p class=\"has-text-align-center\">Redundans er ikke blot en backup \u2013 det er en strategi for forretningskontinuitet.<\/p>\n\n\n\n<div class=\"wp-block-group alignfull has-global-padding is-layout-constrained wp-container-core-group-is-layout-c06d165c wp-block-group-is-layout-constrained\" style=\"padding-top:0;padding-right:0;padding-bottom:0;padding-left:0\">\n<div class=\"wp-block-columns alignfull has-medium-font-size is-layout-flex wp-container-core-columns-is-layout-290918d7 wp-block-columns-is-layout-flex\" style=\"margin-top:0;margin-bottom:0;padding-top:var(--wp--preset--spacing--20);padding-right:var(--wp--preset--spacing--30);padding-bottom:var(--wp--preset--spacing--20);padding-left:var(--wp--preset--spacing--30)\">\n<div class=\"wp-block-column has-base-2-background-color has-background is-layout-flow wp-block-column-is-layout-flow\" style=\"padding-top:0;padding-right:0;padding-bottom:0;padding-left:0\">\n<h3 class=\"wp-block-heading\"><strong>H<\/strong><strong>vorfor jeres virksomhed har brug for redundant connectivity<\/strong><\/h3>\n\n\n\n<p>Minimer nedetid, netv\u00e6rksafbrydelser koster tid, penge og trov\u00e6rdighed. Redundant connectivity sikrer:<\/p>\n\n\n\n<ul class=\"wp-block-list\">\n<li>Automatisk failover til en sekund\u00e6r forbindelse<\/li>\n\n\n\n<li>Kontinuerlig internet- og netv\u00e6rksadgang under udfald<\/li>\n\n\n\n<li>Reduceret risiko for tabt produktivitet og missede muligheder<\/li>\n<\/ul>\n\n\n\n<p>Jeres forretning forts\u00e6tter \u2013 ogs\u00e5 hvis den prim\u00e6re forbindelse svigter.<\/p>\n<\/div>\n\n\n\n<div class=\"wp-block-column has-base-2-background-color has-background is-layout-flow wp-block-column-is-layout-flow\">\n<h3 class=\"wp-block-heading\"><strong>Underst\u00f8t kritiske cloud- og samarbejdsv\u00e6rkt\u00f8jer<\/strong><\/h3>\n\n\n\n<p>Jeres teams er afh\u00e6ngige af cloud-tjenester, Microsoft 365, VoIP og samarbejdsplatforme.<\/p>\n\n\n\n<p>Redundante forbindelser garanterer:<\/p>\n\n\n\n<ul class=\"wp-block-list\">\n<li>Uafbrudt adgang til e-mails, filer og m\u00f8der<\/li>\n\n\n\n<li>Stabil videokonference og p\u00e5lidelige VoIP-opkald<\/li>\n\n\n\n<li>Kontinuerlige arbejdsgange for remote- og hybride teams<\/li>\n<\/ul>\n\n\n\n<p>Det forhindrer afbrydelser og opretholder professionelle serviceniveauer.<\/p>\n<\/div>\n\n\n\n<div class=\"wp-block-column has-base-2-background-color has-background is-layout-flow wp-block-column-is-layout-flow\">\n<h3 class=\"wp-block-heading\"><strong>Forretningskontinuitet og risikoreduktion<\/strong><\/h3>\n\n\n\n<p>Redundans reducerer konsekvenserne af uforudsete netv\u00e6rksfejl.<\/p>\n\n\n\n<p>Fordelene inkluderer:<\/p>\n\n\n\n<ul class=\"wp-block-list\">\n<li>Problemfri drift under ISP-udfald<\/li>\n\n\n\n<li>Beskyttelse af forretningskritiske systemer og processer<\/li>\n\n\n\n<li>Underst\u00f8ttelse af disaster recovery og beredskabsplanl\u00e6gning<\/li>\n<\/ul>\n\n\n\n<p>Netv\u00e6rkssikkerhed bliver dermed en strategisk forretningsfordel.<\/p>\n<\/div>\n<\/div>\n\n\n\n<div class=\"wp-block-columns alignfull is-layout-flex wp-container-core-columns-is-layout-c8bf6435 wp-block-columns-is-layout-flex\" style=\"padding-right:var(--wp--preset--spacing--30);padding-left:var(--wp--preset--spacing--30)\">\n<div class=\"wp-block-column has-base-2-background-color has-background is-layout-flow wp-block-column-is-layout-flow\">\n<h3 class=\"wp-block-heading\"><strong>S<\/strong><strong>kalerbare og fleksible l\u00f8sninger<\/strong><\/h3>\n\n\n\n<p>Redundant connectivity tilpasser sig jeres v\u00e6kst.<\/p>\n\n\n\n<p>L\u00f8sninger kan omfatte:<\/p>\n\n\n\n<ul class=\"wp-block-list\">\n<li>Flere internetudbydere (ISP\u2019er) eller forbindelser<\/li>\n\n\n\n<li>Kablede og tr\u00e5dl\u00f8se failover-forbindelser<\/li>\n\n\n\n<li>Load balancing og prioritering af netv\u00e6rkstrafik<\/li>\n\n\n\n<li>Skalerbare setups til filialer og multi-site-organisationer<\/li>\n<\/ul>\n\n\n\n<p>Jeres infrastruktur udvikler sig i takt med forretningens behov.<\/p>\n<\/div>\n\n\n\n<div class=\"wp-block-column has-base-2-background-color has-background is-layout-flow wp-block-column-is-layout-flow\">\n<h3 class=\"wp-block-heading\"><strong>Designet til moderne forretningsmilj\u00f8er<\/strong><\/h3>\n\n\n\n<p>Redundante forbindelsesl\u00f8sninger integrerer problemfrit med:<\/p>\n\n\n\n<ul class=\"wp-block-list\">\n<li>Cloud-platforme som Microsoft 365 og Azure<\/li>\n\n\n\n<li>VoIP- og samarbejdssystemer<\/li>\n\n\n\n<li>Sikkerheds- og remote-adgangsinfrastruktur<\/li>\n\n\n\n<li>Netv\u00e6rksudstyr og overv\u00e5gningssystemer<\/li>\n<\/ul>\n\n\n\n<p>De udg\u00f8r et robust fundament for produktivitet og drift.<\/p>\n<\/div>\n\n\n\n<div class=\"wp-block-column has-base-2-background-color has-background is-layout-flow wp-block-column-is-layout-flow\">\n<h3 class=\"wp-block-heading\"><strong>Hvordan Kamme Lee Consulting hj\u00e6lper jer<\/strong><\/h3>\n\n\n\n<p>Hos Kamme Lee Consulting hj\u00e6lper vi jer med at:<\/p>\n\n\n\n<ul class=\"wp-block-list\">\n<li>Analysere netv\u00e6rkets stabilitet og risici<\/li>\n\n\n\n<li>Designe arkitekturer for redundant connectivity<\/li>\n\n\n\n<li>Implementere failover-systemer og overv\u00e5gning<\/li>\n\n\n\n<li>Integrere redundans med cloud-, VoIP- og samarbejdsl\u00f8sninger<\/li>\n\n\n\n<li>Levere l\u00f8bende support for uafbrudt drift<\/li>\n<\/ul>\n\n\n\n<p>Vi sikrer, at jeres forretning forbliver forbundet, produktiv og robust.<\/p>\n<\/div>\n<\/div>\n<\/div>\n\n\n\n<div class=\"wp-block-group has-global-padding is-layout-constrained wp-block-group-is-layout-constrained\">\n<div style=\"height:100px\" aria-hidden=\"true\" class=\"wp-block-spacer\"><\/div>\n\n\n\n<h2 class=\"wp-block-heading has-text-align-center has-contrast-color has-text-color has-link-color wp-elements-303611c89827aae27c6d49067acf0c89\"><strong>Klar til at <mark style=\"background-color:rgba(0, 0, 0, 0)\" class=\"has-inline-color has-custom-golden-color-color\">Transformere <\/mark>Jeres Virksomhed med Vores Ekspert Udstyrsl\u00f8sninger?<\/strong><\/h2>\n\n\n\n<p class=\"has-text-align-center\">Kontakt os for at sikre, at jeres teams har de rigtige v\u00e6rkt\u00f8jer ved h\u00e5nden, fuldt tilpasset jeres processer og m\u00e5l\u2014s\u00e5 de kan arbejde smartere, hurtigere og mere effektivt.<\/p>\n\n\n\n<div class=\"wp-block-buttons is-content-justification-center is-layout-flex wp-container-core-buttons-is-layout-a89b3969 wp-block-buttons-is-layout-flex\">\n<div class=\"wp-block-button\"><a class=\"wp-block-button__link has-contrast-color has-custom-golden-color-background-color has-text-color has-background has-link-color wp-element-button\" href=\"https:\/\/kamme-lee.com\/da\/contact-us\/\">Start Jeres Transformation -&gt;<\/a><\/div>\n\n\n\n<div class=\"wp-block-button\"><a class=\"wp-block-button__link wp-element-button\" href=\"https:\/\/kamme-lee.com\/da\/about-us\/\" style=\"padding-top:0.7rem;padding-right:var(--wp--preset--spacing--10);padding-bottom:0.7rem;padding-left:var(--wp--preset--spacing--10)\">Om Os<\/a><\/div>\n<\/div>\n\n\n\n<div style=\"height:100px\" aria-hidden=\"true\" class=\"wp-block-spacer\"><\/div>\n<\/div>\n<\/div>","protected":false},"excerpt":{"rendered":"<p>Redundant Connectivity Solutions for Uninterrupted Services Stay Connected. Keep Your Business Running \u2014 No Matter What. In today\u2019s digital world, even a short network outage can disrupt productivity, communication, and revenue. At Kamme Lee Consulting, we help organizations implement redundant connectivity solutions that ensure continuous access to critical systems, cloud platforms, and communication networks. Redundancy [&hellip;]<\/p>\n","protected":false},"author":1,"featured_media":0,"parent":0,"menu_order":0,"comment_status":"closed","ping_status":"closed","template":"","meta":{"footnotes":""},"class_list":["post-492","page","type-page","status-publish","hentry"],"yoast_head":"<!-- This site is optimized with the Yoast SEO plugin v27.4 - https:\/\/yoast.com\/product\/yoast-seo-wordpress\/ -->\n<title>Redundant connectivity solutions for uninterrupted service - Kamme Lee Consulting<\/title>\n<meta name=\"robots\" content=\"index, follow, max-snippet:-1, max-image-preview:large, max-video-preview:-1\" \/>\n<link rel=\"canonical\" href=\"https:\/\/kamme-lee.com\/da\/redundant-connectivity-solutions-for-uninterrupted-service\/\" \/>\n<meta property=\"og:locale\" content=\"da_DK\" \/>\n<meta property=\"og:type\" content=\"article\" \/>\n<meta property=\"og:title\" content=\"Redundant connectivity solutions for uninterrupted service - Kamme Lee Consulting\" \/>\n<meta property=\"og:description\" content=\"Redundant Connectivity Solutions for Uninterrupted Services Stay Connected. Keep Your Business Running \u2014 No Matter What. In today\u2019s digital world, even a short network outage can disrupt productivity, communication, and revenue. At Kamme Lee Consulting, we help organizations implement redundant connectivity solutions that ensure continuous access to critical systems, cloud platforms, and communication networks. Redundancy [&hellip;]\" \/>\n<meta property=\"og:url\" content=\"https:\/\/kamme-lee.com\/da\/redundant-connectivity-solutions-for-uninterrupted-service\/\" \/>\n<meta property=\"og:site_name\" content=\"Kamme Lee Consulting\" \/>\n<meta property=\"article:modified_time\" content=\"2026-01-21T16:21:30+00:00\" \/>\n<meta name=\"twitter:card\" content=\"summary_large_image\" \/>\n<meta name=\"twitter:label1\" content=\"Estimeret l\u00e6setid\" \/>\n\t<meta name=\"twitter:data1\" content=\"2 minutter\" \/>\n<script type=\"application\/ld+json\" class=\"yoast-schema-graph\">{\"@context\":\"https:\\\/\\\/schema.org\",\"@graph\":[{\"@type\":\"WebPage\",\"@id\":\"https:\\\/\\\/kamme-lee.com\\\/redundant-connectivity-solutions-for-uninterrupted-service\\\/\",\"url\":\"https:\\\/\\\/kamme-lee.com\\\/redundant-connectivity-solutions-for-uninterrupted-service\\\/\",\"name\":\"Redundant connectivity solutions for uninterrupted service - Kamme Lee Consulting\",\"isPartOf\":{\"@id\":\"https:\\\/\\\/kamme-lee.com\\\/#website\"},\"datePublished\":\"2025-12-13T14:11:34+00:00\",\"dateModified\":\"2026-01-21T16:21:30+00:00\",\"breadcrumb\":{\"@id\":\"https:\\\/\\\/kamme-lee.com\\\/redundant-connectivity-solutions-for-uninterrupted-service\\\/#breadcrumb\"},\"inLanguage\":\"da-DK\",\"potentialAction\":[{\"@type\":\"ReadAction\",\"target\":[\"https:\\\/\\\/kamme-lee.com\\\/redundant-connectivity-solutions-for-uninterrupted-service\\\/\"]}]},{\"@type\":\"BreadcrumbList\",\"@id\":\"https:\\\/\\\/kamme-lee.com\\\/redundant-connectivity-solutions-for-uninterrupted-service\\\/#breadcrumb\",\"itemListElement\":[{\"@type\":\"ListItem\",\"position\":1,\"name\":\"Home\",\"item\":\"https:\\\/\\\/kamme-lee.com\\\/\"},{\"@type\":\"ListItem\",\"position\":2,\"name\":\"Redundant connectivity solutions for uninterrupted service\"}]},{\"@type\":\"WebSite\",\"@id\":\"https:\\\/\\\/kamme-lee.com\\\/#website\",\"url\":\"https:\\\/\\\/kamme-lee.com\\\/\",\"name\":\"Kamme Lee Consulting\",\"description\":\"Kamme Lee Consulting is built on a simple idea: technology should make work easier \u2014 not more complicated. We help organizations modernize IT landscapes, optimize operations, and unlock measurable growth through smarter digital solutions.\",\"publisher\":{\"@id\":\"https:\\\/\\\/kamme-lee.com\\\/#organization\"},\"potentialAction\":[{\"@type\":\"SearchAction\",\"target\":{\"@type\":\"EntryPoint\",\"urlTemplate\":\"https:\\\/\\\/kamme-lee.com\\\/?s={search_term_string}\"},\"query-input\":{\"@type\":\"PropertyValueSpecification\",\"valueRequired\":true,\"valueName\":\"search_term_string\"}}],\"inLanguage\":\"da-DK\"},{\"@type\":\"Organization\",\"@id\":\"https:\\\/\\\/kamme-lee.com\\\/#organization\",\"name\":\"Kamme Lee Consulting\",\"url\":\"https:\\\/\\\/kamme-lee.com\\\/\",\"logo\":{\"@type\":\"ImageObject\",\"inLanguage\":\"da-DK\",\"@id\":\"https:\\\/\\\/kamme-lee.com\\\/#\\\/schema\\\/logo\\\/image\\\/\",\"url\":\"https:\\\/\\\/kamme-lee.com\\\/wp-content\\\/uploads\\\/2026\\\/01\\\/Website_FullLogo_Transparent_NoBuffer.png\",\"contentUrl\":\"https:\\\/\\\/kamme-lee.com\\\/wp-content\\\/uploads\\\/2026\\\/01\\\/Website_FullLogo_Transparent_NoBuffer.png\",\"width\":1280,\"height\":676,\"caption\":\"Kamme Lee Consulting\"},\"image\":{\"@id\":\"https:\\\/\\\/kamme-lee.com\\\/#\\\/schema\\\/logo\\\/image\\\/\"}}]}<\/script>\n<!-- \/ Yoast SEO plugin. -->","yoast_head_json":{"title":"Redundant connectivity solutions for uninterrupted service - Kamme Lee Consulting","robots":{"index":"index","follow":"follow","max-snippet":"max-snippet:-1","max-image-preview":"max-image-preview:large","max-video-preview":"max-video-preview:-1"},"canonical":"https:\/\/kamme-lee.com\/da\/redundant-connectivity-solutions-for-uninterrupted-service\/","og_locale":"da_DK","og_type":"article","og_title":"Redundant connectivity solutions for uninterrupted service - Kamme Lee Consulting","og_description":"Redundant Connectivity Solutions for Uninterrupted Services Stay Connected. Keep Your Business Running \u2014 No Matter What. In today\u2019s digital world, even a short network outage can disrupt productivity, communication, and revenue. At Kamme Lee Consulting, we help organizations implement redundant connectivity solutions that ensure continuous access to critical systems, cloud platforms, and communication networks. Redundancy [&hellip;]","og_url":"https:\/\/kamme-lee.com\/da\/redundant-connectivity-solutions-for-uninterrupted-service\/","og_site_name":"Kamme Lee Consulting","article_modified_time":"2026-01-21T16:21:30+00:00","twitter_card":"summary_large_image","twitter_misc":{"Estimeret l\u00e6setid":"2 minutter"},"schema":{"@context":"https:\/\/schema.org","@graph":[{"@type":"WebPage","@id":"https:\/\/kamme-lee.com\/redundant-connectivity-solutions-for-uninterrupted-service\/","url":"https:\/\/kamme-lee.com\/redundant-connectivity-solutions-for-uninterrupted-service\/","name":"Redundant connectivity solutions for uninterrupted service - Kamme Lee Consulting","isPartOf":{"@id":"https:\/\/kamme-lee.com\/#website"},"datePublished":"2025-12-13T14:11:34+00:00","dateModified":"2026-01-21T16:21:30+00:00","breadcrumb":{"@id":"https:\/\/kamme-lee.com\/redundant-connectivity-solutions-for-uninterrupted-service\/#breadcrumb"},"inLanguage":"da-DK","potentialAction":[{"@type":"ReadAction","target":["https:\/\/kamme-lee.com\/redundant-connectivity-solutions-for-uninterrupted-service\/"]}]},{"@type":"BreadcrumbList","@id":"https:\/\/kamme-lee.com\/redundant-connectivity-solutions-for-uninterrupted-service\/#breadcrumb","itemListElement":[{"@type":"ListItem","position":1,"name":"Home","item":"https:\/\/kamme-lee.com\/"},{"@type":"ListItem","position":2,"name":"Redundant connectivity solutions for uninterrupted service"}]},{"@type":"WebSite","@id":"https:\/\/kamme-lee.com\/#website","url":"https:\/\/kamme-lee.com\/","name":"Kamme Lee Consulting","description":"Kamme Lee Consulting er bygget p\u00e5 en simpel id\u00e9: teknologi skal g\u00f8re jeres arbejde lettere \u2014 ikke mere kompliceret. vi hj\u00e6lper organisationer med at modernisere deres IT-landskab, optimere driften og skabe m\u00e5lbar v\u00e6kst gennem smartere digitale l\u00f8sninger.","publisher":{"@id":"https:\/\/kamme-lee.com\/#organization"},"potentialAction":[{"@type":"SearchAction","target":{"@type":"EntryPoint","urlTemplate":"https:\/\/kamme-lee.com\/?s={search_term_string}"},"query-input":{"@type":"PropertyValueSpecification","valueRequired":true,"valueName":"search_term_string"}}],"inLanguage":"da-DK"},{"@type":"Organization","@id":"https:\/\/kamme-lee.com\/#organization","name":"Kamme Lee Consulting","url":"https:\/\/kamme-lee.com\/","logo":{"@type":"ImageObject","inLanguage":"da-DK","@id":"https:\/\/kamme-lee.com\/#\/schema\/logo\/image\/","url":"https:\/\/kamme-lee.com\/wp-content\/uploads\/2026\/01\/Website_FullLogo_Transparent_NoBuffer.png","contentUrl":"https:\/\/kamme-lee.com\/wp-content\/uploads\/2026\/01\/Website_FullLogo_Transparent_NoBuffer.png","width":1280,"height":676,"caption":"Kamme Lee Consulting"},"image":{"@id":"https:\/\/kamme-lee.com\/#\/schema\/logo\/image\/"}}]}},"jetpack_sharing_enabled":true,"brizy_media":[],"_links":{"self":[{"href":"https:\/\/kamme-lee.com\/da\/wp-json\/wp\/v2\/pages\/492","targetHints":{"allow":["GET"]}}],"collection":[{"href":"https:\/\/kamme-lee.com\/da\/wp-json\/wp\/v2\/pages"}],"about":[{"href":"https:\/\/kamme-lee.com\/da\/wp-json\/wp\/v2\/types\/page"}],"author":[{"embeddable":true,"href":"https:\/\/kamme-lee.com\/da\/wp-json\/wp\/v2\/users\/1"}],"replies":[{"embeddable":true,"href":"https:\/\/kamme-lee.com\/da\/wp-json\/wp\/v2\/comments?post=492"}],"version-history":[{"count":5,"href":"https:\/\/kamme-lee.com\/da\/wp-json\/wp\/v2\/pages\/492\/revisions"}],"predecessor-version":[{"id":2025,"href":"https:\/\/kamme-lee.com\/da\/wp-json\/wp\/v2\/pages\/492\/revisions\/2025"}],"wp:attachment":[{"href":"https:\/\/kamme-lee.com\/da\/wp-json\/wp\/v2\/media?parent=492"}],"curies":[{"name":"wp","href":"https:\/\/api.w.org\/{rel}","templated":true}]}}