{"id":494,"date":"2025-12-13T15:12:06","date_gmt":"2025-12-13T14:12:06","guid":{"rendered":"https:\/\/kamme-lee.com\/?page_id=494"},"modified":"2026-01-21T17:27:25","modified_gmt":"2026-01-21T16:27:25","slug":"professional-meeting-room-screens-or-interactive-displays","status":"publish","type":"page","link":"https:\/\/kamme-lee.com\/da\/professional-meeting-room-screens-or-interactive-displays\/","title":{"rendered":"Professionelle m\u00f8derumssk\u00e6rme eller interaktive displays"},"content":{"rendered":"<div class=\"wp-block-group alignfull has-global-padding is-layout-constrained wp-block-group-is-layout-constrained\">\n<p class=\"has-text-align-center has-custom-golden-color-color has-text-color has-link-color has-small-font-size wp-elements-519ac538e256a96ed64fdce5b5350c8f\">Professionelle m\u00f8delokalesk\u00e6rme og interaktive displays<\/p>\n\n\n\n<h2 class=\"wp-block-heading has-text-align-center\"><strong><strong><strong><strong><strong><strong><strong><strong><strong><strong>Samarbejd, pr\u00e6senter og impon\u00e9r med moderne displays<\/strong><\/strong><\/strong><\/strong><\/strong><\/strong><\/strong><\/strong><\/strong><\/strong><\/h2>\n\n\n\n<p class=\"has-text-align-center\">I nutidens forretningsverden er m\u00f8der mere end blot samtaler \u2013 det er her, beslutninger tr\u00e6ffes. Hos Kamme Lee Consulting hj\u00e6lper vi organisationer med at implementere professionelle m\u00f8delokalesk\u00e6rme og interaktive displays, der styrker samarbejdet, effektiviserer pr\u00e6sentationer og g\u00f8r teams i stand til at arbejde mere effektivt sammen.<\/p>\n\n\n\n<p class=\"has-text-align-center\">Jeres displays skal skabe resultater \u2013 ikke blot vise indhold.<\/p>\n\n\n\n<div class=\"wp-block-group alignfull has-global-padding is-layout-constrained wp-container-core-group-is-layout-c06d165c wp-block-group-is-layout-constrained\" style=\"padding-top:0;padding-right:0;padding-bottom:0;padding-left:0\">\n<div class=\"wp-block-columns alignfull has-medium-font-size is-layout-flex wp-container-core-columns-is-layout-290918d7 wp-block-columns-is-layout-flex\" style=\"margin-top:0;margin-bottom:0;padding-top:var(--wp--preset--spacing--20);padding-right:var(--wp--preset--spacing--30);padding-bottom:var(--wp--preset--spacing--20);padding-left:var(--wp--preset--spacing--30)\">\n<div class=\"wp-block-column has-base-2-background-color has-background is-layout-flow wp-block-column-is-layout-flow\" style=\"padding-top:0;padding-right:0;padding-bottom:0;padding-left:0\">\n<h3 class=\"wp-block-heading\"><strong>Hvorfor jeres virksomhed har brug for professionelle m\u00f8delokaledisplays<\/strong><\/h3>\n\n\n\n<p>Styrk samarbejdet, interaktive displays forvandler m\u00f8der til produktive arbejdssessioner. De g\u00f8r det muligt for jeres teams at:<\/p>\n\n\n\n<ul class=\"wp-block-list\">\n<li>Dele indhold i realtid fra laptops, tablets og mobile enheder<\/li>\n\n\n\n<li>Annotere, redigere og brainstorme direkte p\u00e5 sk\u00e6rmen<\/li>\n\n\n\n<li>Samarbejde problemfrit med remote teams<\/li>\n<\/ul>\n\n\n\n<p>Det g\u00f8r m\u00f8der til handlingsorienterede og samarbejdsdrevne oplevelser.<\/p>\n\n\n\n<hr class=\"wp-block-separator has-alpha-channel-opacity\"\/>\n<\/div>\n\n\n\n<div class=\"wp-block-column has-base-2-background-color has-background is-layout-flow wp-block-column-is-layout-flow\">\n<h3 class=\"wp-block-heading\"><strong>Lever professionelle pr\u00e6sentationer<\/strong><\/h3>\n\n\n\n<p>Impon\u00e9r kunder og interessenter med visuel kvalitet i topklasse.<\/p>\n\n\n\n<p>Professionelle sk\u00e6rme leverer:<\/p>\n\n\n\n<ul class=\"wp-block-list\">\n<li>Knivskarpe visninger i h\u00f8j opl\u00f8sning til tekst, grafik og video<\/li>\n\n\n\n<li>Store formater, s\u00e5 alle deltagere har klart overblik<\/li>\n\n\n\n<li>Stabil performance til videom\u00f8der og pr\u00e6sentationer<\/li>\n<\/ul>\n\n\n\n<p>Jeres forretning fremst\u00e5r professionel \u2013 hver eneste gang.<\/p>\n<\/div>\n\n\n\n<div class=\"wp-block-column has-base-2-background-color has-background is-layout-flow wp-block-column-is-layout-flow\">\n<h3 class=\"wp-block-heading\"><strong>Underst\u00f8t remote- og hybridarbejde<\/strong><\/h3>\n\n\n\n<p>Moderne m\u00f8der er ikke l\u00e6ngere begr\u00e6nset af lokation.<\/p>\n\n\n\n<p>Interaktive displays integrerer med:<\/p>\n\n\n\n<ul class=\"wp-block-list\">\n<li>Videokonferenceplatforme som Microsoft Teams og Zoom<\/li>\n\n\n\n<li>Sk\u00e6rmdeling og cloud-baserede samarbejdsv\u00e6rkt\u00f8jer<\/li>\n\n\n\n<li>Remote-annotation og opdateringer i realtid<\/li>\n<\/ul>\n\n\n\n<p>Uanset om deltagerne er p\u00e5 kontoret eller p\u00e5 tv\u00e6rs af lokationer, forbliver alle engagerede og forbundne.<\/p>\n<\/div>\n<\/div>\n\n\n\n<div class=\"wp-block-columns alignfull is-layout-flex wp-container-core-columns-is-layout-c8bf6435 wp-block-columns-is-layout-flex\" style=\"padding-right:var(--wp--preset--spacing--30);padding-left:var(--wp--preset--spacing--30)\">\n<div class=\"wp-block-column has-base-2-background-color has-background is-layout-flow wp-block-column-is-layout-flow\">\n<h3 class=\"wp-block-heading\"><strong>\u00d8g effektiviteten og reducer friktion<\/strong><\/h3>\n\n\n\n<p>Professionelle displays forenkler m\u00f8dearbejdsgange.<\/p>\n\n\n\n<p>De hj\u00e6lper ved at:<\/p>\n\n\n\n<ul class=\"wp-block-list\">\n<li>Eliminere behovet for adaptere, kabler og flere enheder<\/li>\n\n\n\n<li>Forbinde laptops og mobile enheder hurtigt og problemfrit<\/li>\n\n\n\n<li>Integrere med eksisterende samarbejds- og cloud-platforme<\/li>\n<\/ul>\n\n\n\n<p>M\u00f8der starter til tiden, forl\u00f8ber gnidningsfrit og skaber konkrete resultater.<\/p>\n<\/div>\n\n\n\n<div class=\"wp-block-column has-base-2-background-color has-background is-layout-flow wp-block-column-is-layout-flow\">\n<h3 class=\"wp-block-heading\"><strong>D<\/strong><strong>esignet til moderne forretningsmilj\u00f8er<\/strong><\/h3>\n\n\n\n<p>Professionelle m\u00f8delokalesk\u00e6rme og interaktive displays integrerer problemfrit med:<\/p>\n\n\n\n<ul class=\"wp-block-list\">\n<li>Microsoft 365, SharePoint, and Teams<\/li>\n\n\n\n<li>Samarbejdsv\u00e6rkt\u00f8jer og videokonferencel\u00f8sninger<\/li>\n\n\n\n<li>Lokale-bookingsystemer og enterprise IT-infrastruktur<\/li>\n<\/ul>\n\n\n\n<p>De bliver en central del af jeres forbundne, digitale arbejdsplads.<\/p>\n<\/div>\n\n\n\n<div class=\"wp-block-column has-base-2-background-color has-background is-layout-flow wp-block-column-is-layout-flow\">\n<h3 class=\"wp-block-heading\"><strong>Hvordan Kamme Lee Consulting hj\u00e6lper jer<\/strong><\/h3>\n\n\n\n<p>Hos Kamme Lee Consulting hj\u00e6lper vi jer med at:<\/p>\n\n\n\n<ul class=\"wp-block-list\">\n<li>V\u00e6lge den rette displayteknologi baseret p\u00e5 rumst\u00f8rrelse og anvendelse<\/li>\n\n\n\n<li>Integrere sk\u00e6rme med samarbejdsv\u00e6rkt\u00f8jer og cloud-tjenester<\/li>\n\n\n\n<li>Konfigurere l\u00f8sninger til interaktive sessioner med flere brugere<\/li>\n\n\n\n<li>Levere tr\u00e6ning og dokumentation for optimal anvendelse<\/li>\n\n\n\n<li>Sikre skalerbarhed og fremtidssikring i takt med \u00e6ndrede m\u00f8debehov<\/li>\n<\/ul>\n\n\n\n<p>Vi sikrer, at jeres displays styrker produktivitet, samarbejde og professionalisme.<\/p>\n<\/div>\n<\/div>\n<\/div>\n\n\n\n<div class=\"wp-block-group has-global-padding is-layout-constrained wp-block-group-is-layout-constrained\">\n<div style=\"height:100px\" aria-hidden=\"true\" class=\"wp-block-spacer\"><\/div>\n\n\n\n<h2 class=\"wp-block-heading has-text-align-center has-contrast-color has-text-color has-link-color wp-elements-303611c89827aae27c6d49067acf0c89\"><strong>Klar til at <mark style=\"background-color:rgba(0, 0, 0, 0)\" class=\"has-inline-color has-custom-golden-color-color\">Transformere <\/mark>Jeres Virksomhed med Vores Ekspert Udstyrsl\u00f8sninger?<\/strong><\/h2>\n\n\n\n<p class=\"has-text-align-center\">Kontakt os for at sikre, at jeres teams har de rigtige v\u00e6rkt\u00f8jer ved h\u00e5nden, fuldt tilpasset jeres processer og m\u00e5l\u2014s\u00e5 de kan arbejde smartere, hurtigere og mere effektivt.<\/p>\n\n\n\n<div class=\"wp-block-buttons is-content-justification-center is-layout-flex wp-container-core-buttons-is-layout-a89b3969 wp-block-buttons-is-layout-flex\">\n<div class=\"wp-block-button\"><a class=\"wp-block-button__link has-contrast-color has-custom-golden-color-background-color has-text-color has-background has-link-color wp-element-button\" href=\"https:\/\/kamme-lee.com\/da\/contact-us\/\">Start Jeres Transformation -&gt;<\/a><\/div>\n\n\n\n<div class=\"wp-block-button\"><a class=\"wp-block-button__link wp-element-button\" href=\"https:\/\/kamme-lee.com\/da\/about-us\/\" style=\"padding-top:0.7rem;padding-right:var(--wp--preset--spacing--10);padding-bottom:0.7rem;padding-left:var(--wp--preset--spacing--10)\">Om Os<\/a><\/div>\n<\/div>\n\n\n\n<div style=\"height:100px\" aria-hidden=\"true\" class=\"wp-block-spacer\"><\/div>\n<\/div>\n<\/div>","protected":false},"excerpt":{"rendered":"<p>Professional Meeting Room Screens or Interactive Displays Collaborate, Present, and Impress with Modern Displays In today\u2019s business world, meetings are more than just conversations \u2014 they\u2019re where decisions are made. At Kamme Lee Consulting, we help organizations implement professional meeting room screens and interactive displays that enhance collaboration, streamline presentations, and empower teams to work [&hellip;]<\/p>\n","protected":false},"author":1,"featured_media":0,"parent":0,"menu_order":0,"comment_status":"closed","ping_status":"closed","template":"","meta":{"footnotes":""},"class_list":["post-494","page","type-page","status-publish","hentry"],"yoast_head":"<!-- This site is optimized with the Yoast SEO plugin v27.4 - https:\/\/yoast.com\/product\/yoast-seo-wordpress\/ -->\n<title>Professional meeting room screens or interactive displays - Kamme Lee Consulting<\/title>\n<meta name=\"robots\" content=\"index, follow, max-snippet:-1, max-image-preview:large, max-video-preview:-1\" \/>\n<link rel=\"canonical\" href=\"https:\/\/kamme-lee.com\/da\/professional-meeting-room-screens-or-interactive-displays\/\" \/>\n<meta property=\"og:locale\" content=\"da_DK\" \/>\n<meta property=\"og:type\" content=\"article\" \/>\n<meta property=\"og:title\" content=\"Professional meeting room screens or interactive displays - Kamme Lee Consulting\" \/>\n<meta property=\"og:description\" content=\"Professional Meeting Room Screens or Interactive Displays Collaborate, Present, and Impress with Modern Displays In today\u2019s business world, meetings are more than just conversations \u2014 they\u2019re where decisions are made. At Kamme Lee Consulting, we help organizations implement professional meeting room screens and interactive displays that enhance collaboration, streamline presentations, and empower teams to work [&hellip;]\" \/>\n<meta property=\"og:url\" content=\"https:\/\/kamme-lee.com\/da\/professional-meeting-room-screens-or-interactive-displays\/\" \/>\n<meta property=\"og:site_name\" content=\"Kamme Lee Consulting\" \/>\n<meta property=\"article:modified_time\" content=\"2026-01-21T16:27:25+00:00\" \/>\n<meta name=\"twitter:card\" content=\"summary_large_image\" \/>\n<meta name=\"twitter:label1\" content=\"Estimeret l\u00e6setid\" \/>\n\t<meta name=\"twitter:data1\" content=\"2 minutter\" \/>\n<script type=\"application\/ld+json\" class=\"yoast-schema-graph\">{\"@context\":\"https:\\\/\\\/schema.org\",\"@graph\":[{\"@type\":\"WebPage\",\"@id\":\"https:\\\/\\\/kamme-lee.com\\\/professional-meeting-room-screens-or-interactive-displays\\\/\",\"url\":\"https:\\\/\\\/kamme-lee.com\\\/professional-meeting-room-screens-or-interactive-displays\\\/\",\"name\":\"Professional meeting room screens or interactive displays - Kamme Lee Consulting\",\"isPartOf\":{\"@id\":\"https:\\\/\\\/kamme-lee.com\\\/#website\"},\"datePublished\":\"2025-12-13T14:12:06+00:00\",\"dateModified\":\"2026-01-21T16:27:25+00:00\",\"breadcrumb\":{\"@id\":\"https:\\\/\\\/kamme-lee.com\\\/professional-meeting-room-screens-or-interactive-displays\\\/#breadcrumb\"},\"inLanguage\":\"da-DK\",\"potentialAction\":[{\"@type\":\"ReadAction\",\"target\":[\"https:\\\/\\\/kamme-lee.com\\\/professional-meeting-room-screens-or-interactive-displays\\\/\"]}]},{\"@type\":\"BreadcrumbList\",\"@id\":\"https:\\\/\\\/kamme-lee.com\\\/professional-meeting-room-screens-or-interactive-displays\\\/#breadcrumb\",\"itemListElement\":[{\"@type\":\"ListItem\",\"position\":1,\"name\":\"Home\",\"item\":\"https:\\\/\\\/kamme-lee.com\\\/\"},{\"@type\":\"ListItem\",\"position\":2,\"name\":\"Professional meeting room screens or interactive displays\"}]},{\"@type\":\"WebSite\",\"@id\":\"https:\\\/\\\/kamme-lee.com\\\/#website\",\"url\":\"https:\\\/\\\/kamme-lee.com\\\/\",\"name\":\"Kamme Lee Consulting\",\"description\":\"Kamme Lee Consulting is built on a simple idea: technology should make work easier \u2014 not more complicated. We help organizations modernize IT landscapes, optimize operations, and unlock measurable growth through smarter digital solutions.\",\"publisher\":{\"@id\":\"https:\\\/\\\/kamme-lee.com\\\/#organization\"},\"potentialAction\":[{\"@type\":\"SearchAction\",\"target\":{\"@type\":\"EntryPoint\",\"urlTemplate\":\"https:\\\/\\\/kamme-lee.com\\\/?s={search_term_string}\"},\"query-input\":{\"@type\":\"PropertyValueSpecification\",\"valueRequired\":true,\"valueName\":\"search_term_string\"}}],\"inLanguage\":\"da-DK\"},{\"@type\":\"Organization\",\"@id\":\"https:\\\/\\\/kamme-lee.com\\\/#organization\",\"name\":\"Kamme Lee Consulting\",\"url\":\"https:\\\/\\\/kamme-lee.com\\\/\",\"logo\":{\"@type\":\"ImageObject\",\"inLanguage\":\"da-DK\",\"@id\":\"https:\\\/\\\/kamme-lee.com\\\/#\\\/schema\\\/logo\\\/image\\\/\",\"url\":\"https:\\\/\\\/kamme-lee.com\\\/wp-content\\\/uploads\\\/2026\\\/01\\\/Website_FullLogo_Transparent_NoBuffer.png\",\"contentUrl\":\"https:\\\/\\\/kamme-lee.com\\\/wp-content\\\/uploads\\\/2026\\\/01\\\/Website_FullLogo_Transparent_NoBuffer.png\",\"width\":1280,\"height\":676,\"caption\":\"Kamme Lee Consulting\"},\"image\":{\"@id\":\"https:\\\/\\\/kamme-lee.com\\\/#\\\/schema\\\/logo\\\/image\\\/\"}}]}<\/script>\n<!-- \/ Yoast SEO plugin. -->","yoast_head_json":{"title":"Professional meeting room screens or interactive displays - Kamme Lee Consulting","robots":{"index":"index","follow":"follow","max-snippet":"max-snippet:-1","max-image-preview":"max-image-preview:large","max-video-preview":"max-video-preview:-1"},"canonical":"https:\/\/kamme-lee.com\/da\/professional-meeting-room-screens-or-interactive-displays\/","og_locale":"da_DK","og_type":"article","og_title":"Professional meeting room screens or interactive displays - Kamme Lee Consulting","og_description":"Professional Meeting Room Screens or Interactive Displays Collaborate, Present, and Impress with Modern Displays In today\u2019s business world, meetings are more than just conversations \u2014 they\u2019re where decisions are made. At Kamme Lee Consulting, we help organizations implement professional meeting room screens and interactive displays that enhance collaboration, streamline presentations, and empower teams to work [&hellip;]","og_url":"https:\/\/kamme-lee.com\/da\/professional-meeting-room-screens-or-interactive-displays\/","og_site_name":"Kamme Lee Consulting","article_modified_time":"2026-01-21T16:27:25+00:00","twitter_card":"summary_large_image","twitter_misc":{"Estimeret l\u00e6setid":"2 minutter"},"schema":{"@context":"https:\/\/schema.org","@graph":[{"@type":"WebPage","@id":"https:\/\/kamme-lee.com\/professional-meeting-room-screens-or-interactive-displays\/","url":"https:\/\/kamme-lee.com\/professional-meeting-room-screens-or-interactive-displays\/","name":"Professional meeting room screens or interactive displays - Kamme Lee Consulting","isPartOf":{"@id":"https:\/\/kamme-lee.com\/#website"},"datePublished":"2025-12-13T14:12:06+00:00","dateModified":"2026-01-21T16:27:25+00:00","breadcrumb":{"@id":"https:\/\/kamme-lee.com\/professional-meeting-room-screens-or-interactive-displays\/#breadcrumb"},"inLanguage":"da-DK","potentialAction":[{"@type":"ReadAction","target":["https:\/\/kamme-lee.com\/professional-meeting-room-screens-or-interactive-displays\/"]}]},{"@type":"BreadcrumbList","@id":"https:\/\/kamme-lee.com\/professional-meeting-room-screens-or-interactive-displays\/#breadcrumb","itemListElement":[{"@type":"ListItem","position":1,"name":"Home","item":"https:\/\/kamme-lee.com\/"},{"@type":"ListItem","position":2,"name":"Professional meeting room screens or interactive displays"}]},{"@type":"WebSite","@id":"https:\/\/kamme-lee.com\/#website","url":"https:\/\/kamme-lee.com\/","name":"Kamme Lee Consulting","description":"Kamme Lee Consulting er bygget p\u00e5 en simpel id\u00e9: teknologi skal g\u00f8re jeres arbejde lettere \u2014 ikke mere kompliceret. vi hj\u00e6lper organisationer med at modernisere deres IT-landskab, optimere driften og skabe m\u00e5lbar v\u00e6kst gennem smartere digitale l\u00f8sninger.","publisher":{"@id":"https:\/\/kamme-lee.com\/#organization"},"potentialAction":[{"@type":"SearchAction","target":{"@type":"EntryPoint","urlTemplate":"https:\/\/kamme-lee.com\/?s={search_term_string}"},"query-input":{"@type":"PropertyValueSpecification","valueRequired":true,"valueName":"search_term_string"}}],"inLanguage":"da-DK"},{"@type":"Organization","@id":"https:\/\/kamme-lee.com\/#organization","name":"Kamme Lee Consulting","url":"https:\/\/kamme-lee.com\/","logo":{"@type":"ImageObject","inLanguage":"da-DK","@id":"https:\/\/kamme-lee.com\/#\/schema\/logo\/image\/","url":"https:\/\/kamme-lee.com\/wp-content\/uploads\/2026\/01\/Website_FullLogo_Transparent_NoBuffer.png","contentUrl":"https:\/\/kamme-lee.com\/wp-content\/uploads\/2026\/01\/Website_FullLogo_Transparent_NoBuffer.png","width":1280,"height":676,"caption":"Kamme Lee Consulting"},"image":{"@id":"https:\/\/kamme-lee.com\/#\/schema\/logo\/image\/"}}]}},"jetpack_sharing_enabled":true,"brizy_media":[],"_links":{"self":[{"href":"https:\/\/kamme-lee.com\/da\/wp-json\/wp\/v2\/pages\/494","targetHints":{"allow":["GET"]}}],"collection":[{"href":"https:\/\/kamme-lee.com\/da\/wp-json\/wp\/v2\/pages"}],"about":[{"href":"https:\/\/kamme-lee.com\/da\/wp-json\/wp\/v2\/types\/page"}],"author":[{"embeddable":true,"href":"https:\/\/kamme-lee.com\/da\/wp-json\/wp\/v2\/users\/1"}],"replies":[{"embeddable":true,"href":"https:\/\/kamme-lee.com\/da\/wp-json\/wp\/v2\/comments?post=494"}],"version-history":[{"count":5,"href":"https:\/\/kamme-lee.com\/da\/wp-json\/wp\/v2\/pages\/494\/revisions"}],"predecessor-version":[{"id":2029,"href":"https:\/\/kamme-lee.com\/da\/wp-json\/wp\/v2\/pages\/494\/revisions\/2029"}],"wp:attachment":[{"href":"https:\/\/kamme-lee.com\/da\/wp-json\/wp\/v2\/media?parent=494"}],"curies":[{"name":"wp","href":"https:\/\/api.w.org\/{rel}","templated":true}]}}