{"id":498,"date":"2025-12-13T15:12:58","date_gmt":"2025-12-13T14:12:58","guid":{"rendered":"https:\/\/kamme-lee.com\/?page_id=498"},"modified":"2026-01-22T21:13:48","modified_gmt":"2026-01-22T20:13:48","slug":"conference-room-video-systems","status":"publish","type":"page","link":"https:\/\/kamme-lee.com\/da\/conference-room-video-systems\/","title":{"rendered":"Konferencerums videosystemer"},"content":{"rendered":"<div class=\"wp-block-group alignfull has-global-padding is-layout-constrained wp-block-group-is-layout-constrained\">\n<p class=\"has-text-align-center has-custom-golden-color-color has-text-color has-link-color has-small-font-size wp-elements-ea177bbbe636ab0bfd3b3478f9dfa45e\">Videokonferencesystemer til M\u00f8delokaler<\/p>\n\n\n\n<h2 class=\"wp-block-heading has-text-align-center\"><strong><strong><strong><strong><strong><strong><strong><strong><strong><strong><strong>Problemfri videosamarbejde til moderne forretning<\/strong><\/strong><\/strong><\/strong><\/strong><\/strong><\/strong><\/strong><\/strong><\/strong><\/strong><\/h2>\n\n\n\n<p class=\"has-text-align-center\">I et hybridt og globalt forretningsmilj\u00f8 r\u00e6kker m\u00f8der langt ud over kontorets v\u00e6gge. Hos Kamme Lee Consulting hj\u00e6lper vi organisationer med at implementere videokonferencesystemer til m\u00f8delokaler, der leverer h\u00f8j videokvalitet og klar lyd til teamm\u00f8der, kundem\u00f8der og samarbejde p\u00e5 tv\u00e6rs af lokationer.<\/p>\n\n\n\n<p class=\"has-text-align-center\">Et m\u00f8delokalesystem skal underst\u00f8tte samarbejde \u2013 ikke skabe tekniske udfordringer.<\/p>\n\n\n\n<div class=\"wp-block-group alignfull has-global-padding is-layout-constrained wp-container-core-group-is-layout-c06d165c wp-block-group-is-layout-constrained\" style=\"padding-top:0;padding-right:0;padding-bottom:0;padding-left:0\">\n<div class=\"wp-block-columns alignfull has-medium-font-size is-layout-flex wp-container-core-columns-is-layout-290918d7 wp-block-columns-is-layout-flex\" style=\"margin-top:0;margin-bottom:0;padding-top:var(--wp--preset--spacing--20);padding-right:var(--wp--preset--spacing--30);padding-bottom:var(--wp--preset--spacing--20);padding-left:var(--wp--preset--spacing--30)\">\n<div class=\"wp-block-column has-base-2-background-color has-background is-layout-flow wp-block-column-is-layout-flow\" style=\"padding-top:0;padding-right:0;padding-bottom:0;padding-left:0\">\n<h3 class=\"wp-block-heading\"><strong>Hvorfor jeres virksomhed har brug for videokonferencesystemer til m\u00f8delokaler<\/strong><\/h3>\n\n\n\n<p>Styrk samarbejdet i teams, videokonferencesystemer til m\u00f8delokaler g\u00f8r det muligt for jeres teams at:<\/p>\n\n\n\n<ul class=\"wp-block-list\">\n<li>Afholde videom\u00f8der i realtid med kolleger \u2013 uanset lokation<\/li>\n\n\n\n<li>Dele indhold, pr\u00e6sentationer og dashboards \u00f8jeblikkeligt<\/li>\n\n\n\n<li>Samarbejde interaktivt p\u00e5 tv\u00e6rs af kontorer, remote teams og kunder<\/li>\n<\/ul>\n\n\n\n<p>Bedre synlighed og interaktion f\u00f8rer til hurtigere beslutninger og st\u00e6rkere engagement.<\/p>\n\n\n\n<hr class=\"wp-block-separator has-alpha-channel-opacity\"\/>\n<\/div>\n\n\n\n<div class=\"wp-block-column has-base-2-background-color has-background is-layout-flow wp-block-column-is-layout-flow\">\n<h3 class=\"wp-block-heading\"><strong>Lever professionelle kundeoplevelser<\/strong><\/h3>\n\n\n\n<p>F\u00f8rsteh\u00e5ndsindtryk betyder noget \u2013 ogs\u00e5 virtuelt, professionelle videosystemer leverer:<\/p>\n\n\n\n<ul class=\"wp-block-list\">\n<li>Krystalklar video og lyd til pr\u00e6sentationer og demoer<\/li>\n\n\n\n<li>Stabil performance under vigtige kundem\u00f8der<\/li>\n\n\n\n<li>Et professionelt udtryk, der skaber tryghed og tillid<\/li>\n<\/ul>\n\n\n\n<p>Jeres forretning kommunikerer trov\u00e6rdighed og professionalisme i hver eneste interaktion.<\/p>\n<\/div>\n\n\n\n<div class=\"wp-block-column has-base-2-background-color has-background is-layout-flow wp-block-column-is-layout-flow\">\n<h3 class=\"wp-block-heading\"><strong>Integration med moderne samarbejdsv\u00e6rkt\u00f8jer<\/strong><\/h3>\n\n\n\n<p>Videokonferencesystemer til m\u00f8delokaler integrerer problemfrit med:<\/p>\n\n\n\n<ul class=\"wp-block-list\">\n<li>Microsoft Teams, Zoom og andre samarbejdsplatforme<\/li>\n\n\n\n<li>Sk\u00e6rmdeling, interaktive whiteboards og samarbejdsapps<\/li>\n\n\n\n<li>Eksisterende IT-infrastruktur \u2013 herunder netv\u00e6rk og sikkerhed<\/li>\n<\/ul>\n\n\n\n<p>Jeres m\u00f8der bliver effektive, gnidningsfri og fuldt integrerede.<\/p>\n<\/div>\n<\/div>\n\n\n\n<div class=\"wp-block-columns alignfull is-layout-flex wp-container-core-columns-is-layout-c8bf6435 wp-block-columns-is-layout-flex\" style=\"padding-right:var(--wp--preset--spacing--30);padding-left:var(--wp--preset--spacing--30)\">\n<div class=\"wp-block-column has-base-2-background-color has-background is-layout-flow wp-block-column-is-layout-flow\">\n<h3 class=\"wp-block-heading\"><strong>P\u00e5lidelige, skalerbare og brugervenlige l\u00f8sninger<\/strong><\/h3>\n\n\n\n<p>Forretningsm\u00f8der kan ikke vente p\u00e5 tekniske problemer, professionelle videosystemer tilbyder:<\/p>\n\n\n\n<ul class=\"wp-block-list\">\n<li>Plug-and-play-ops\u00e6tning med minimal teknisk kompleksitet<\/li>\n\n\n\n<li>Skalerbare l\u00f8sninger til m\u00f8delokaler i alle st\u00f8rrelser<\/li>\n\n\n\n<li>Stabil og h\u00f8jtydende video og lyd til flere deltagere<\/li>\n<\/ul>\n\n\n\n<p>Jeres teams kan fokusere p\u00e5 m\u00f8deindholdet \u2013 ikke p\u00e5 fejlfinding.<\/p>\n<\/div>\n\n\n\n<div class=\"wp-block-column has-base-2-background-color has-background is-layout-flow wp-block-column-is-layout-flow\">\n<h3 class=\"wp-block-heading\"><strong>D<\/strong><strong>esignet til moderne m\u00f8delokaler<\/strong><\/h3>\n\n\n\n<p>Videokonferencesystemer til m\u00f8delokaler er ideelle til:<\/p>\n\n\n\n<ul class=\"wp-block-list\">\n<li>Ledelses- og teamm\u00f8der<\/li>\n\n\n\n<li>Kundem\u00f8der, pr\u00e6sentationer og demoer<\/li>\n\n\n\n<li>Tr\u00e6ning, webinars og workshops<\/li>\n\n\n\n<li>Hybride og remote samarbejdsmilj\u00f8er<\/li>\n<\/ul>\n\n\n\n<p>De forvandler ethvert m\u00f8delokale til et professionelt, forbundet arbejdsrum.<\/p>\n<\/div>\n\n\n\n<div class=\"wp-block-column has-base-2-background-color has-background is-layout-flow wp-block-column-is-layout-flow\">\n<h3 class=\"wp-block-heading\"><strong>Hvordan Kamme Lee Consulting hj\u00e6lper jer<\/strong> <strong>jer<\/strong><\/h3>\n\n\n\n<p>Hos Kamme Lee Consulting hj\u00e6lper vi jer med at:<\/p>\n\n\n\n<ul class=\"wp-block-list\">\n<li>Analysere behov og rumst\u00f8rrelser i jeres m\u00f8delokaler<\/li>\n\n\n\n<li>Designe integrerede videokonferencel\u00f8sninger<\/li>\n\n\n\n<li>V\u00e6lge kameraer, mikrofoner, displays og codecs i h\u00f8j kvalitet<\/li>\n\n\n\n<li>Konfigurere, installere og optimere systemer for performance og brugervenlighed<\/li>\n\n\n\n<li>Tr\u00e6ne medarbejdere og levere dokumentation for ensartet anvendelse<\/li>\n<\/ul>\n\n\n\n<p>Vi sikrer, at jeres m\u00f8delokaler leverer p\u00e5lidelige samarbejdsoplevelser i h\u00f8j kvalitet.<\/p>\n<\/div>\n<\/div>\n<\/div>\n\n\n\n<div class=\"wp-block-group has-global-padding is-layout-constrained wp-block-group-is-layout-constrained\">\n<div style=\"height:100px\" aria-hidden=\"true\" class=\"wp-block-spacer\"><\/div>\n\n\n\n<h2 class=\"wp-block-heading has-text-align-center has-contrast-color has-text-color has-link-color wp-elements-303611c89827aae27c6d49067acf0c89\"><strong>Klar til at <mark style=\"background-color:rgba(0, 0, 0, 0)\" class=\"has-inline-color has-custom-golden-color-color\">Transformere <\/mark>Jeres Virksomhed med Vores Ekspert Udstyrsl\u00f8sninger?<\/strong><\/h2>\n\n\n\n<p class=\"has-text-align-center\">Kontakt os for at sikre, at jeres teams har de rigtige v\u00e6rkt\u00f8jer ved h\u00e5nden, fuldt tilpasset jeres processer og m\u00e5l\u2014s\u00e5 de kan arbejde smartere, hurtigere og mere effektivt.<\/p>\n\n\n\n<div class=\"wp-block-buttons is-content-justification-center is-layout-flex wp-container-core-buttons-is-layout-a89b3969 wp-block-buttons-is-layout-flex\">\n<div class=\"wp-block-button\"><a class=\"wp-block-button__link has-contrast-color has-custom-golden-color-background-color has-text-color has-background has-link-color wp-element-button\" href=\"https:\/\/kamme-lee.com\/da\/contact-us\/\">Start Jeres Transformation -&gt;<\/a><\/div>\n\n\n\n<div class=\"wp-block-button\"><a class=\"wp-block-button__link wp-element-button\" href=\"https:\/\/kamme-lee.com\/da\/about-us\/\" style=\"padding-top:0.7rem;padding-right:var(--wp--preset--spacing--10);padding-bottom:0.7rem;padding-left:var(--wp--preset--spacing--10)\">Om Os<\/a><\/div>\n<\/div>\n\n\n\n<div style=\"height:100px\" aria-hidden=\"true\" class=\"wp-block-spacer\"><\/div>\n<\/div>\n<\/div>","protected":false},"excerpt":{"rendered":"<p>Conference Room Video Systems Seamless Video Collaboration for Modern Business In today\u2019s hybrid and global business environment, meetings extend beyond office walls. At Kamme Lee Consulting, we help organizations implement conference room video systems that deliver high-quality video and audio for team meetings, client presentations, and cross-location collaboration. A conference room system should enable collaboration, [&hellip;]<\/p>\n","protected":false},"author":1,"featured_media":0,"parent":0,"menu_order":0,"comment_status":"closed","ping_status":"closed","template":"","meta":{"footnotes":""},"class_list":["post-498","page","type-page","status-publish","hentry"],"yoast_head":"<!-- This site is optimized with the Yoast SEO plugin v27.4 - https:\/\/yoast.com\/product\/yoast-seo-wordpress\/ -->\n<title>Conference room video systems - Kamme Lee Consulting<\/title>\n<meta name=\"robots\" content=\"index, follow, max-snippet:-1, max-image-preview:large, max-video-preview:-1\" \/>\n<link rel=\"canonical\" href=\"https:\/\/kamme-lee.com\/da\/conference-room-video-systems\/\" \/>\n<meta property=\"og:locale\" content=\"da_DK\" \/>\n<meta property=\"og:type\" content=\"article\" \/>\n<meta property=\"og:title\" content=\"Conference room video systems - Kamme Lee Consulting\" \/>\n<meta property=\"og:description\" content=\"Conference Room Video Systems Seamless Video Collaboration for Modern Business In today\u2019s hybrid and global business environment, meetings extend beyond office walls. At Kamme Lee Consulting, we help organizations implement conference room video systems that deliver high-quality video and audio for team meetings, client presentations, and cross-location collaboration. A conference room system should enable collaboration, [&hellip;]\" \/>\n<meta property=\"og:url\" content=\"https:\/\/kamme-lee.com\/da\/conference-room-video-systems\/\" \/>\n<meta property=\"og:site_name\" content=\"Kamme Lee Consulting\" \/>\n<meta property=\"article:modified_time\" content=\"2026-01-22T20:13:48+00:00\" \/>\n<meta name=\"twitter:card\" content=\"summary_large_image\" \/>\n<meta name=\"twitter:label1\" content=\"Estimeret l\u00e6setid\" \/>\n\t<meta name=\"twitter:data1\" content=\"2 minutter\" \/>\n<script type=\"application\/ld+json\" class=\"yoast-schema-graph\">{\"@context\":\"https:\\\/\\\/schema.org\",\"@graph\":[{\"@type\":\"WebPage\",\"@id\":\"https:\\\/\\\/kamme-lee.com\\\/conference-room-video-systems\\\/\",\"url\":\"https:\\\/\\\/kamme-lee.com\\\/conference-room-video-systems\\\/\",\"name\":\"Conference room video systems - Kamme Lee Consulting\",\"isPartOf\":{\"@id\":\"https:\\\/\\\/kamme-lee.com\\\/#website\"},\"datePublished\":\"2025-12-13T14:12:58+00:00\",\"dateModified\":\"2026-01-22T20:13:48+00:00\",\"breadcrumb\":{\"@id\":\"https:\\\/\\\/kamme-lee.com\\\/conference-room-video-systems\\\/#breadcrumb\"},\"inLanguage\":\"da-DK\",\"potentialAction\":[{\"@type\":\"ReadAction\",\"target\":[\"https:\\\/\\\/kamme-lee.com\\\/conference-room-video-systems\\\/\"]}]},{\"@type\":\"BreadcrumbList\",\"@id\":\"https:\\\/\\\/kamme-lee.com\\\/conference-room-video-systems\\\/#breadcrumb\",\"itemListElement\":[{\"@type\":\"ListItem\",\"position\":1,\"name\":\"Home\",\"item\":\"https:\\\/\\\/kamme-lee.com\\\/\"},{\"@type\":\"ListItem\",\"position\":2,\"name\":\"Conference room video systems\"}]},{\"@type\":\"WebSite\",\"@id\":\"https:\\\/\\\/kamme-lee.com\\\/#website\",\"url\":\"https:\\\/\\\/kamme-lee.com\\\/\",\"name\":\"Kamme Lee Consulting\",\"description\":\"Kamme Lee Consulting is built on a simple idea: technology should make work easier \u2014 not more complicated. We help organizations modernize IT landscapes, optimize operations, and unlock measurable growth through smarter digital solutions.\",\"publisher\":{\"@id\":\"https:\\\/\\\/kamme-lee.com\\\/#organization\"},\"potentialAction\":[{\"@type\":\"SearchAction\",\"target\":{\"@type\":\"EntryPoint\",\"urlTemplate\":\"https:\\\/\\\/kamme-lee.com\\\/?s={search_term_string}\"},\"query-input\":{\"@type\":\"PropertyValueSpecification\",\"valueRequired\":true,\"valueName\":\"search_term_string\"}}],\"inLanguage\":\"da-DK\"},{\"@type\":\"Organization\",\"@id\":\"https:\\\/\\\/kamme-lee.com\\\/#organization\",\"name\":\"Kamme Lee Consulting\",\"url\":\"https:\\\/\\\/kamme-lee.com\\\/\",\"logo\":{\"@type\":\"ImageObject\",\"inLanguage\":\"da-DK\",\"@id\":\"https:\\\/\\\/kamme-lee.com\\\/#\\\/schema\\\/logo\\\/image\\\/\",\"url\":\"https:\\\/\\\/kamme-lee.com\\\/wp-content\\\/uploads\\\/2026\\\/01\\\/Website_FullLogo_Transparent_NoBuffer.png\",\"contentUrl\":\"https:\\\/\\\/kamme-lee.com\\\/wp-content\\\/uploads\\\/2026\\\/01\\\/Website_FullLogo_Transparent_NoBuffer.png\",\"width\":1280,\"height\":676,\"caption\":\"Kamme Lee Consulting\"},\"image\":{\"@id\":\"https:\\\/\\\/kamme-lee.com\\\/#\\\/schema\\\/logo\\\/image\\\/\"}}]}<\/script>\n<!-- \/ Yoast SEO plugin. -->","yoast_head_json":{"title":"Conference room video systems - Kamme Lee Consulting","robots":{"index":"index","follow":"follow","max-snippet":"max-snippet:-1","max-image-preview":"max-image-preview:large","max-video-preview":"max-video-preview:-1"},"canonical":"https:\/\/kamme-lee.com\/da\/conference-room-video-systems\/","og_locale":"da_DK","og_type":"article","og_title":"Conference room video systems - Kamme Lee Consulting","og_description":"Conference Room Video Systems Seamless Video Collaboration for Modern Business In today\u2019s hybrid and global business environment, meetings extend beyond office walls. At Kamme Lee Consulting, we help organizations implement conference room video systems that deliver high-quality video and audio for team meetings, client presentations, and cross-location collaboration. A conference room system should enable collaboration, [&hellip;]","og_url":"https:\/\/kamme-lee.com\/da\/conference-room-video-systems\/","og_site_name":"Kamme Lee Consulting","article_modified_time":"2026-01-22T20:13:48+00:00","twitter_card":"summary_large_image","twitter_misc":{"Estimeret l\u00e6setid":"2 minutter"},"schema":{"@context":"https:\/\/schema.org","@graph":[{"@type":"WebPage","@id":"https:\/\/kamme-lee.com\/conference-room-video-systems\/","url":"https:\/\/kamme-lee.com\/conference-room-video-systems\/","name":"Conference room video systems - Kamme Lee Consulting","isPartOf":{"@id":"https:\/\/kamme-lee.com\/#website"},"datePublished":"2025-12-13T14:12:58+00:00","dateModified":"2026-01-22T20:13:48+00:00","breadcrumb":{"@id":"https:\/\/kamme-lee.com\/conference-room-video-systems\/#breadcrumb"},"inLanguage":"da-DK","potentialAction":[{"@type":"ReadAction","target":["https:\/\/kamme-lee.com\/conference-room-video-systems\/"]}]},{"@type":"BreadcrumbList","@id":"https:\/\/kamme-lee.com\/conference-room-video-systems\/#breadcrumb","itemListElement":[{"@type":"ListItem","position":1,"name":"Home","item":"https:\/\/kamme-lee.com\/"},{"@type":"ListItem","position":2,"name":"Conference room video systems"}]},{"@type":"WebSite","@id":"https:\/\/kamme-lee.com\/#website","url":"https:\/\/kamme-lee.com\/","name":"Kamme Lee Consulting","description":"Kamme Lee Consulting er bygget p\u00e5 en simpel id\u00e9: teknologi skal g\u00f8re jeres arbejde lettere \u2014 ikke mere kompliceret. vi hj\u00e6lper organisationer med at modernisere deres IT-landskab, optimere driften og skabe m\u00e5lbar v\u00e6kst gennem smartere digitale l\u00f8sninger.","publisher":{"@id":"https:\/\/kamme-lee.com\/#organization"},"potentialAction":[{"@type":"SearchAction","target":{"@type":"EntryPoint","urlTemplate":"https:\/\/kamme-lee.com\/?s={search_term_string}"},"query-input":{"@type":"PropertyValueSpecification","valueRequired":true,"valueName":"search_term_string"}}],"inLanguage":"da-DK"},{"@type":"Organization","@id":"https:\/\/kamme-lee.com\/#organization","name":"Kamme Lee Consulting","url":"https:\/\/kamme-lee.com\/","logo":{"@type":"ImageObject","inLanguage":"da-DK","@id":"https:\/\/kamme-lee.com\/#\/schema\/logo\/image\/","url":"https:\/\/kamme-lee.com\/wp-content\/uploads\/2026\/01\/Website_FullLogo_Transparent_NoBuffer.png","contentUrl":"https:\/\/kamme-lee.com\/wp-content\/uploads\/2026\/01\/Website_FullLogo_Transparent_NoBuffer.png","width":1280,"height":676,"caption":"Kamme Lee Consulting"},"image":{"@id":"https:\/\/kamme-lee.com\/#\/schema\/logo\/image\/"}}]}},"jetpack_sharing_enabled":true,"brizy_media":[],"_links":{"self":[{"href":"https:\/\/kamme-lee.com\/da\/wp-json\/wp\/v2\/pages\/498","targetHints":{"allow":["GET"]}}],"collection":[{"href":"https:\/\/kamme-lee.com\/da\/wp-json\/wp\/v2\/pages"}],"about":[{"href":"https:\/\/kamme-lee.com\/da\/wp-json\/wp\/v2\/types\/page"}],"author":[{"embeddable":true,"href":"https:\/\/kamme-lee.com\/da\/wp-json\/wp\/v2\/users\/1"}],"replies":[{"embeddable":true,"href":"https:\/\/kamme-lee.com\/da\/wp-json\/wp\/v2\/comments?post=498"}],"version-history":[{"count":5,"href":"https:\/\/kamme-lee.com\/da\/wp-json\/wp\/v2\/pages\/498\/revisions"}],"predecessor-version":[{"id":2071,"href":"https:\/\/kamme-lee.com\/da\/wp-json\/wp\/v2\/pages\/498\/revisions\/2071"}],"wp:attachment":[{"href":"https:\/\/kamme-lee.com\/da\/wp-json\/wp\/v2\/media?parent=498"}],"curies":[{"name":"wp","href":"https:\/\/api.w.org\/{rel}","templated":true}]}}