{"id":500,"date":"2025-12-13T15:13:28","date_gmt":"2025-12-13T14:13:28","guid":{"rendered":"https:\/\/kamme-lee.com\/?page_id=500"},"modified":"2026-01-21T17:43:46","modified_gmt":"2026-01-21T16:43:46","slug":"secure-conferencing-platforms-microsoft-teams","status":"publish","type":"page","link":"https:\/\/kamme-lee.com\/da\/secure-conferencing-platforms-microsoft-teams\/","title":{"rendered":"Sikre konference platforme (Microsoft Teams)"},"content":{"rendered":"<div class=\"wp-block-group alignfull has-global-padding is-layout-constrained wp-block-group-is-layout-constrained\">\n<p class=\"has-text-align-center has-custom-golden-color-color has-text-color has-link-color has-small-font-size wp-elements-41903359038df052094c1647ee1a827f\">Sikre konference platforme (Microsoft Teams)<\/p>\n\n\n\n<h2 class=\"wp-block-heading has-text-align-center\"><strong><strong><strong><strong><strong><strong><strong><strong><strong><strong><strong><strong>Samarbejd sikkert \u2013 hvor som helst, n\u00e5r som helst<\/strong><\/strong><\/strong><\/strong><\/strong><\/strong><\/strong><\/strong><\/strong><\/strong><\/strong><\/strong><\/h2>\n\n\n\n<p class=\"has-text-align-center\">Moderne virksomheder er afh\u00e6ngige af at kunne kommunikere og samarbejde i realtid. Hos Kamme Lee Consulting hj\u00e6lper vi organisationer med at implementere sikre konference- og samarbejdsplatforme som Microsoft Teams, der effektiviserer m\u00f8der, muligg\u00f8r remote samarbejde og beskytter f\u00f8lsom forretningskommunikation.<\/p>\n\n\n\n<p class=\"has-text-align-center\">Sikkert samarbejde er ikke valgfrit \u2013 det er en forretningsm\u00e6ssig n\u00f8dvendighed.<\/p>\n\n\n\n<div class=\"wp-block-group alignfull has-global-padding is-layout-constrained wp-container-core-group-is-layout-c06d165c wp-block-group-is-layout-constrained\" style=\"padding-top:0;padding-right:0;padding-bottom:0;padding-left:0\">\n<div class=\"wp-block-columns alignfull has-medium-font-size is-layout-flex wp-container-core-columns-is-layout-290918d7 wp-block-columns-is-layout-flex\" style=\"margin-top:0;margin-bottom:0;padding-top:var(--wp--preset--spacing--20);padding-right:var(--wp--preset--spacing--30);padding-bottom:var(--wp--preset--spacing--20);padding-left:var(--wp--preset--spacing--30)\">\n<div class=\"wp-block-column has-base-2-background-color has-background is-layout-flow wp-block-column-is-layout-flow\" style=\"padding-top:0;padding-right:0;padding-bottom:0;padding-left:0\">\n<h3 class=\"wp-block-heading\"><strong>Hvorfor jeres virksomhed har brug for sikre konferenceplatforme<\/strong><\/h3>\n\n\n\n<p>Muligg\u00f8r problemfrit samarbejde, Microsoft Teams g\u00f8r det muligt for jeres teams at:<\/p>\n\n\n\n<ul class=\"wp-block-list\">\n<li>Afholde video- og lydm\u00f8der fra enhver lokation<\/li>\n\n\n\n<li>Dele filer, sk\u00e6rme og applikationer i realtid<\/li>\n\n\n\n<li>Samarbejde p\u00e5 tv\u00e6rs af afdelinger, kontorer og eksterne partnere<\/li>\n<\/ul>\n\n\n\n<p>Jeres teams forbliver produktive og forbundne \u2013 uanset hvor arbejdet foreg\u00e5r.<\/p>\n<\/div>\n\n\n\n<div class=\"wp-block-column has-base-2-background-color has-background is-layout-flow wp-block-column-is-layout-flow\">\n<h3 class=\"wp-block-heading\"><strong>Oprethold sikkerhed og compliance<\/strong><\/h3>\n\n\n\n<p>Remote kommunikation indeb\u00e6rer risiko, hvis den ikke h\u00e5ndteres korrekt.<\/p>\n\n\n\n<p>Microsoft Teams tilbyder:<\/p>\n\n\n\n<ul class=\"wp-block-list\">\n<li>End-to-end-krypterede opkald og m\u00f8der<\/li>\n\n\n\n<li>Adgangsstyring og sikker brugerautentificering<\/li>\n\n\n\n<li>Databeskyttelse i overensstemmelse med GDPR og andre regulativer<\/li>\n\n\n\n<li>Audit trails og logning af m\u00f8de- og dokumentaktivitet<\/li>\n<\/ul>\n\n\n\n<p>Sikkerhed sikrer, at jeres samarbejdsmilj\u00f8 er egnet til f\u00f8lsomme forretningsdata.<\/p>\n<\/div>\n\n\n\n<div class=\"wp-block-column has-base-2-background-color has-background is-layout-flow wp-block-column-is-layout-flow\">\n<h3 class=\"wp-block-heading\"><strong>\u00c9n central kommunikationsplatform<\/strong><\/h3>\n\n\n\n<p>Microsoft Teams samler flere v\u00e6rkt\u00f8jer i \u00e9t sikkert omdrejningspunkt:<\/p>\n\n\n\n<ul class=\"wp-block-list\">\n<li>Chat, video- og lydm\u00f8der<\/li>\n\n\n\n<li>Fildeling og dokumentbaseret samarbejde<\/li>\n\n\n\n<li>Integration med Microsoft 365 og tredjeparts forretningsapplikationer<\/li>\n<\/ul>\n\n\n\n<p>Det reducerer friktion og str\u00f8mliner arbejdsgange p\u00e5 tv\u00e6rs af organisationen.<\/p>\n<\/div>\n<\/div>\n\n\n\n<div class=\"wp-block-columns alignfull is-layout-flex wp-container-core-columns-is-layout-c8bf6435 wp-block-columns-is-layout-flex\" style=\"padding-right:var(--wp--preset--spacing--30);padding-left:var(--wp--preset--spacing--30)\">\n<div class=\"wp-block-column has-base-2-background-color has-background is-layout-flow wp-block-column-is-layout-flow\">\n<h3 class=\"wp-block-heading\"><strong>Skalerbar og driftssikker for enhver virksomhed<\/strong><\/h3>\n\n\n\n<p>Microsoft Teams vokser med jeres organisation.<\/p>\n\n\n\n<p>Platformen tilbyder:<\/p>\n\n\n\n<ul class=\"wp-block-list\">\n<li>Skalerbar kapacitet fra mindre teams til enterprise-organisationer<\/li>\n\n\n\n<li>H\u00f8j stabilitet og oppetid til forretningskritisk kommunikation<\/li>\n\n\n\n<li>Underst\u00f8ttelse af hybride, remote og multi-lokationsarbejdspladser<\/li>\n<\/ul>\n\n\n\n<p>Jeres forretning kan udvikle sig uden at skulle udskifte v\u00e6rkt\u00f8jer eller processer.<\/p>\n<\/div>\n\n\n\n<div class=\"wp-block-column has-base-2-background-color has-background is-layout-flow wp-block-column-is-layout-flow\">\n<h3 class=\"wp-block-heading\"><strong>Designet til moderne arbejdsmilj\u00f8er<\/strong><\/h3>\n\n\n\n<p>Sikre konferenceplatforme integrerer problemfrit med:<\/p>\n\n\n\n<ul class=\"wp-block-list\">\n<li>Cloud-baseret dokumentlagring og samarbejdsv\u00e6rkt\u00f8jer<\/li>\n\n\n\n<li>Professionelle webcams, mikrofoner og m\u00f8delokalesystemer<\/li>\n\n\n\n<li>Identitets- og adgangsstyringsinfrastruktur<\/li>\n\n\n\n<li>Netv\u00e6rks- og sikkerhedsl\u00f8sninger<\/li>\n<\/ul>\n\n\n\n<p>Microsoft Teams bliver et centralt omdrejningspunkt for sikkert og produktivt samarbejde.<\/p>\n<\/div>\n\n\n\n<div class=\"wp-block-column has-base-2-background-color has-background is-layout-flow wp-block-column-is-layout-flow\">\n<h3 class=\"wp-block-heading\"><strong>Hvordan Kamme Lee Consulting hj\u00e6lper jer<\/strong> <strong>jer<\/strong><\/h3>\n\n\n\n<p>Hos Kamme Lee Consulting hj\u00e6lper vi jer med at:<\/p>\n\n\n\n<ul class=\"wp-block-list\">\n<li>Udrulle Microsoft Teams p\u00e5 tv\u00e6rs af organisationen<\/li>\n\n\n\n<li>Konfigurere sikkerheds-, adgangs- og governance-politikker<\/li>\n\n\n\n<li>Integrere Teams med eksisterende IT- og samarbejdsinfrastruktur<\/li>\n\n\n\n<li>Levere tr\u00e6ning og dokumentation for effektiv anvendelse<\/li>\n\n\n\n<li>Underst\u00f8tte l\u00f8bende drift, optimering og best practices<\/li>\n<\/ul>\n\n\n\n<p>Vi sikrer, at jeres konferenceplatform underst\u00f8tter samarbejde \u2013 uden at g\u00e5 p\u00e5 kompromis med sikkerheden.<\/p>\n<\/div>\n<\/div>\n<\/div>\n\n\n\n<div class=\"wp-block-group has-global-padding is-layout-constrained wp-block-group-is-layout-constrained\">\n<div style=\"height:100px\" aria-hidden=\"true\" class=\"wp-block-spacer\"><\/div>\n\n\n\n<h2 class=\"wp-block-heading has-text-align-center has-contrast-color has-text-color has-link-color wp-elements-303611c89827aae27c6d49067acf0c89\"><strong>Klar til at <mark style=\"background-color:rgba(0, 0, 0, 0)\" class=\"has-inline-color has-custom-golden-color-color\">Transformere <\/mark>Jeres Virksomhed med Vores Ekspert Udstyrsl\u00f8sninger?<\/strong><\/h2>\n\n\n\n<p class=\"has-text-align-center\">Kontakt os for at sikre, at jeres teams har de rigtige v\u00e6rkt\u00f8jer ved h\u00e5nden, fuldt tilpasset jeres processer og m\u00e5l\u2014s\u00e5 de kan arbejde smartere, hurtigere og mere effektivt.<\/p>\n\n\n\n<div class=\"wp-block-buttons is-content-justification-center is-layout-flex wp-container-core-buttons-is-layout-a89b3969 wp-block-buttons-is-layout-flex\">\n<div class=\"wp-block-button\"><a class=\"wp-block-button__link has-contrast-color has-custom-golden-color-background-color has-text-color has-background has-link-color wp-element-button\" href=\"https:\/\/kamme-lee.com\/da\/contact-us\/\">Start Jeres Transformation -&gt;<\/a><\/div>\n\n\n\n<div class=\"wp-block-button\"><a class=\"wp-block-button__link wp-element-button\" href=\"https:\/\/kamme-lee.com\/da\/about-us\/\" style=\"padding-top:0.7rem;padding-right:var(--wp--preset--spacing--10);padding-bottom:0.7rem;padding-left:var(--wp--preset--spacing--10)\">Om Os<\/a><\/div>\n<\/div>\n\n\n\n<div style=\"height:100px\" aria-hidden=\"true\" class=\"wp-block-spacer\"><\/div>\n<\/div>\n<\/div>","protected":false},"excerpt":{"rendered":"<p>Secure conferencing platforms (Microsoft Teams) Collaborate Safely, Anywhere, Anytime Modern businesses rely on real-time communication and collaboration. At Kamme Lee Consulting, we help organizations implement secure conferencing platforms like Microsoft Teams to streamline meetings, enable remote teamwork, and protect sensitive business communications. Secure collaboration is not optional \u2014 it\u2019s a business necessity. Why Your Business [&hellip;]<\/p>\n","protected":false},"author":1,"featured_media":0,"parent":0,"menu_order":0,"comment_status":"closed","ping_status":"closed","template":"","meta":{"footnotes":""},"class_list":["post-500","page","type-page","status-publish","hentry"],"yoast_head":"<!-- This site is optimized with the Yoast SEO plugin v27.4 - https:\/\/yoast.com\/product\/yoast-seo-wordpress\/ -->\n<title>Secure conferencing platforms (Microsoft Teams) - Kamme Lee Consulting<\/title>\n<meta name=\"robots\" content=\"index, follow, max-snippet:-1, max-image-preview:large, max-video-preview:-1\" \/>\n<link rel=\"canonical\" href=\"https:\/\/kamme-lee.com\/da\/secure-conferencing-platforms-microsoft-teams\/\" \/>\n<meta property=\"og:locale\" content=\"da_DK\" \/>\n<meta property=\"og:type\" content=\"article\" \/>\n<meta property=\"og:title\" content=\"Secure conferencing platforms (Microsoft Teams) - Kamme Lee Consulting\" \/>\n<meta property=\"og:description\" content=\"Secure conferencing platforms (Microsoft Teams) Collaborate Safely, Anywhere, Anytime Modern businesses rely on real-time communication and collaboration. At Kamme Lee Consulting, we help organizations implement secure conferencing platforms like Microsoft Teams to streamline meetings, enable remote teamwork, and protect sensitive business communications. Secure collaboration is not optional \u2014 it\u2019s a business necessity. Why Your Business [&hellip;]\" \/>\n<meta property=\"og:url\" content=\"https:\/\/kamme-lee.com\/da\/secure-conferencing-platforms-microsoft-teams\/\" \/>\n<meta property=\"og:site_name\" content=\"Kamme Lee Consulting\" \/>\n<meta property=\"article:modified_time\" content=\"2026-01-21T16:43:46+00:00\" \/>\n<meta name=\"twitter:card\" content=\"summary_large_image\" \/>\n<meta name=\"twitter:label1\" content=\"Estimeret l\u00e6setid\" \/>\n\t<meta name=\"twitter:data1\" content=\"2 minutter\" \/>\n<script type=\"application\/ld+json\" class=\"yoast-schema-graph\">{\"@context\":\"https:\\\/\\\/schema.org\",\"@graph\":[{\"@type\":\"WebPage\",\"@id\":\"https:\\\/\\\/kamme-lee.com\\\/secure-conferencing-platforms-microsoft-teams\\\/\",\"url\":\"https:\\\/\\\/kamme-lee.com\\\/secure-conferencing-platforms-microsoft-teams\\\/\",\"name\":\"Secure conferencing platforms (Microsoft Teams) - Kamme Lee Consulting\",\"isPartOf\":{\"@id\":\"https:\\\/\\\/kamme-lee.com\\\/#website\"},\"datePublished\":\"2025-12-13T14:13:28+00:00\",\"dateModified\":\"2026-01-21T16:43:46+00:00\",\"breadcrumb\":{\"@id\":\"https:\\\/\\\/kamme-lee.com\\\/secure-conferencing-platforms-microsoft-teams\\\/#breadcrumb\"},\"inLanguage\":\"da-DK\",\"potentialAction\":[{\"@type\":\"ReadAction\",\"target\":[\"https:\\\/\\\/kamme-lee.com\\\/secure-conferencing-platforms-microsoft-teams\\\/\"]}]},{\"@type\":\"BreadcrumbList\",\"@id\":\"https:\\\/\\\/kamme-lee.com\\\/secure-conferencing-platforms-microsoft-teams\\\/#breadcrumb\",\"itemListElement\":[{\"@type\":\"ListItem\",\"position\":1,\"name\":\"Home\",\"item\":\"https:\\\/\\\/kamme-lee.com\\\/\"},{\"@type\":\"ListItem\",\"position\":2,\"name\":\"Secure conferencing platforms (Microsoft Teams)\"}]},{\"@type\":\"WebSite\",\"@id\":\"https:\\\/\\\/kamme-lee.com\\\/#website\",\"url\":\"https:\\\/\\\/kamme-lee.com\\\/\",\"name\":\"Kamme Lee Consulting\",\"description\":\"Kamme Lee Consulting is built on a simple idea: technology should make work easier \u2014 not more complicated. We help organizations modernize IT landscapes, optimize operations, and unlock measurable growth through smarter digital solutions.\",\"publisher\":{\"@id\":\"https:\\\/\\\/kamme-lee.com\\\/#organization\"},\"potentialAction\":[{\"@type\":\"SearchAction\",\"target\":{\"@type\":\"EntryPoint\",\"urlTemplate\":\"https:\\\/\\\/kamme-lee.com\\\/?s={search_term_string}\"},\"query-input\":{\"@type\":\"PropertyValueSpecification\",\"valueRequired\":true,\"valueName\":\"search_term_string\"}}],\"inLanguage\":\"da-DK\"},{\"@type\":\"Organization\",\"@id\":\"https:\\\/\\\/kamme-lee.com\\\/#organization\",\"name\":\"Kamme Lee Consulting\",\"url\":\"https:\\\/\\\/kamme-lee.com\\\/\",\"logo\":{\"@type\":\"ImageObject\",\"inLanguage\":\"da-DK\",\"@id\":\"https:\\\/\\\/kamme-lee.com\\\/#\\\/schema\\\/logo\\\/image\\\/\",\"url\":\"https:\\\/\\\/kamme-lee.com\\\/wp-content\\\/uploads\\\/2026\\\/01\\\/Website_FullLogo_Transparent_NoBuffer.png\",\"contentUrl\":\"https:\\\/\\\/kamme-lee.com\\\/wp-content\\\/uploads\\\/2026\\\/01\\\/Website_FullLogo_Transparent_NoBuffer.png\",\"width\":1280,\"height\":676,\"caption\":\"Kamme Lee Consulting\"},\"image\":{\"@id\":\"https:\\\/\\\/kamme-lee.com\\\/#\\\/schema\\\/logo\\\/image\\\/\"}}]}<\/script>\n<!-- \/ Yoast SEO plugin. -->","yoast_head_json":{"title":"Secure conferencing platforms (Microsoft Teams) - Kamme Lee Consulting","robots":{"index":"index","follow":"follow","max-snippet":"max-snippet:-1","max-image-preview":"max-image-preview:large","max-video-preview":"max-video-preview:-1"},"canonical":"https:\/\/kamme-lee.com\/da\/secure-conferencing-platforms-microsoft-teams\/","og_locale":"da_DK","og_type":"article","og_title":"Secure conferencing platforms (Microsoft Teams) - Kamme Lee Consulting","og_description":"Secure conferencing platforms (Microsoft Teams) Collaborate Safely, Anywhere, Anytime Modern businesses rely on real-time communication and collaboration. At Kamme Lee Consulting, we help organizations implement secure conferencing platforms like Microsoft Teams to streamline meetings, enable remote teamwork, and protect sensitive business communications. Secure collaboration is not optional \u2014 it\u2019s a business necessity. Why Your Business [&hellip;]","og_url":"https:\/\/kamme-lee.com\/da\/secure-conferencing-platforms-microsoft-teams\/","og_site_name":"Kamme Lee Consulting","article_modified_time":"2026-01-21T16:43:46+00:00","twitter_card":"summary_large_image","twitter_misc":{"Estimeret l\u00e6setid":"2 minutter"},"schema":{"@context":"https:\/\/schema.org","@graph":[{"@type":"WebPage","@id":"https:\/\/kamme-lee.com\/secure-conferencing-platforms-microsoft-teams\/","url":"https:\/\/kamme-lee.com\/secure-conferencing-platforms-microsoft-teams\/","name":"Secure conferencing platforms (Microsoft Teams) - Kamme Lee Consulting","isPartOf":{"@id":"https:\/\/kamme-lee.com\/#website"},"datePublished":"2025-12-13T14:13:28+00:00","dateModified":"2026-01-21T16:43:46+00:00","breadcrumb":{"@id":"https:\/\/kamme-lee.com\/secure-conferencing-platforms-microsoft-teams\/#breadcrumb"},"inLanguage":"da-DK","potentialAction":[{"@type":"ReadAction","target":["https:\/\/kamme-lee.com\/secure-conferencing-platforms-microsoft-teams\/"]}]},{"@type":"BreadcrumbList","@id":"https:\/\/kamme-lee.com\/secure-conferencing-platforms-microsoft-teams\/#breadcrumb","itemListElement":[{"@type":"ListItem","position":1,"name":"Home","item":"https:\/\/kamme-lee.com\/"},{"@type":"ListItem","position":2,"name":"Secure conferencing platforms (Microsoft Teams)"}]},{"@type":"WebSite","@id":"https:\/\/kamme-lee.com\/#website","url":"https:\/\/kamme-lee.com\/","name":"Kamme Lee Consulting","description":"Kamme Lee Consulting er bygget p\u00e5 en simpel id\u00e9: teknologi skal g\u00f8re jeres arbejde lettere \u2014 ikke mere kompliceret. vi hj\u00e6lper organisationer med at modernisere deres IT-landskab, optimere driften og skabe m\u00e5lbar v\u00e6kst gennem smartere digitale l\u00f8sninger.","publisher":{"@id":"https:\/\/kamme-lee.com\/#organization"},"potentialAction":[{"@type":"SearchAction","target":{"@type":"EntryPoint","urlTemplate":"https:\/\/kamme-lee.com\/?s={search_term_string}"},"query-input":{"@type":"PropertyValueSpecification","valueRequired":true,"valueName":"search_term_string"}}],"inLanguage":"da-DK"},{"@type":"Organization","@id":"https:\/\/kamme-lee.com\/#organization","name":"Kamme Lee Consulting","url":"https:\/\/kamme-lee.com\/","logo":{"@type":"ImageObject","inLanguage":"da-DK","@id":"https:\/\/kamme-lee.com\/#\/schema\/logo\/image\/","url":"https:\/\/kamme-lee.com\/wp-content\/uploads\/2026\/01\/Website_FullLogo_Transparent_NoBuffer.png","contentUrl":"https:\/\/kamme-lee.com\/wp-content\/uploads\/2026\/01\/Website_FullLogo_Transparent_NoBuffer.png","width":1280,"height":676,"caption":"Kamme Lee Consulting"},"image":{"@id":"https:\/\/kamme-lee.com\/#\/schema\/logo\/image\/"}}]}},"jetpack_sharing_enabled":true,"brizy_media":[],"_links":{"self":[{"href":"https:\/\/kamme-lee.com\/da\/wp-json\/wp\/v2\/pages\/500","targetHints":{"allow":["GET"]}}],"collection":[{"href":"https:\/\/kamme-lee.com\/da\/wp-json\/wp\/v2\/pages"}],"about":[{"href":"https:\/\/kamme-lee.com\/da\/wp-json\/wp\/v2\/types\/page"}],"author":[{"embeddable":true,"href":"https:\/\/kamme-lee.com\/da\/wp-json\/wp\/v2\/users\/1"}],"replies":[{"embeddable":true,"href":"https:\/\/kamme-lee.com\/da\/wp-json\/wp\/v2\/comments?post=500"}],"version-history":[{"count":5,"href":"https:\/\/kamme-lee.com\/da\/wp-json\/wp\/v2\/pages\/500\/revisions"}],"predecessor-version":[{"id":2054,"href":"https:\/\/kamme-lee.com\/da\/wp-json\/wp\/v2\/pages\/500\/revisions\/2054"}],"wp:attachment":[{"href":"https:\/\/kamme-lee.com\/da\/wp-json\/wp\/v2\/media?parent=500"}],"curies":[{"name":"wp","href":"https:\/\/api.w.org\/{rel}","templated":true}]}}